{"id":3420,"date":"2022-01-31T08:04:54","date_gmt":"2022-01-31T06:04:54","guid":{"rendered":"https:\/\/retkilemi.fi\/?post_type=product&#038;p=3420"},"modified":"2024-04-16T11:32:42","modified_gmt":"2024-04-16T08:32:42","slug":"kamu-shampoo-hoiva-350ml","status":"publish","type":"product","link":"https:\/\/retkilemi.fi\/?product=kamu-shampoo-hoiva-350ml","title":{"rendered":"KAMU Shampoo, Hoiva 350ml"},"content":{"rendered":"<p>KAMU Hoiva shampoo soveltuu erityisesti kuivalle ja kutisevalle iholle. Hell\u00e4varainen ja ravitseva shampoo sis\u00e4lt\u00e4\u00e4 eteerisi\u00e4 sitruunaa, sitruunaruohoa ja hunajaa, jotka yhdess\u00e4 rauhoittavat \u00e4rtynytt\u00e4 lemmikin ihoa. Tuote yll\u00e4pit\u00e4\u00e4 turkin luonnollista karkeutta, antaen kuitenkin upean, luonnollisen kiillon. Shampoo saa lemmikin tuoksumaan hurmaavan raikkaalta ja puhtaalta. Shampoon teho perustuu luonnollisiin oliivi- ja kookostensideihin, joiden teht\u00e4v\u00e4n\u00e4 on parantaa veden kostutuskyky\u00e4 sek\u00e4 est\u00e4\u00e4 s\u00e4hk\u00f6isyytt\u00e4. Shampoo vaahdottuu sopivasti, mik\u00e4 tekee lemmikin pesemisest\u00e4 helppoa.<br \/>\nKAMU Hoiva shampoo soveltuu sek\u00e4 pitk\u00e4lle ett\u00e4 lyhyelle turkille, karkealle ja kiilt\u00e4v\u00e4lle turkille. Tuote neutraloi eritt\u00e4in tehokkaasti pahoja hajuja, peitt\u00e4m\u00e4tt\u00e4 kuitenkaan lemmikkisi omaa tuoksua. Shampoossa k\u00e4ytetty hunaja rauhoittaa herkk\u00e4\u00e4 ihoa ja tuo helpotusta lemmikin kutinaan.<\/p>\n<p>Luonnollinen KAMU on kotimainen lemmikkiperheen pelastaja. KAMU -sarjan tuotteilla puhdistaminen tapahtuu tehokkaasti, muttei kuitenkaan &#8221;liian&#8221; tehokkaasti. Lemmikillesi sen oma tuoksu on nimitt\u00e4in eritt\u00e4in t\u00e4rke\u00e4 ja liian voimakkaat puhdistusaineet saattavat \u00e4rsytt\u00e4\u00e4 lemmikin herkk\u00e4\u00e4 hajuaistia tai ihoa, aiheuttaen esimerkiksi aivastelua ja kutinaa. Oman tuoksun katoaminen on lemmikille my\u00f6s luonnoton tila ja oma tuoksu on saatava takaisin keinolla mill\u00e4 hyv\u00e4ns\u00e4 &#8211; esimerkiksi mutalammikossa kierim\u00e4ll\u00e4.<br \/>\nSen lis\u00e4ksi, ett\u00e4 tarjoat kamullesi parasta, on tuotesarja sit\u00e4 my\u00f6s ymp\u00e4rist\u00f6lle, sill\u00e4 se on valmistettu Suomessa luonnollisista raaka-aineista! Tuote on t\u00e4ysin biohajoava, mik\u00e4 tekee siit\u00e4 hell\u00e4n ja turvallisen sek\u00e4 k\u00e4ytt\u00e4jille ett\u00e4 luonnolle.<\/p>\n<p><b>K\u00e4ytt\u00f6:<\/b><br \/>\nTuote soveltuu esimerkiksi kissoille, koirille, marsuille ja hevosille.<br \/>\nKastele lemmikin turkki l\u00e4mp\u00f6isell\u00e4 vedell\u00e4 ja hiero shampoo turkkiin tasaisesti.<br \/>\n&lt; Huuhtele lemmikki huolellisesti.<br \/>\n<b>Laimennus:<\/b><br \/>\n1:1-4.<br \/>\n<b>Ainesosat:<\/b><br \/>\nAnioniset tensidit 5-15%, natriumbentsoaatti, hunaja, malabarinsitrushein\u00e4\u00f6ljy, sitruuna\u00f6ljy.<br \/>\n<b>pH 6,5.<\/b><br \/>\n<b>Pakkauskoko:<\/b><br \/>\n350 ml.<br \/>\n<b>Valmistusmaa:<\/b><br \/>\nSuomi.<\/p>\n","protected":false},"excerpt":{"rendered":"<p>Ihoa ja mielt\u00e4 rauhoittava KAMU soveltuu kissoille, koirille, marsuille ja hevosille.<\/p>\n","protected":false},"featured_media":3421,"comment_status":"open","ping_status":"closed","template":"","meta":{"inline_featured_image":false},"product_brand":[],"product_cat":[519],"product_tag":[392],"class_list":{"0":"post-3420","1":"product","2":"type-product","3":"status-publish","4":"has-post-thumbnail","6":"product_cat-turkin-hoito","7":"product_tag-shampoo","9":"first","10":"instock","11":"taxable","12":"shipping-taxable","13":"purchasable","14":"product-type-simple"},"_links":{"self":[{"href":"https:\/\/retkilemi.fi\/index.php?rest_route=\/wp\/v2\/product\/3420","targetHints":{"allow":["GET"]}}],"collection":[{"href":"https:\/\/retkilemi.fi\/index.php?rest_route=\/wp\/v2\/product"}],"about":[{"href":"https:\/\/retkilemi.fi\/index.php?rest_route=\/wp\/v2\/types\/product"}],"replies":[{"embeddable":true,"href":"https:\/\/retkilemi.fi\/index.php?rest_route=%2Fwp%2Fv2%2Fcomments&post=3420"}],"wp:featuredmedia":[{"embeddable":true,"href":"https:\/\/retkilemi.fi\/index.php?rest_route=\/wp\/v2\/media\/3421"}],"wp:attachment":[{"href":"https:\/\/retkilemi.fi\/index.php?rest_route=%2Fwp%2Fv2%2Fmedia&parent=3420"}],"wp:term":[{"taxonomy":"product_brand","embeddable":true,"href":"https:\/\/retkilemi.fi\/index.php?rest_route=%2Fwp%2Fv2%2Fproduct_brand&post=3420"},{"taxonomy":"product_cat","embeddable":true,"href":"https:\/\/retkilemi.fi\/index.php?rest_route=%2Fwp%2Fv2%2Fproduct_cat&post=3420"},{"taxonomy":"product_tag","embeddable":true,"href":"https:\/\/retkilemi.fi\/index.php?rest_route=%2Fwp%2Fv2%2Fproduct_tag&post=3420"}],"curies":[{"name":"wp","href":"https:\/\/api.w.org\/{rel}","templated":true}]}}