{"id":3455,"date":"2022-04-07T07:59:59","date_gmt":"2022-04-07T04:59:59","guid":{"rendered":"https:\/\/retkilemi.fi\/?post_type=product&#038;p=3455"},"modified":"2024-02-22T16:05:59","modified_gmt":"2024-02-22T14:05:59","slug":"ruti-rex-koirankopinpehmike","status":"publish","type":"product","link":"https:\/\/retkilemi.fi\/?product=ruti-rex-koirankopinpehmike","title":{"rendered":"Ruti-Rex -koirankopinpehmike"},"content":{"rendered":"<p>Luonnollinen ja puhdas pehmuste koirankoppiin. M\u00e4ntykuitu kest\u00e4\u00e4 pitk\u00e4\u00e4n katkeilematta ja pysyy hyvin kopin puolella. Poistaa tehokkaasti kosteutta, on riittoisa ja raikkaan puuntuoksuinen. Toimii mainiona eristeen\u00e4 ul\u00c2\u00adkokopeissa ja ehk\u00e4isee kovettumien synty\u00e4. Ruti-Rex on k\u00e4yt\u00f6ss\u00e4 hyv\u00e4ksi havaittu ja sill\u00e4 on laaja k\u00e4ytt\u00e4j\u00e4kunta. Materiaalin voi h\u00e4vitt\u00e4\u00e4 polttamalla tai kom\u00c2\u00adpostoimalla. P\u00f6ly\u00e4m\u00e4t\u00f6n. Paalin paino on n. 10 kg.<\/p>\n","protected":false},"excerpt":{"rendered":"<p>Luonnollinen ja puhdas pehmuste koirankoppiin. M\u00e4ntykuitu kest\u00e4\u00e4 pitk\u00e4\u00e4n katkeilematta ja pysyy hyvin kopin puolella. Poistaa tehokkaasti kosteutta, on riittoisa ja raikkaan puuntuoksuinen. Toimii mainiona eristeen\u00e4 ul\u00c2\u00adkokopeissa ja ehk\u00e4isee kovettumien synty\u00e4. Ruti-Rex on k\u00e4yt\u00f6ss\u00e4 hyv\u00e4ksi havaittu ja sill\u00e4 on laaja k\u00e4ytt\u00e4j\u00e4kunta. Materiaalin voi h\u00e4vitt\u00e4\u00e4 polttamalla tai kom\u00c2\u00adpostoimalla. P\u00f6ly\u00e4m\u00e4t\u00f6n. Paalin paino on n. 10 kg.<\/p>\n","protected":false},"featured_media":3456,"comment_status":"open","ping_status":"closed","template":"","meta":{"inline_featured_image":false},"product_brand":[],"product_cat":[352,386],"product_tag":[399],"class_list":{"0":"post-3455","1":"product","2":"type-product","3":"status-publish","4":"has-post-thumbnail","6":"product_cat-kopit","7":"product_cat-koti-ja-asuminen","8":"product_tag-kuivike","10":"first","11":"instock","12":"taxable","13":"shipping-taxable","14":"purchasable","15":"product-type-simple"},"_links":{"self":[{"href":"https:\/\/retkilemi.fi\/index.php?rest_route=\/wp\/v2\/product\/3455","targetHints":{"allow":["GET"]}}],"collection":[{"href":"https:\/\/retkilemi.fi\/index.php?rest_route=\/wp\/v2\/product"}],"about":[{"href":"https:\/\/retkilemi.fi\/index.php?rest_route=\/wp\/v2\/types\/product"}],"replies":[{"embeddable":true,"href":"https:\/\/retkilemi.fi\/index.php?rest_route=%2Fwp%2Fv2%2Fcomments&post=3455"}],"wp:featuredmedia":[{"embeddable":true,"href":"https:\/\/retkilemi.fi\/index.php?rest_route=\/wp\/v2\/media\/3456"}],"wp:attachment":[{"href":"https:\/\/retkilemi.fi\/index.php?rest_route=%2Fwp%2Fv2%2Fmedia&parent=3455"}],"wp:term":[{"taxonomy":"product_brand","embeddable":true,"href":"https:\/\/retkilemi.fi\/index.php?rest_route=%2Fwp%2Fv2%2Fproduct_brand&post=3455"},{"taxonomy":"product_cat","embeddable":true,"href":"https:\/\/retkilemi.fi\/index.php?rest_route=%2Fwp%2Fv2%2Fproduct_cat&post=3455"},{"taxonomy":"product_tag","embeddable":true,"href":"https:\/\/retkilemi.fi\/index.php?rest_route=%2Fwp%2Fv2%2Fproduct_tag&post=3455"}],"curies":[{"name":"wp","href":"https:\/\/api.w.org\/{rel}","templated":true}]}}