{"id":3457,"date":"2022-04-08T07:32:54","date_gmt":"2022-04-08T04:32:54","guid":{"rendered":"https:\/\/retkilemi.fi\/?post_type=product&#038;p=3457"},"modified":"2023-10-16T14:59:08","modified_gmt":"2023-10-16T11:59:08","slug":"15kg-valio-active-30-20","status":"publish","type":"product","link":"https:\/\/retkilemi.fi\/?product=15kg-valio-active-30-20","title":{"rendered":"15kg VALIO Active 30\/20"},"content":{"rendered":"<p>Valio Active on erinomainen koiranruoka kaikista aktiivisimmille koirille. Se sis\u00e4lt\u00e4\u00e4 parhaan yhdistelm\u00e4n proteiineja, hiilihydraatteja sek\u00e4 rasvoja pitk\u00e4kestoisen rasitustilan vaatiman energiatarpeen saavuttamiseksi sek\u00e4 ihanteellisen aminohappotasapainon ja maksimaalisen suorituskyvyn yll\u00e4pit\u00e4miseksi.<\/p>\n<p>Keskeiset ominaisuudet:<\/p>\n<p>&#8211; Aktiivisen koiran ruoka maksimaaliseen ja pitk\u00e4kestoiseen suorituskykyyn.<br \/>\n&#8211; T\u00e4ysin vehn\u00e4t\u00f6n koirien t\u00e4ysravinto.<br \/>\n&#8211; Paras yhdistelm\u00e4 elint\u00e4rkeit\u00e4 vitamiineja ja hivenaineita.<br \/>\n&#8211; Valmistuksessa on k\u00e4ytetty korkealaatuisia, tuoreita ja puhtaita raaka-aineita.<br \/>\n&#8211; Optimaalinen rasva-, hiilihydraatti- ja proteiinipitoisuus.<\/p>\n<p>VALMISTUSAINEET: Kuivattua kananlihaa, maissia, ohraa, riisi\u00e4, juurikaskuitua, pellavansiement\u00e4, inuliinia, \u00f6ljyj\u00e4 ja rasvoja, mineraaleja.<\/p>\n<p>RAVINTOSIS\u00c4LT\u00d6: Proteiinipitoisuus 30,0 %, rasvapitoisuus 20,0 %, kuitupitoisuus 3,0 %, tuhkapitoisuus 6,5 %, kosteuspitoisuus 9,0 %, kalsiumpitoisuus 1,4 %, fosforipitoisuus 1,0 %.<\/p>\n<p>RAVITSEMUKSELLISET LIS\u00c4AINEET: A-vitamiini (E672) 15 000 KY\/kg, D3-vitamiini (E671) 1 500 KY\/kg, E-vitamiini (all-rac-alfatokoferyyliasetaatti) 60 mg\/kg, C-vitamiini (askorbyylifosfaatti) 20 mg\/kg, E1 50 mg\/kg, E2 1,5 mg\/kg, E4 5 mg\/kg, E5 35 mg\/kg, E6 65 mg\/kg.<\/p>\n<p>Metabolinen energia (muuntokelpoinen energia): 445,2 kcal \/ 100 g<\/p>\n<p>RUOKINTASUOSITUKSET:<\/p>\n<table border=\"1\">\n<tbody>\n<tr>\n<td>Koiran paino \/ kg \u00c2<\/td>\n<td>P\u00e4ivitt\u00e4inen annos \/ g<\/td>\n<\/tr>\n<tr>\n<td>1-5<\/td>\n<td>30-100<\/td>\n<\/tr>\n<tr>\n<td>5-10<\/td>\n<td>100-165<\/td>\n<\/tr>\n<tr>\n<td>10-20<\/td>\n<td>165-270<\/td>\n<\/tr>\n<tr>\n<td>20-40<\/td>\n<td>270-455<\/td>\n<\/tr>\n<tr>\n<td>40-65<\/td>\n<td>455-645<\/td>\n<\/tr>\n<tr>\n<td>65-<\/td>\n<td>645-720<\/td>\n<\/tr>\n<\/tbody>\n<\/table>\n","protected":false},"excerpt":{"rendered":"<p>&nbsp;<\/p>\n<p>15Kg s\u00e4kki<\/p>\n","protected":false},"featured_media":3458,"comment_status":"open","ping_status":"closed","template":"","meta":{"inline_featured_image":false},"product_brand":[],"product_cat":[309],"product_tag":[326,324,323,400],"class_list":{"0":"post-3457","1":"product","2":"type-product","3":"status-publish","4":"has-post-thumbnail","6":"product_cat-koiranruoka","7":"product_tag-kuivaruoka","8":"product_tag-nappula","9":"product_tag-ruoka","10":"product_tag-valio","12":"first","13":"outofstock","14":"taxable","15":"shipping-taxable","16":"purchasable","17":"product-type-simple"},"_links":{"self":[{"href":"https:\/\/retkilemi.fi\/index.php?rest_route=\/wp\/v2\/product\/3457","targetHints":{"allow":["GET"]}}],"collection":[{"href":"https:\/\/retkilemi.fi\/index.php?rest_route=\/wp\/v2\/product"}],"about":[{"href":"https:\/\/retkilemi.fi\/index.php?rest_route=\/wp\/v2\/types\/product"}],"replies":[{"embeddable":true,"href":"https:\/\/retkilemi.fi\/index.php?rest_route=%2Fwp%2Fv2%2Fcomments&post=3457"}],"wp:featuredmedia":[{"embeddable":true,"href":"https:\/\/retkilemi.fi\/index.php?rest_route=\/wp\/v2\/media\/3458"}],"wp:attachment":[{"href":"https:\/\/retkilemi.fi\/index.php?rest_route=%2Fwp%2Fv2%2Fmedia&parent=3457"}],"wp:term":[{"taxonomy":"product_brand","embeddable":true,"href":"https:\/\/retkilemi.fi\/index.php?rest_route=%2Fwp%2Fv2%2Fproduct_brand&post=3457"},{"taxonomy":"product_cat","embeddable":true,"href":"https:\/\/retkilemi.fi\/index.php?rest_route=%2Fwp%2Fv2%2Fproduct_cat&post=3457"},{"taxonomy":"product_tag","embeddable":true,"href":"https:\/\/retkilemi.fi\/index.php?rest_route=%2Fwp%2Fv2%2Fproduct_tag&post=3457"}],"curies":[{"name":"wp","href":"https:\/\/api.w.org\/{rel}","templated":true}]}}