{"id":3459,"date":"2022-04-08T07:41:33","date_gmt":"2022-04-08T04:41:33","guid":{"rendered":"https:\/\/retkilemi.fi\/?post_type=product&#038;p=3459"},"modified":"2023-03-25T17:11:13","modified_gmt":"2023-03-25T15:11:13","slug":"15kg-valio-extra-energy-puriste-28-16","status":"publish","type":"product","link":"https:\/\/retkilemi.fi\/?product=15kg-valio-extra-energy-puriste-28-16","title":{"rendered":"15kg VALIO Extra Energy Puriste 28\/16"},"content":{"rendered":"<p>Valio Puriste Extra Energy -koiranruoka valmistetaan aivan uudenlaisella menetelm\u00e4ll\u00e4, joka s\u00e4ilytt\u00e4\u00e4 ruoan ravintoarvot perinteist\u00e4 valmistustapaa paremmin. Puristeruoalla saavutetaam pienemm\u00e4ll\u00e4 ruokam\u00e4\u00e4r\u00e4ll\u00e4 parempi teho. Se on sulavampaa ja siten ravintoaineet imeytyv\u00e4t entist\u00e4 tehokkaammin. Valio Puriste Extra Energy -koiranruoka sis\u00e4lt\u00e4\u00e4 kaikki aktiivisen koirasi hyvinvointiin tarvittavat vitamiinit sek\u00e4 ravinto- ja hivenaineet. Erinomainen ruoka runsaasti pitk\u00e4kestoista energiaa tarvitsevalle koiralle, kuten ty\u00f6-, harrastus- ja mets\u00e4styskoirille.<\/p>\n<p>Keskeiset ominaisuudet:<\/p>\n<p>&#8211; Korkeaenerginen koiranruoka maksimaaliseen ja pitk\u00e4kestoiseen suorituskykyyn.<br \/>\n&#8211; Puristetekniikan ansiosta pienemm\u00e4ll\u00e4 ruualla parempi teho!<br \/>\n&#8211; T\u00e4ysin vehn\u00e4t\u00f6n koirien t\u00e4ysravinto.<br \/>\n&#8211; Paras yhdistelm\u00e4 elint\u00e4rkeit\u00e4 vitamiineja ja hivenaineita.<br \/>\n&#8211; Valmistuksessa on k\u00e4ytetty korkealaatuisia, tuoreita ja puhtaita raaka-aineita.<br \/>\n&#8211; Optimaalinen rasva-, hiilihydraatti- ja proteiinipitoisuus.<br \/>\n&#8211; Valmistettu ekologisesti.<\/p>\n<p>VALMISTUSAINEET: Kuivattua naudanlihaa, esikypsytetty\u00e4 maissia, kasviper\u00e4isi\u00e4 tuotteita, \u00f6ljyj\u00e4 ja rasvoja, mineraaleja.<\/p>\n<p>RAVINTOSIS\u00c4LT\u00d6: Proteiinipitoisuus 28,0 %, rasvapitoisuus 16,0 %, kuitupitoisuus 2,5 %, tuhkapitoisuus 5,5 %, kosteuspitoisuus 9,0 %, kalsiumpitoisuus 1,3 %, fosforipitoisuus 0,8 %.<\/p>\n<p>RAVITSEMUKSELLISET LIS\u00c4AINEET: A-vitamiini (E672) 18 000 KY\/kg, D3-vitamiini (E671) 1 800 KY\/kg, E-vitamiini (all-rac-alfatokoferyyliasetaatti) 240 mg\/kg, C-vitamiini (askorbyylifosfaatti) 150 mg\/kg, E1 50 mg\/kg, E2 1,5 mg\/kg, E4 5 mg\/kg, E5 35 mg\/kg, E6 65 mg\/kg.<\/p>\n<p>Metabolinen energia (muuntokelpoinen energia): 410,4 kcal \/ 100 g<\/p>\n<p>RUOKINTASUOSITUKSET:<\/p>\n<table border=\"1\">\n<tbody>\n<tr>\n<td>Koiran paino \/ kg \u00c2<\/td>\n<td>P\u00e4ivitt\u00e4inen annos \/ g<\/td>\n<\/tr>\n<tr>\n<td>1-5<\/td>\n<td>30-100<\/td>\n<\/tr>\n<tr>\n<td>5-10<\/td>\n<td>100-170<\/td>\n<\/tr>\n<tr>\n<td>10-20<\/td>\n<td>170-285<\/td>\n<\/tr>\n<tr>\n<td>20-40<\/td>\n<td>285-470<\/td>\n<\/tr>\n<tr>\n<td>40-65<\/td>\n<td>470-670<\/td>\n<\/tr>\n<tr>\n<td>65-<\/td>\n<td>670-745<\/td>\n<\/tr>\n<\/tbody>\n<\/table>\n","protected":false},"excerpt":{"rendered":"<p>&nbsp;<\/p>\n<p>15Kg s\u00e4kki<\/p>\n","protected":false},"featured_media":3460,"comment_status":"open","ping_status":"closed","template":"","meta":{"inline_featured_image":false},"product_brand":[],"product_cat":[309],"product_tag":[326,324,323,400],"class_list":{"0":"post-3459","1":"product","2":"type-product","3":"status-publish","4":"has-post-thumbnail","6":"product_cat-koiranruoka","7":"product_tag-kuivaruoka","8":"product_tag-nappula","9":"product_tag-ruoka","10":"product_tag-valio","12":"first","13":"outofstock","14":"taxable","15":"shipping-taxable","16":"purchasable","17":"product-type-simple"},"_links":{"self":[{"href":"https:\/\/retkilemi.fi\/index.php?rest_route=\/wp\/v2\/product\/3459","targetHints":{"allow":["GET"]}}],"collection":[{"href":"https:\/\/retkilemi.fi\/index.php?rest_route=\/wp\/v2\/product"}],"about":[{"href":"https:\/\/retkilemi.fi\/index.php?rest_route=\/wp\/v2\/types\/product"}],"replies":[{"embeddable":true,"href":"https:\/\/retkilemi.fi\/index.php?rest_route=%2Fwp%2Fv2%2Fcomments&post=3459"}],"wp:featuredmedia":[{"embeddable":true,"href":"https:\/\/retkilemi.fi\/index.php?rest_route=\/wp\/v2\/media\/3460"}],"wp:attachment":[{"href":"https:\/\/retkilemi.fi\/index.php?rest_route=%2Fwp%2Fv2%2Fmedia&parent=3459"}],"wp:term":[{"taxonomy":"product_brand","embeddable":true,"href":"https:\/\/retkilemi.fi\/index.php?rest_route=%2Fwp%2Fv2%2Fproduct_brand&post=3459"},{"taxonomy":"product_cat","embeddable":true,"href":"https:\/\/retkilemi.fi\/index.php?rest_route=%2Fwp%2Fv2%2Fproduct_cat&post=3459"},{"taxonomy":"product_tag","embeddable":true,"href":"https:\/\/retkilemi.fi\/index.php?rest_route=%2Fwp%2Fv2%2Fproduct_tag&post=3459"}],"curies":[{"name":"wp","href":"https:\/\/api.w.org\/{rel}","templated":true}]}}