{"id":3544,"date":"2022-05-18T18:29:53","date_gmt":"2022-05-18T15:29:53","guid":{"rendered":"https:\/\/retkilemi.fi\/?post_type=product&#038;p=3544"},"modified":"2022-06-03T06:41:57","modified_gmt":"2022-06-03T03:41:57","slug":"anar-lite-hike-vaelluskengat-punainen","status":"publish","type":"product","link":"https:\/\/retkilemi.fi\/?product=anar-lite-hike-vaelluskengat-punainen","title":{"rendered":"Anar Lite Hike vaelluskeng\u00e4t punainen"},"content":{"rendered":"<p>Anar Lite Hike keng\u00e4t ovat kevyet vaelluskeng\u00e4t retkeilyyn ja ulkoiluun. Vaelluskengiss\u00e4 on pit\u00e4v\u00e4 ja joustava Vibram pohja sek\u00e4 vedenpit\u00e4v\u00e4 Sympatex kalvo. Fitgo \u2013pikasulkimen ansiosta keng\u00e4t on nopea kirist\u00e4\u00e4 ja avata. Lyhytvartiset vaelluskeng\u00e4t ovat joustavat, hengitt\u00e4v\u00e4t ja tukevat keng\u00e4t monipuoliseen ulkoiluun.<\/p>\n<ul>\n<li>Kevyet vaellus-\/retkeilykeng\u00e4t<\/li>\n<li>Pit\u00e4v\u00e4 Vibram pohja<\/li>\n<li>Vedenpit\u00e4v\u00e4 Sympatex kalvo<\/li>\n<li>Fitgo \u2013pikasuljin<\/li>\n<li>Suomessa suunniteltu ja testattu<\/li>\n<\/ul>\n","protected":false},"excerpt":{"rendered":"<p>Unisex \u2013muotoilu sopii sek\u00e4 naisille, ett\u00e4 miehille.<\/p>\n<p><strong>T\u00e4t\u00e4 tuotetta tilatessasi valitse yht\u00e4 kokoa isompi kuin normaali kokosi.<\/strong><\/p>\n","protected":false},"featured_media":3557,"comment_status":"open","ping_status":"closed","template":"","meta":{"inline_featured_image":false},"product_brand":[],"product_cat":[86],"product_tag":[87,414,203,413,75,303,219],"class_list":{"0":"post-3544","1":"product","2":"type-product","3":"status-publish","4":"has-post-thumbnail","6":"product_cat-jalkineet","7":"product_tag-anar","8":"product_tag-hike","9":"product_tag-kengat","10":"product_tag-lite","11":"product_tag-metsastys","12":"product_tag-vaelluskenka","13":"product_tag-vedenpitava","15":"first","16":"instock","17":"taxable","18":"shipping-taxable","19":"purchasable","20":"product-type-variable"},"_links":{"self":[{"href":"https:\/\/retkilemi.fi\/index.php?rest_route=\/wp\/v2\/product\/3544","targetHints":{"allow":["GET"]}}],"collection":[{"href":"https:\/\/retkilemi.fi\/index.php?rest_route=\/wp\/v2\/product"}],"about":[{"href":"https:\/\/retkilemi.fi\/index.php?rest_route=\/wp\/v2\/types\/product"}],"replies":[{"embeddable":true,"href":"https:\/\/retkilemi.fi\/index.php?rest_route=%2Fwp%2Fv2%2Fcomments&post=3544"}],"wp:featuredmedia":[{"embeddable":true,"href":"https:\/\/retkilemi.fi\/index.php?rest_route=\/wp\/v2\/media\/3557"}],"wp:attachment":[{"href":"https:\/\/retkilemi.fi\/index.php?rest_route=%2Fwp%2Fv2%2Fmedia&parent=3544"}],"wp:term":[{"taxonomy":"product_brand","embeddable":true,"href":"https:\/\/retkilemi.fi\/index.php?rest_route=%2Fwp%2Fv2%2Fproduct_brand&post=3544"},{"taxonomy":"product_cat","embeddable":true,"href":"https:\/\/retkilemi.fi\/index.php?rest_route=%2Fwp%2Fv2%2Fproduct_cat&post=3544"},{"taxonomy":"product_tag","embeddable":true,"href":"https:\/\/retkilemi.fi\/index.php?rest_route=%2Fwp%2Fv2%2Fproduct_tag&post=3544"}],"curies":[{"name":"wp","href":"https:\/\/api.w.org\/{rel}","templated":true}]}}