{"id":3567,"date":"2022-05-20T14:38:51","date_gmt":"2022-05-20T11:38:51","guid":{"rendered":"https:\/\/retkilemi.fi\/?post_type=product&#038;p=3567"},"modified":"2022-12-13T21:52:01","modified_gmt":"2022-12-13T19:52:01","slug":"lammas-lohitanko-200g","status":"publish","type":"product","link":"https:\/\/retkilemi.fi\/?product=lammas-lohitanko-200g","title":{"rendered":"Lammas-lohitanko 200g"},"content":{"rendered":"<p>Pohjoismaisella tuoteosaamisella kehitetyt makupalat maistuvat sek\u00e4 karaistuneelle er\u00e4nk\u00e4vij\u00e4lle ett\u00e4 urbaanille kulinaristille. Uunissa paahdettu Lammas-lohitanko -koiranherkku saa aromikkaan makunsa mm. vastustuskyky\u00e4 tukevasta tyrnist\u00e4.<\/p>\n<p>T\u00e4ysin viljattoman ja soijattoman makupalan huumaava tuoksu motivoi treenitilanteissa koiraa kuin koiraa ja helposti paloiteltava herkku sopii pieneenkin kitaan! My\u00f6s herkk\u00e4vatsainen lemmikki p\u00e4\u00e4see makuel\u00e4mysten pariin, sill\u00e4 tanko sis\u00e4lt\u00e4\u00e4 vain lempeit\u00e4 raaka-aineita, kuten lammasta ja lohta.<\/p>\n<p>Puolikosteat herkut eiv\u00e4t murustu taskuissa tai sotke vaatteita \/ k\u00e4si\u00e4 ja niiden k\u00e4sittely on helppoa.<\/p>\n<p><b>KOOSTUMUS:<\/b><br \/>\nSiipikarja 55 %, lammas 26 %, kasviglyseroli, lohi 4 %, kuivattu tyrni 4 %, lignoselluloosa, viherhuulisimpukka 1 %, suola 0,5 %. Sis\u00e4lt\u00e4\u00e4 luonnollisia antioksidantteja.<\/p>\n<p><b>RAVINTOAINEET:<\/b><br \/>\nProteiini 38,0 %, rasva 22,0 %, kosteus 14,0 %, tuhka 7,0 %, kuitu 2,5 %.<br \/>\nMetabolinen energia: 4,000 kcal\/kg.<\/p>\n<p>&nbsp;<\/p>\n<p>Pakkaus 200g<\/p>\n<p>Valmistettu Euroopassa.<\/p>\n","protected":false},"excerpt":{"rendered":"<p>Uunissa paahdetut pohjoisen herkut saavat veden herahtamaan kielelle!<\/p>\n","protected":false},"featured_media":3568,"comment_status":"open","ping_status":"closed","template":"","meta":{"inline_featured_image":false},"product_brand":[],"product_cat":[329],"product_tag":[334,336,337,330],"class_list":{"0":"post-3567","1":"product","2":"type-product","3":"status-publish","4":"has-post-thumbnail","6":"product_cat-luut-herkut","7":"product_tag-herkku","8":"product_tag-kalkkuna","9":"product_tag-koiranluu","10":"product_tag-puruluu","12":"first","13":"instock","14":"taxable","15":"shipping-taxable","16":"purchasable","17":"product-type-simple"},"_links":{"self":[{"href":"https:\/\/retkilemi.fi\/index.php?rest_route=\/wp\/v2\/product\/3567","targetHints":{"allow":["GET"]}}],"collection":[{"href":"https:\/\/retkilemi.fi\/index.php?rest_route=\/wp\/v2\/product"}],"about":[{"href":"https:\/\/retkilemi.fi\/index.php?rest_route=\/wp\/v2\/types\/product"}],"replies":[{"embeddable":true,"href":"https:\/\/retkilemi.fi\/index.php?rest_route=%2Fwp%2Fv2%2Fcomments&post=3567"}],"wp:featuredmedia":[{"embeddable":true,"href":"https:\/\/retkilemi.fi\/index.php?rest_route=\/wp\/v2\/media\/3568"}],"wp:attachment":[{"href":"https:\/\/retkilemi.fi\/index.php?rest_route=%2Fwp%2Fv2%2Fmedia&parent=3567"}],"wp:term":[{"taxonomy":"product_brand","embeddable":true,"href":"https:\/\/retkilemi.fi\/index.php?rest_route=%2Fwp%2Fv2%2Fproduct_brand&post=3567"},{"taxonomy":"product_cat","embeddable":true,"href":"https:\/\/retkilemi.fi\/index.php?rest_route=%2Fwp%2Fv2%2Fproduct_cat&post=3567"},{"taxonomy":"product_tag","embeddable":true,"href":"https:\/\/retkilemi.fi\/index.php?rest_route=%2Fwp%2Fv2%2Fproduct_tag&post=3567"}],"curies":[{"name":"wp","href":"https:\/\/api.w.org\/{rel}","templated":true}]}}