{"id":3569,"date":"2022-05-20T14:42:50","date_gmt":"2022-05-20T11:42:50","guid":{"rendered":"https:\/\/retkilemi.fi\/?post_type=product&#038;p=3569"},"modified":"2023-05-03T08:30:17","modified_gmt":"2023-05-03T05:30:17","slug":"viljattomat-lammas-janis-makupalat-200-g","status":"publish","type":"product","link":"https:\/\/retkilemi.fi\/?product=viljattomat-lammas-janis-makupalat-200-g","title":{"rendered":"Viljattomat Lammas &amp; J\u00e4nis makupalat, 200 g"},"content":{"rendered":"<p>Mehev\u00e4t, puolikosteat ja viljattomat makupalat luonnon parhaista raaka-aineista. Viljattoman koostumuksensa ansiosta Riverwood-makupalat soveltuvat useimmille herkk\u00e4vatsaisille tai vilja-allergioista k\u00e4rsiville koirille. Laadukas ja lihaisa koostumus antaa makupaloille vastustamattoman tuoksun ja maun. Kaikki Riverwood-makupalat sis\u00e4lt\u00e4v\u00e4t terveytt\u00e4 tukevia toiminnallisia ainesosia, kuten helokki- ja lohi\u00f6ljy\u00e4 s\u00e4ihkyv\u00e4lle ja vahvalle turkille.<\/p>\n<p><b>Riverwood Puolikosteat viljattomat makupalat, Lammas &amp; j\u00e4nis<\/b><br \/>\n<b>Koostumus:<\/b>\u00a0Kuivattu lammasproteiini 30 %, keltainen herne, nestem\u00e4inen kasvit\u00e4rkkelys, kollageeni, kuivattu j\u00e4nisproteiini 5 %, siipikarjanmaksakastike 5 %, lohi\u00f6ljy 3 %, kuivattu kamomilla 1 %, helokki\u00f6ljy 1 %.<br \/>\n<b>Ravintoaineet:<\/b>\u00a0Raakavalkuainen 30 %, raakarasva 5 %, kosteus 17 %, hehkutusj\u00e4\u00e4nn\u00f6s 7,5 %, raakakuitu 1 %, kalsium 1,4 %, fosfori 1,2 %, kalium 0,4 %.<br \/>\n<b>Metabolinen energia:<\/b>\u00a03645 kcal \/ kg<\/p>\n<p><b>Pakkauskoko:<\/b>\u00a0200 g<\/p>\n<p>Valmistettu Euroopassa.<\/p>\n","protected":false},"excerpt":{"rendered":"<p>Riverwood Viljattomat makupalat koirille sis\u00e4lt\u00e4v\u00e4t ainoastaan 100 % luonnollisia, viljattomia ainesosia.<\/p>\n","protected":false},"featured_media":3570,"comment_status":"open","ping_status":"closed","template":"","meta":{"inline_featured_image":false},"product_brand":[],"product_cat":[329],"product_tag":[334,420,337,418,330,419],"class_list":{"0":"post-3569","1":"product","2":"type-product","3":"status-publish","4":"has-post-thumbnail","6":"product_cat-luut-herkut","7":"product_tag-herkku","8":"product_tag-janis","9":"product_tag-koiranluu","10":"product_tag-lammas","11":"product_tag-puruluu","12":"product_tag-viljaton","14":"first","15":"instock","16":"taxable","17":"shipping-taxable","18":"purchasable","19":"product-type-simple"},"_links":{"self":[{"href":"https:\/\/retkilemi.fi\/index.php?rest_route=\/wp\/v2\/product\/3569","targetHints":{"allow":["GET"]}}],"collection":[{"href":"https:\/\/retkilemi.fi\/index.php?rest_route=\/wp\/v2\/product"}],"about":[{"href":"https:\/\/retkilemi.fi\/index.php?rest_route=\/wp\/v2\/types\/product"}],"replies":[{"embeddable":true,"href":"https:\/\/retkilemi.fi\/index.php?rest_route=%2Fwp%2Fv2%2Fcomments&post=3569"}],"wp:featuredmedia":[{"embeddable":true,"href":"https:\/\/retkilemi.fi\/index.php?rest_route=\/wp\/v2\/media\/3570"}],"wp:attachment":[{"href":"https:\/\/retkilemi.fi\/index.php?rest_route=%2Fwp%2Fv2%2Fmedia&parent=3569"}],"wp:term":[{"taxonomy":"product_brand","embeddable":true,"href":"https:\/\/retkilemi.fi\/index.php?rest_route=%2Fwp%2Fv2%2Fproduct_brand&post=3569"},{"taxonomy":"product_cat","embeddable":true,"href":"https:\/\/retkilemi.fi\/index.php?rest_route=%2Fwp%2Fv2%2Fproduct_cat&post=3569"},{"taxonomy":"product_tag","embeddable":true,"href":"https:\/\/retkilemi.fi\/index.php?rest_route=%2Fwp%2Fv2%2Fproduct_tag&post=3569"}],"curies":[{"name":"wp","href":"https:\/\/api.w.org\/{rel}","templated":true}]}}