{"id":3579,"date":"2022-05-20T15:00:46","date_gmt":"2022-05-20T12:00:46","guid":{"rendered":"https:\/\/retkilemi.fi\/?post_type=product&#038;p=3579"},"modified":"2025-07-10T17:29:54","modified_gmt":"2025-07-10T14:29:54","slug":"viilennysalusta-keskikokoine-palmu","status":"publish","type":"product","link":"https:\/\/retkilemi.fi\/?product=viilennysalusta-keskikokoine-palmu","title":{"rendered":"Viilennysalusta Keskikokoine Palmu"},"content":{"rendered":"<p>Foxy Fur Viilennysalusta ei vaadi esivalmisteluja, kuten kastelua tai pakastamista ennen k\u00e4ytt\u00f6\u00e4. Viilennysalusta aktivoituu ja viilenee koiran kehon painon alla koiran asettuessa sen p\u00e4\u00e4lle makaamaan. J\u00e4\u00e4hdytt\u00e4v\u00e4n\u00e4 elementtin\u00e4 toimii elintarviketeollisuudessa k\u00e4ytetty myrkyt\u00f6n geeli (karboksimetyyliselluloosa).<\/p>\n<p>Alusta voi parhaimmillaan tarjota viilennyst\u00e4 jopa useiden tuntien ajan riippuen ymp\u00e4rist\u00f6n ja p\u00e4\u00e4ll\u00e4 makaavan lemmikin l\u00e4mp\u00f6tilasta. Alusta &#8221;nollataan&#8221; pit\u00e4m\u00e4ll\u00e4 n. 30-60 minuutin tauko sen k\u00e4yt\u00f6st\u00e4.<\/p>\n<p>Foxy Fur -viilennysalusta on helppo sijoittaa koiran makuupaikalle tai esim. kuljetush\u00e4kkiin niin autossa kuin n\u00e4yttely- ja kilpailupaikallakin. Alusta ei kastele koiran turkkia. Vedenpit\u00e4v\u00e4 pintamateriaali varmistaa toimivuuden hyvin my\u00f6s ulkona. Helppo pyyhk\u00e4ist\u00e4 puhtaaksi kostealla liinalla. Alustan pinta on napakkaa oxford-kangasta.<\/p>\n<p><b>Koko:<\/b><\/p>\n<p><b>Keskikokoinen<\/b>\u00a050 x 65 cm<\/p>\n<p><b>HUOM!<\/b>\u00a0Toimintatapansa vuoksi Foxy Fur -viilennysalustan ominaisuudet saattavat heikenty\u00e4 varastoitaessa. Suosittelemme varastointia (esim. s\u00e4ilytys talven yli) suorana lappeellaan (\u00e4l\u00e4 taita) tai ripustettuna roikkumaan siten, ettei alustaan kohdistu painetta \/ painoa, joka aktivoi alustan viilennyksen.<\/p>\n<p>Alustan pintakangas on kest\u00e4v\u00e4\u00e4 muttei rikkoutumatonta. Etenkin painavilla ja petaamiseen taipuvaisilla koirilla suosittelemme peitt\u00e4m\u00e4\u00e4n viilennysalustan kankaalla (esim. froteepyyhe). Se auttaa ehk\u00e4isem\u00e4\u00e4n alustan puhkutumista koiran kynsien alla. Muista pit\u00e4\u00e4 my\u00f6s alustaa k\u00e4ytt\u00e4v\u00e4n koiran kynnet lyhyin\u00e4.<\/p>\n<p>&nbsp;<\/p>\n","protected":false},"excerpt":{"rendered":"<p>Foxy Fur Viilennysalusta ei vaadi esivalmisteluja, kuten kastelua tai pakastamista ennen k\u00e4ytt\u00f6\u00e4. Viilennysalusta aktivoituu ja viilenee koiran kehon painon alla koiran asettuessa sen p\u00e4\u00e4lle makaamaan. J\u00e4\u00e4hdytt\u00e4v\u00e4n\u00e4 elementtin\u00e4 toimii elintarviketeollisuudessa k\u00e4ytetty myrkyt\u00f6n geeli (karboksimetyyliselluloosa). Alusta voi parhaimmillaan tarjota viilennyst\u00e4 jopa useiden tuntien ajan riippuen ymp\u00e4rist\u00f6n ja p\u00e4\u00e4ll\u00e4 makaavan lemmikin l\u00e4mp\u00f6tilasta. Alusta &#8221;nollataan&#8221; pit\u00e4m\u00e4ll\u00e4 n. 30-60 minuutin &hellip; <\/p>\n<p class=\"more-link-wrap\"><a href=\"https:\/\/retkilemi.fi\/?product=viilennysalusta-keskikokoine-palmu\" class=\"more-link\"><span>Read More<span class=\"screen-reader-text\"> &#8221;Viilennysalusta Keskikokoine Palmu&#8221;<\/span><\/span><\/a><\/p>\n","protected":false},"featured_media":3580,"comment_status":"open","ping_status":"closed","template":"","meta":{"inline_featured_image":false},"product_brand":[],"product_cat":[386],"product_tag":[421],"class_list":{"0":"post-3579","1":"product","2":"type-product","3":"status-publish","4":"has-post-thumbnail","6":"product_cat-koti-ja-asuminen","7":"product_tag-viilennysalusta","9":"first","10":"instock","11":"sale","12":"taxable","13":"shipping-taxable","14":"purchasable","15":"product-type-simple"},"_links":{"self":[{"href":"https:\/\/retkilemi.fi\/index.php?rest_route=\/wp\/v2\/product\/3579","targetHints":{"allow":["GET"]}}],"collection":[{"href":"https:\/\/retkilemi.fi\/index.php?rest_route=\/wp\/v2\/product"}],"about":[{"href":"https:\/\/retkilemi.fi\/index.php?rest_route=\/wp\/v2\/types\/product"}],"replies":[{"embeddable":true,"href":"https:\/\/retkilemi.fi\/index.php?rest_route=%2Fwp%2Fv2%2Fcomments&post=3579"}],"wp:featuredmedia":[{"embeddable":true,"href":"https:\/\/retkilemi.fi\/index.php?rest_route=\/wp\/v2\/media\/3580"}],"wp:attachment":[{"href":"https:\/\/retkilemi.fi\/index.php?rest_route=%2Fwp%2Fv2%2Fmedia&parent=3579"}],"wp:term":[{"taxonomy":"product_brand","embeddable":true,"href":"https:\/\/retkilemi.fi\/index.php?rest_route=%2Fwp%2Fv2%2Fproduct_brand&post=3579"},{"taxonomy":"product_cat","embeddable":true,"href":"https:\/\/retkilemi.fi\/index.php?rest_route=%2Fwp%2Fv2%2Fproduct_cat&post=3579"},{"taxonomy":"product_tag","embeddable":true,"href":"https:\/\/retkilemi.fi\/index.php?rest_route=%2Fwp%2Fv2%2Fproduct_tag&post=3579"}],"curies":[{"name":"wp","href":"https:\/\/api.w.org\/{rel}","templated":true}]}}