{"id":3585,"date":"2022-05-20T15:13:36","date_gmt":"2022-05-20T12:13:36","guid":{"rendered":"https:\/\/retkilemi.fi\/?post_type=product&#038;p=3585"},"modified":"2023-01-07T14:47:16","modified_gmt":"2023-01-07T12:47:16","slug":"ozami-kotimainen-hirvirouhetikku","status":"publish","type":"product","link":"https:\/\/retkilemi.fi\/?product=ozami-kotimainen-hirvirouhetikku","title":{"rendered":"Ozami Kotimainen Hirvirouhetikku"},"content":{"rendered":"<p>Aidosta, 100 % hirvennahasta valmistettu purutikku antaa puruvastusta puruluiden popsinnan ammattilaisellekin. Eritt\u00e4in napakat rouhetikut valmistetaan Suomessa. Valkaisematon, luonnollinen purutuote, joka tarjoaa ajankulua ja auttaa huolehtimaan koiran hammashygieniasta.<\/p>\n<p><b>Ravintoaineet:<\/b>\u00a0Raakavalkuainen 88 %, raakarasva 1 %, raakakuitu &lt; 1 %, hehkutusj\u00e4\u00e4nn\u00f6s 2 %, kosteus 8,5 %.<\/p>\n<p><b>Koot:<\/b><\/p>\n<p>M 20 cm<\/p>\n<p><b>Valmistaja:<\/b>\u00a0Kokkolan Nahka Oy<\/p>\n","protected":false},"excerpt":{"rendered":"<p>Aidosta, 100 % hirvennahasta valmistettu purutikku antaa puruvastusta puruluiden popsinnan ammattilaisellekin. Eritt\u00e4in napakat rouhetikut valmistetaan Suomessa. Valkaisematon, luonnollinen purutuote, joka tarjoaa ajankulua ja auttaa huolehtimaan koiran hammashygieniasta. Ravintoaineet:\u00a0Raakavalkuainen 88 %, raakarasva 1 %, raakakuitu &lt; 1 %, hehkutusj\u00e4\u00e4nn\u00f6s 2 %, kosteus 8,5 %. Koot: M 20 cm Valmistaja:\u00a0Kokkolan Nahka Oy<\/p>\n","protected":false},"featured_media":3586,"comment_status":"open","ping_status":"closed","template":"","meta":{"inline_featured_image":false},"product_brand":[],"product_cat":[329,280],"product_tag":[334,333,331,332],"class_list":{"0":"post-3585","1":"product","2":"type-product","3":"status-publish","4":"has-post-thumbnail","6":"product_cat-luut-herkut","7":"product_cat-tarjouksessa","8":"product_tag-herkku","9":"product_tag-lu","10":"product_tag-luu","11":"product_tag-pururulla","13":"first","14":"instock","15":"taxable","16":"shipping-taxable","17":"purchasable","18":"product-type-simple"},"_links":{"self":[{"href":"https:\/\/retkilemi.fi\/index.php?rest_route=\/wp\/v2\/product\/3585","targetHints":{"allow":["GET"]}}],"collection":[{"href":"https:\/\/retkilemi.fi\/index.php?rest_route=\/wp\/v2\/product"}],"about":[{"href":"https:\/\/retkilemi.fi\/index.php?rest_route=\/wp\/v2\/types\/product"}],"replies":[{"embeddable":true,"href":"https:\/\/retkilemi.fi\/index.php?rest_route=%2Fwp%2Fv2%2Fcomments&post=3585"}],"wp:featuredmedia":[{"embeddable":true,"href":"https:\/\/retkilemi.fi\/index.php?rest_route=\/wp\/v2\/media\/3586"}],"wp:attachment":[{"href":"https:\/\/retkilemi.fi\/index.php?rest_route=%2Fwp%2Fv2%2Fmedia&parent=3585"}],"wp:term":[{"taxonomy":"product_brand","embeddable":true,"href":"https:\/\/retkilemi.fi\/index.php?rest_route=%2Fwp%2Fv2%2Fproduct_brand&post=3585"},{"taxonomy":"product_cat","embeddable":true,"href":"https:\/\/retkilemi.fi\/index.php?rest_route=%2Fwp%2Fv2%2Fproduct_cat&post=3585"},{"taxonomy":"product_tag","embeddable":true,"href":"https:\/\/retkilemi.fi\/index.php?rest_route=%2Fwp%2Fv2%2Fproduct_tag&post=3585"}],"curies":[{"name":"wp","href":"https:\/\/api.w.org\/{rel}","templated":true}]}}