{"id":3589,"date":"2022-05-20T15:21:37","date_gmt":"2022-05-20T12:21:37","guid":{"rendered":"https:\/\/retkilemi.fi\/?post_type=product&#038;p=3589"},"modified":"2024-08-30T17:42:07","modified_gmt":"2024-08-30T14:42:07","slug":"millers-forge-karsta-kaarevalla-pohjalla","status":"publish","type":"product","link":"https:\/\/retkilemi.fi\/?product=millers-forge-karsta-kaarevalla-pohjalla","title":{"rendered":"Millers Forge Karsta kaarevalla pohjalla"},"content":{"rendered":"<p>Ruostumattomasta ter\u00e4ksest\u00e4 valmistetut piikit liukuvat vaivattomasti turkin l\u00e4pi ja ovat hell\u00e4varaiset iholle. Auttaa selvitt\u00e4m\u00e4\u00e4n takut ja solmut ja poistamaan turkista irtokarvat ja likaa. Erinomainen keskipitk\u00e4n, pitk\u00e4n ja \/ tai kihartuvan tai kaksikerroksisen turkin omaavien rotujen hoitoon. Mainio ty\u00f6kalu poistettaessa ja selvitett\u00e4ess\u00e4 pohjavillaa. Rikkoutumaton muovivarsi.<\/p>\n<p><b>Koot:<\/b><br \/>\n&#8211; Large &#8211; Pituus 19,2 cm, karstaosan koko 11,6 x 8,5 cm<\/p>\n","protected":false},"excerpt":{"rendered":"<p>Laadukas Millers-karsta kaarevalla pohjalla.<\/p>\n","protected":false},"featured_media":3590,"comment_status":"open","ping_status":"closed","template":"","meta":{"inline_featured_image":false},"product_brand":[],"product_cat":[280,519],"product_tag":[416,415],"class_list":{"0":"post-3589","1":"product","2":"type-product","3":"status-publish","4":"has-post-thumbnail","6":"product_cat-tarjouksessa","7":"product_cat-turkin-hoito","8":"product_tag-harja","9":"product_tag-karsta","11":"first","12":"instock","13":"sale","14":"taxable","15":"shipping-taxable","16":"purchasable","17":"product-type-simple"},"_links":{"self":[{"href":"https:\/\/retkilemi.fi\/index.php?rest_route=\/wp\/v2\/product\/3589","targetHints":{"allow":["GET"]}}],"collection":[{"href":"https:\/\/retkilemi.fi\/index.php?rest_route=\/wp\/v2\/product"}],"about":[{"href":"https:\/\/retkilemi.fi\/index.php?rest_route=\/wp\/v2\/types\/product"}],"replies":[{"embeddable":true,"href":"https:\/\/retkilemi.fi\/index.php?rest_route=%2Fwp%2Fv2%2Fcomments&post=3589"}],"wp:featuredmedia":[{"embeddable":true,"href":"https:\/\/retkilemi.fi\/index.php?rest_route=\/wp\/v2\/media\/3590"}],"wp:attachment":[{"href":"https:\/\/retkilemi.fi\/index.php?rest_route=%2Fwp%2Fv2%2Fmedia&parent=3589"}],"wp:term":[{"taxonomy":"product_brand","embeddable":true,"href":"https:\/\/retkilemi.fi\/index.php?rest_route=%2Fwp%2Fv2%2Fproduct_brand&post=3589"},{"taxonomy":"product_cat","embeddable":true,"href":"https:\/\/retkilemi.fi\/index.php?rest_route=%2Fwp%2Fv2%2Fproduct_cat&post=3589"},{"taxonomy":"product_tag","embeddable":true,"href":"https:\/\/retkilemi.fi\/index.php?rest_route=%2Fwp%2Fv2%2Fproduct_tag&post=3589"}],"curies":[{"name":"wp","href":"https:\/\/api.w.org\/{rel}","templated":true}]}}