{"id":3591,"date":"2022-05-20T15:29:11","date_gmt":"2022-05-20T12:29:11","guid":{"rendered":"https:\/\/retkilemi.fi\/?post_type=product&#038;p=3591"},"modified":"2022-11-17T16:48:26","modified_gmt":"2022-11-17T14:48:26","slug":"koulutusmakupalat-lohesta-175-g","status":"publish","type":"product","link":"https:\/\/retkilemi.fi\/?product=koulutusmakupalat-lohesta-175-g","title":{"rendered":"koulutusmakupalat lohesta, 175 g"},"content":{"rendered":"<p>Terveellinen, viljaton makupala lohesta &amp; perunasta! Viljattomat Lakse Kronch Pocket -koulutusmakupalat lohesta ja perunasta ovat herkullisia, mutta siistej\u00e4 makupaloja, jotka eiv\u00e4t murene tai tahri k\u00e4si\u00e4 ja taskuja. Makupalat sis\u00e4lt\u00e4v\u00e4t luontaisesti runsaasti v\u00e4ltt\u00e4m\u00e4tt\u00f6mi\u00e4 Omega-3 &amp; -6 -rasvahappoja. Lohiproteiini on eritt\u00e4in helposti imeytyv\u00e4 ja sulava el\u00e4invalkuaisen l\u00e4hde. Lakse Kronch Pocket on terveellinen, luonnollinen ja lis\u00e4aineeton makupala, joka maistuu hyv\u00e4lt\u00e4! Soveltuu erinomaisesti tarjottavaksi koiran p\u00e4ivitt\u00e4isen ravinnon lis\u00e4n\u00e4.<\/p>\n<p><b>Valmistusaineet:<\/b>\u00a0100 % tuore lohi.<br \/>\n<b>Antioksidantit:<\/b>\u00a0Luonnolliset tokoferolit (E-vitamiini), askorbyyli-palmitaatti (C-vitamiini), sitruunahappo.<br \/>\n<b>Koostumus \/ 100 g:<\/b>\u00a0Raakavalkuainen 31,5 g, raakarasva 35,1 g (josta monityydytym\u00e4tt\u00f6mi\u00e4 rasvahappoja 9576 mg, EPA 1018 mg, DHA 1588 mg), hehkutusj\u00e4\u00e4nn\u00f6s 8,6 g, vesi 7,0 g.<br \/>\n<b>Energiasis\u00e4lt\u00f6:<\/b>\u00a0513 kcal\/100 g<\/p>\n<p><b>Pakkauskoko:<\/b>\u00a0175 g<\/p>\n","protected":false},"excerpt":{"rendered":"<p>Terveellinen, viljaton makupala lohesta &amp; perunasta! Viljattomat Lakse Kronch Pocket -koulutusmakupalat lohesta ja perunasta ovat herkullisia, mutta siistej\u00e4 makupaloja, jotka eiv\u00e4t murene tai tahri k\u00e4si\u00e4 ja taskuja. Makupalat sis\u00e4lt\u00e4v\u00e4t luontaisesti runsaasti v\u00e4ltt\u00e4m\u00e4tt\u00f6mi\u00e4 Omega-3 &amp; -6 -rasvahappoja. Lohiproteiini on eritt\u00e4in helposti imeytyv\u00e4 ja sulava el\u00e4invalkuaisen l\u00e4hde. Lakse Kronch Pocket on terveellinen, luonnollinen ja lis\u00e4aineeton makupala, joka &hellip; <\/p>\n<p class=\"more-link-wrap\"><a href=\"https:\/\/retkilemi.fi\/?product=koulutusmakupalat-lohesta-175-g\" class=\"more-link\"><span>Read More<span class=\"screen-reader-text\"> &#8221;koulutusmakupalat lohesta, 175 g&#8221;<\/span><\/span><\/a><\/p>\n","protected":false},"featured_media":3592,"comment_status":"open","ping_status":"closed","template":"","meta":{"inline_featured_image":false},"product_brand":[],"product_cat":[329,280],"product_tag":[334,336,337,330],"class_list":{"0":"post-3591","1":"product","2":"type-product","3":"status-publish","4":"has-post-thumbnail","6":"product_cat-luut-herkut","7":"product_cat-tarjouksessa","8":"product_tag-herkku","9":"product_tag-kalkkuna","10":"product_tag-koiranluu","11":"product_tag-puruluu","13":"first","14":"instock","15":"taxable","16":"shipping-taxable","17":"purchasable","18":"product-type-simple"},"_links":{"self":[{"href":"https:\/\/retkilemi.fi\/index.php?rest_route=\/wp\/v2\/product\/3591","targetHints":{"allow":["GET"]}}],"collection":[{"href":"https:\/\/retkilemi.fi\/index.php?rest_route=\/wp\/v2\/product"}],"about":[{"href":"https:\/\/retkilemi.fi\/index.php?rest_route=\/wp\/v2\/types\/product"}],"replies":[{"embeddable":true,"href":"https:\/\/retkilemi.fi\/index.php?rest_route=%2Fwp%2Fv2%2Fcomments&post=3591"}],"wp:featuredmedia":[{"embeddable":true,"href":"https:\/\/retkilemi.fi\/index.php?rest_route=\/wp\/v2\/media\/3592"}],"wp:attachment":[{"href":"https:\/\/retkilemi.fi\/index.php?rest_route=%2Fwp%2Fv2%2Fmedia&parent=3591"}],"wp:term":[{"taxonomy":"product_brand","embeddable":true,"href":"https:\/\/retkilemi.fi\/index.php?rest_route=%2Fwp%2Fv2%2Fproduct_brand&post=3591"},{"taxonomy":"product_cat","embeddable":true,"href":"https:\/\/retkilemi.fi\/index.php?rest_route=%2Fwp%2Fv2%2Fproduct_cat&post=3591"},{"taxonomy":"product_tag","embeddable":true,"href":"https:\/\/retkilemi.fi\/index.php?rest_route=%2Fwp%2Fv2%2Fproduct_tag&post=3591"}],"curies":[{"name":"wp","href":"https:\/\/api.w.org\/{rel}","templated":true}]}}