{"id":3593,"date":"2022-05-20T15:32:20","date_gmt":"2022-05-20T12:32:20","guid":{"rendered":"https:\/\/retkilemi.fi\/?post_type=product&#038;p=3593"},"modified":"2024-06-28T06:52:49","modified_gmt":"2024-06-28T03:52:49","slug":"kana-bataattikevytrulla-15cm-3kpl","status":"publish","type":"product","link":"https:\/\/retkilemi.fi\/?product=kana-bataattikevytrulla-15cm-3kpl","title":{"rendered":"Kana-bataattikevytrulla 15cm 3kpl"},"content":{"rendered":"<p>Kolmesta eri mausta koostuvat 3-in-1 -kana-bataattikevytrullat vieh\u00e4tt\u00e4v\u00e4t hyvill\u00e4 mauillaan ja erilaisilla koostumuksillaan. Makea bataattitikku on kietaistu naudanvuotarullan sis\u00e4\u00e4n ja koko komeus on koristeltu maistuvalla kananlihasuikaleella.<\/p>\n<p><b>Valmistusaineet:<\/b>\u00a0Kananrinta 25 %, naudanvuota 71 %, t\u00e4rkkelys 1,5 %, lis\u00e4aineet 2,5 %.<br \/>\n<b>Ravintosis\u00e4lt\u00f6:<\/b>\u00a0Raakavalkuainen 54 %, rasva 3 %, raakakuitu 3 %, hehkutusj\u00e4\u00e4nn\u00f6s 3 %, kosteus 18 %.<\/p>\n","protected":false},"excerpt":{"rendered":"<p>Kolmesta eri mausta koostuvat 3-in-1 -kana-bataattikevytrullat vieh\u00e4tt\u00e4v\u00e4t hyvill\u00e4 mauillaan ja erilaisilla koostumuksillaan. Makea bataattitikku on kietaistu naudanvuotarullan sis\u00e4\u00e4n ja koko komeus on koristeltu maistuvalla kananlihasuikaleella. Valmistusaineet:\u00a0Kananrinta 25 %, naudanvuota 71 %, t\u00e4rkkelys 1,5 %, lis\u00e4aineet 2,5 %. Ravintosis\u00e4lt\u00f6:\u00a0Raakavalkuainen 54 %, rasva 3 %, raakakuitu 3 %, hehkutusj\u00e4\u00e4nn\u00f6s 3 %, kosteus 18 %.<\/p>\n","protected":false},"featured_media":3594,"comment_status":"open","ping_status":"closed","template":"","meta":{"inline_featured_image":false},"product_brand":[],"product_cat":[329,280],"product_tag":[334,336,337,330],"class_list":{"0":"post-3593","1":"product","2":"type-product","3":"status-publish","4":"has-post-thumbnail","6":"product_cat-luut-herkut","7":"product_cat-tarjouksessa","8":"product_tag-herkku","9":"product_tag-kalkkuna","10":"product_tag-koiranluu","11":"product_tag-puruluu","13":"first","14":"instock","15":"taxable","16":"shipping-taxable","17":"purchasable","18":"product-type-simple"},"_links":{"self":[{"href":"https:\/\/retkilemi.fi\/index.php?rest_route=\/wp\/v2\/product\/3593","targetHints":{"allow":["GET"]}}],"collection":[{"href":"https:\/\/retkilemi.fi\/index.php?rest_route=\/wp\/v2\/product"}],"about":[{"href":"https:\/\/retkilemi.fi\/index.php?rest_route=\/wp\/v2\/types\/product"}],"replies":[{"embeddable":true,"href":"https:\/\/retkilemi.fi\/index.php?rest_route=%2Fwp%2Fv2%2Fcomments&post=3593"}],"wp:featuredmedia":[{"embeddable":true,"href":"https:\/\/retkilemi.fi\/index.php?rest_route=\/wp\/v2\/media\/3594"}],"wp:attachment":[{"href":"https:\/\/retkilemi.fi\/index.php?rest_route=%2Fwp%2Fv2%2Fmedia&parent=3593"}],"wp:term":[{"taxonomy":"product_brand","embeddable":true,"href":"https:\/\/retkilemi.fi\/index.php?rest_route=%2Fwp%2Fv2%2Fproduct_brand&post=3593"},{"taxonomy":"product_cat","embeddable":true,"href":"https:\/\/retkilemi.fi\/index.php?rest_route=%2Fwp%2Fv2%2Fproduct_cat&post=3593"},{"taxonomy":"product_tag","embeddable":true,"href":"https:\/\/retkilemi.fi\/index.php?rest_route=%2Fwp%2Fv2%2Fproduct_tag&post=3593"}],"curies":[{"name":"wp","href":"https:\/\/api.w.org\/{rel}","templated":true}]}}