{"id":3630,"date":"2022-07-13T21:15:32","date_gmt":"2022-07-13T18:15:32","guid":{"rendered":"https:\/\/retkilemi.fi\/?post_type=product&#038;p=3630"},"modified":"2023-06-12T18:47:36","modified_gmt":"2023-06-12T15:47:36","slug":"ruokatermos-075-l-kupilla","status":"publish","type":"product","link":"https:\/\/retkilemi.fi\/?product=ruokatermos-075-l-kupilla","title":{"rendered":"Ruokatermos 0,75 l kupilla"},"content":{"rendered":"<p>K\u00e4yt\u00e4nn\u00f6llinen sek\u00e4 laadukas ruostumattomasta ter\u00e4ksest\u00e4 valmistettu ruokatermos sopii ruoan s\u00e4ilytt\u00e4miseen esimerkiksi retkell\u00e4, t\u00f6iss\u00e4 ja vapaa-ajalla. Termos pit\u00e4\u00e4 sis\u00e4ll\u00f6n tarpeen mukaan joko kylm\u00e4n\u00e4 tai kuumana. Termoksessa on erinomainen l\u00e4mm\u00f6npito.<\/p>\n<p>Reilunkokoisen suuaukkonsa ansiosta termos on helppo t\u00e4ytt\u00e4\u00e4 sek\u00e4 puhdistaa. Korkki toimii kuppina tarvittaessa.<\/p>\n<p>\u2013 Leve\u00e4 suuaukko<br \/>\n\u2013 Metallivahvikkeiset kierrett\u00e4v\u00e4t korkit<br \/>\n\u2013 Korkealaatuista japanilaista ruostumatonta ter\u00e4st\u00e4<br \/>\n\u2013 S\u00e4ilytt\u00e4\u00e4 98C\u00ba juoman 6h j\u00e4lkeen n. 70C\u00ba ja 12h j\u00e4lkeen n. 60C\u00ba<br \/>\n\u2013 Viiden vuoden takuu l\u00e4mm\u00f6npit\u00e4vyydelle<br \/>\n\u2013 Tilavuus 0,75 litraa<br \/>\n\u2013 Paino: 600 g<br \/>\n\u2013 Mitat: 200 x 100 mm<\/p>\n","protected":false},"excerpt":{"rendered":"<p>K\u00e4yt\u00e4nn\u00f6llinen sek\u00e4 laadukas ruostumattomasta ter\u00e4ksest\u00e4 valmistettu ruokatermos sopii ruoan s\u00e4ilytt\u00e4miseen esimerkiksi retkell\u00e4, t\u00f6iss\u00e4 ja vapaa-ajalla. Termos pit\u00e4\u00e4 sis\u00e4ll\u00f6n tarpeen mukaan joko kylm\u00e4n\u00e4 tai kuumana. Termoksessa on erinomainen l\u00e4mm\u00f6npito. Reilunkokoisen suuaukkonsa ansiosta termos on helppo t\u00e4ytt\u00e4\u00e4 sek\u00e4 puhdistaa. Korkki toimii kuppina tarvittaessa. \u2013 Leve\u00e4 suuaukko \u2013 Metallivahvikkeiset kierrett\u00e4v\u00e4t korkit \u2013 Korkealaatuista japanilaista ruostumatonta ter\u00e4st\u00e4 \u2013 S\u00e4ilytt\u00e4\u00e4 &hellip; <\/p>\n<p class=\"more-link-wrap\"><a href=\"https:\/\/retkilemi.fi\/?product=ruokatermos-075-l-kupilla\" class=\"more-link\"><span>Read More<span class=\"screen-reader-text\"> &#8221;Ruokatermos 0,75 l kupilla&#8221;<\/span><\/span><\/a><\/p>\n","protected":false},"featured_media":3631,"comment_status":"open","ping_status":"closed","template":"","meta":{"inline_featured_image":false},"product_brand":[],"product_cat":[142,280],"product_tag":[100,427,99],"class_list":{"0":"post-3630","1":"product","2":"type-product","3":"status-publish","4":"has-post-thumbnail","6":"product_cat-ruokailu","7":"product_cat-tarjouksessa","8":"product_tag-retki","9":"product_tag-ruokatermos","10":"product_tag-termos","12":"first","13":"instock","14":"taxable","15":"shipping-taxable","16":"purchasable","17":"product-type-simple"},"_links":{"self":[{"href":"https:\/\/retkilemi.fi\/index.php?rest_route=\/wp\/v2\/product\/3630","targetHints":{"allow":["GET"]}}],"collection":[{"href":"https:\/\/retkilemi.fi\/index.php?rest_route=\/wp\/v2\/product"}],"about":[{"href":"https:\/\/retkilemi.fi\/index.php?rest_route=\/wp\/v2\/types\/product"}],"replies":[{"embeddable":true,"href":"https:\/\/retkilemi.fi\/index.php?rest_route=%2Fwp%2Fv2%2Fcomments&post=3630"}],"wp:featuredmedia":[{"embeddable":true,"href":"https:\/\/retkilemi.fi\/index.php?rest_route=\/wp\/v2\/media\/3631"}],"wp:attachment":[{"href":"https:\/\/retkilemi.fi\/index.php?rest_route=%2Fwp%2Fv2%2Fmedia&parent=3630"}],"wp:term":[{"taxonomy":"product_brand","embeddable":true,"href":"https:\/\/retkilemi.fi\/index.php?rest_route=%2Fwp%2Fv2%2Fproduct_brand&post=3630"},{"taxonomy":"product_cat","embeddable":true,"href":"https:\/\/retkilemi.fi\/index.php?rest_route=%2Fwp%2Fv2%2Fproduct_cat&post=3630"},{"taxonomy":"product_tag","embeddable":true,"href":"https:\/\/retkilemi.fi\/index.php?rest_route=%2Fwp%2Fv2%2Fproduct_tag&post=3630"}],"curies":[{"name":"wp","href":"https:\/\/api.w.org\/{rel}","templated":true}]}}