{"id":3635,"date":"2022-07-13T21:25:22","date_gmt":"2022-07-13T18:25:22","guid":{"rendered":"https:\/\/retkilemi.fi\/?post_type=product&#038;p=3635"},"modified":"2023-06-01T21:56:58","modified_gmt":"2023-06-01T18:56:58","slug":"kuitumakuupussi-syote","status":"publish","type":"product","link":"https:\/\/retkilemi.fi\/?product=kuitumakuupussi-syote","title":{"rendered":"Kuitumakuupussi Sy\u00f6te"},"content":{"rendered":"<p>Retki Sy\u00f6te kolmen vuodenajan kuitumakuupussi on todella tilava, ilmava ja pehme\u00e4 sek\u00e4 helppok\u00e4ytt\u00f6inen. Makuupussin materiaali on laadukasta ja hyvin miellytt\u00e4v\u00e4n tuntuista.<\/p>\n<p>Kolmen vuodenajan makuupussi on ihanteellinen kylmiin olosuhteisiin, se sopii hyvin esimerkiksi retkeilyyn, matkailuun ja leireilyyn. T\u00e4ytteen\u00e4 2-kerroksinen Polyester-ontelokuitu 400g\/m2, joka ei j\u00e4t\u00e4 ket\u00e4\u00e4n kylm\u00e4ksi.<\/p>\n<ul>\n<li>Mitat: 230x80x55cm<\/li>\n<li>Materiaali: P\u00e4\u00e4llyste 210T Ripstop Polyester, vuori 240T Pongee, t\u00e4yte 400g\/m2 2-kerroksinen ontelokuitu<\/li>\n<li>Paino: 2200g<\/li>\n<li>V\u00e4ri: punainen\/harmaa<\/li>\n<li>Comf. 2\u00b0C \/ Lim. -3\u00b0C \/ Ext. -18\u00b0C<\/li>\n<\/ul>\n","protected":false},"excerpt":{"rendered":"<p>Makuupussi hollowfiber t\u00e4ytteell\u00e4 talven pakkasiin.<\/p>\n","protected":false},"featured_media":3639,"comment_status":"open","ping_status":"closed","template":"","meta":{"inline_featured_image":false},"product_brand":[],"product_cat":[280,140],"product_tag":[106],"class_list":{"0":"post-3635","1":"product","2":"type-product","3":"status-publish","4":"has-post-thumbnail","6":"product_cat-tarjouksessa","7":"product_cat-yopyminen","8":"product_tag-makuupussi","10":"first","11":"instock","12":"taxable","13":"shipping-taxable","14":"purchasable","15":"product-type-simple"},"_links":{"self":[{"href":"https:\/\/retkilemi.fi\/index.php?rest_route=\/wp\/v2\/product\/3635","targetHints":{"allow":["GET"]}}],"collection":[{"href":"https:\/\/retkilemi.fi\/index.php?rest_route=\/wp\/v2\/product"}],"about":[{"href":"https:\/\/retkilemi.fi\/index.php?rest_route=\/wp\/v2\/types\/product"}],"replies":[{"embeddable":true,"href":"https:\/\/retkilemi.fi\/index.php?rest_route=%2Fwp%2Fv2%2Fcomments&post=3635"}],"wp:featuredmedia":[{"embeddable":true,"href":"https:\/\/retkilemi.fi\/index.php?rest_route=\/wp\/v2\/media\/3639"}],"wp:attachment":[{"href":"https:\/\/retkilemi.fi\/index.php?rest_route=%2Fwp%2Fv2%2Fmedia&parent=3635"}],"wp:term":[{"taxonomy":"product_brand","embeddable":true,"href":"https:\/\/retkilemi.fi\/index.php?rest_route=%2Fwp%2Fv2%2Fproduct_brand&post=3635"},{"taxonomy":"product_cat","embeddable":true,"href":"https:\/\/retkilemi.fi\/index.php?rest_route=%2Fwp%2Fv2%2Fproduct_cat&post=3635"},{"taxonomy":"product_tag","embeddable":true,"href":"https:\/\/retkilemi.fi\/index.php?rest_route=%2Fwp%2Fv2%2Fproduct_tag&post=3635"}],"curies":[{"name":"wp","href":"https:\/\/api.w.org\/{rel}","templated":true}]}}