{"id":3641,"date":"2022-07-13T21:32:13","date_gmt":"2022-07-13T18:32:13","guid":{"rendered":"https:\/\/retkilemi.fi\/?post_type=product&#038;p=3641"},"modified":"2024-06-06T20:17:47","modified_gmt":"2024-06-06T17:17:47","slug":"sieniveitsi","status":"publish","type":"product","link":"https:\/\/retkilemi.fi\/?product=sieniveitsi","title":{"rendered":"Sieniveitsi"},"content":{"rendered":"<p>Tyylik\u00e4s taitettava sieniveitsi on k\u00e4yt\u00e4nn\u00f6llinen ottaa mukaan sieniretkelle.<\/p>\n<p>Kahva ruusupuuta, luonnonharjakset. Ter\u00e4 ruostumatonta ter\u00e4st\u00e4.<\/p>\n<p>Pituus: avattuna 20,3 cm, kokoon taitettuna 13 cm<br \/>\nPaino: 80 g<\/p>\n","protected":false},"excerpt":{"rendered":"<p>Ehdoton varuste sienimets\u00e4lle! K\u00e4tev\u00e4 pakata mukaan.<\/p>\n","protected":false},"featured_media":3643,"comment_status":"open","ping_status":"closed","template":"","meta":{"inline_featured_image":false},"product_brand":[],"product_cat":[206,102],"product_tag":[429,428],"class_list":{"0":"post-3641","1":"product","2":"type-product","3":"status-publish","4":"has-post-thumbnail","6":"product_cat-puukot-veitset","7":"product_cat-retkeilytarvikkeet","8":"product_tag-sieniveitsi","9":"product_tag-veitsi","11":"first","12":"instock","13":"taxable","14":"shipping-taxable","15":"purchasable","16":"product-type-simple"},"_links":{"self":[{"href":"https:\/\/retkilemi.fi\/index.php?rest_route=\/wp\/v2\/product\/3641","targetHints":{"allow":["GET"]}}],"collection":[{"href":"https:\/\/retkilemi.fi\/index.php?rest_route=\/wp\/v2\/product"}],"about":[{"href":"https:\/\/retkilemi.fi\/index.php?rest_route=\/wp\/v2\/types\/product"}],"replies":[{"embeddable":true,"href":"https:\/\/retkilemi.fi\/index.php?rest_route=%2Fwp%2Fv2%2Fcomments&post=3641"}],"wp:featuredmedia":[{"embeddable":true,"href":"https:\/\/retkilemi.fi\/index.php?rest_route=\/wp\/v2\/media\/3643"}],"wp:attachment":[{"href":"https:\/\/retkilemi.fi\/index.php?rest_route=%2Fwp%2Fv2%2Fmedia&parent=3641"}],"wp:term":[{"taxonomy":"product_brand","embeddable":true,"href":"https:\/\/retkilemi.fi\/index.php?rest_route=%2Fwp%2Fv2%2Fproduct_brand&post=3641"},{"taxonomy":"product_cat","embeddable":true,"href":"https:\/\/retkilemi.fi\/index.php?rest_route=%2Fwp%2Fv2%2Fproduct_cat&post=3641"},{"taxonomy":"product_tag","embeddable":true,"href":"https:\/\/retkilemi.fi\/index.php?rest_route=%2Fwp%2Fv2%2Fproduct_tag&post=3641"}],"curies":[{"name":"wp","href":"https:\/\/api.w.org\/{rel}","templated":true}]}}