{"id":3646,"date":"2022-07-13T21:40:34","date_gmt":"2022-07-13T18:40:34","guid":{"rendered":"https:\/\/retkilemi.fi\/?post_type=product&#038;p=3646"},"modified":"2026-01-06T21:03:55","modified_gmt":"2026-01-06T19:03:55","slug":"kaasukeitin-campncook-basic","status":"publish","type":"product","link":"https:\/\/retkilemi.fi\/?product=kaasukeitin-campncook-basic","title":{"rendered":"Kaasukeitin Camp\u2019n\u2019Cook Basic"},"content":{"rendered":"<p>Ruostumattomasta ter\u00e4ksest\u00e4 valmistettu, pieni ja tehokas kaasukeitin on monipuolinen sek\u00e4 turvallinen k\u00e4ytt\u00e4\u00e4, se sopii hyvin esimerkiksi retkelle mukaan. Kaasukeitin on yhteensopiva useimpien kaasupullojen kanssa ja siin\u00e4 on taittuva kattilan alusta. Keitin valmistaa ruoan nopeasti ja sit\u00e4 on kevyt kantaa mukana. Mukana tulee kangaskassi s\u00e4ilytyst\u00e4 ja kuljettamista varten, ettei muut tavarat likaannu. Huom. Kaasupullo ei sis\u00e4lly pakettiin.<\/p>\n<ul>\n<li>Teho 3000 btu<\/li>\n<li>Paino 180 g<\/li>\n<li>Koko: 80 x 110 mm<\/li>\n<li>Yhteensopiva useimpien kaasupullojen kanssa (EN417- standardi)<\/li>\n<li>Venttiilin koko 7\/16. Kaasun s\u00e4\u00e4t\u00f6vipu<\/li>\n<li>Materiaali: Ruostumaton ter\u00e4s<\/li>\n<\/ul>\n","protected":false},"excerpt":{"rendered":"<p>Pieni ja tehokas kaasukeitin retkeilyyn.<\/p>\n","protected":false},"featured_media":3647,"comment_status":"open","ping_status":"closed","template":"","meta":{"inline_featured_image":false},"product_brand":[],"product_cat":[142,280],"product_tag":[431],"class_list":{"0":"post-3646","1":"product","2":"type-product","3":"status-publish","4":"has-post-thumbnail","6":"product_cat-ruokailu","7":"product_cat-tarjouksessa","8":"product_tag-retkikeitin","10":"first","11":"instock","12":"sale","13":"taxable","14":"shipping-taxable","15":"purchasable","16":"product-type-simple"},"_links":{"self":[{"href":"https:\/\/retkilemi.fi\/index.php?rest_route=\/wp\/v2\/product\/3646","targetHints":{"allow":["GET"]}}],"collection":[{"href":"https:\/\/retkilemi.fi\/index.php?rest_route=\/wp\/v2\/product"}],"about":[{"href":"https:\/\/retkilemi.fi\/index.php?rest_route=\/wp\/v2\/types\/product"}],"replies":[{"embeddable":true,"href":"https:\/\/retkilemi.fi\/index.php?rest_route=%2Fwp%2Fv2%2Fcomments&post=3646"}],"wp:featuredmedia":[{"embeddable":true,"href":"https:\/\/retkilemi.fi\/index.php?rest_route=\/wp\/v2\/media\/3647"}],"wp:attachment":[{"href":"https:\/\/retkilemi.fi\/index.php?rest_route=%2Fwp%2Fv2%2Fmedia&parent=3646"}],"wp:term":[{"taxonomy":"product_brand","embeddable":true,"href":"https:\/\/retkilemi.fi\/index.php?rest_route=%2Fwp%2Fv2%2Fproduct_brand&post=3646"},{"taxonomy":"product_cat","embeddable":true,"href":"https:\/\/retkilemi.fi\/index.php?rest_route=%2Fwp%2Fv2%2Fproduct_cat&post=3646"},{"taxonomy":"product_tag","embeddable":true,"href":"https:\/\/retkilemi.fi\/index.php?rest_route=%2Fwp%2Fv2%2Fproduct_tag&post=3646"}],"curies":[{"name":"wp","href":"https:\/\/api.w.org\/{rel}","templated":true}]}}