{"id":3656,"date":"2022-07-13T21:47:19","date_gmt":"2022-07-13T18:47:19","guid":{"rendered":"https:\/\/retkilemi.fi\/?post_type=product&#038;p=3656"},"modified":"2024-04-16T11:41:57","modified_gmt":"2024-04-16T08:41:57","slug":"makkaratikku-teleskooppi-pullonavaaja","status":"publish","type":"product","link":"https:\/\/retkilemi.fi\/?product=makkaratikku-teleskooppi-pullonavaaja","title":{"rendered":"Makkaratikku teleskooppi + pullonavaaja"},"content":{"rendered":"<p>Retki luonnossa, pilkkiretki, marjastusretki \u2013 ei ole retke\u00e4, jossa ev\u00e4stauko ei maistuisi! Retki Makkaratikku on pieneen kokoon pakkautuva ja 75,5 cm kokoon avautuva makkaratikku.<\/p>\n<p>Tikun p\u00e4\u00e4ss\u00e4 olevalla pullonavaajalla suhautat kylm\u00e4t retki- tai saunajuomat auki kuuman makkaran seuraksi. Ripusta tyylik\u00e4s puukahvainen makkaratikku nahkaremmist\u00e4 tuvan naulakkoon odottamaan seuraavaa retke\u00e4.<\/p>\n<p>Puukahva tammea<br \/>\nPullonavaaja<br \/>\nNahkainen remmi<\/p>\n","protected":false},"excerpt":{"rendered":"<p>Pieneen kokoon pakkautuva teleskooppimakkaratikku nahkaisella ripustuslenkill\u00e4 sek\u00e4 pullonavaajalla.<\/p>\n","protected":false},"featured_media":3657,"comment_status":"open","ping_status":"closed","template":"","meta":{"inline_featured_image":false},"product_brand":[],"product_cat":[55,142,280],"product_tag":[432,433],"class_list":{"0":"post-3656","1":"product","2":"type-product","3":"status-publish","4":"has-post-thumbnail","6":"product_cat-kalastus","7":"product_cat-ruokailu","8":"product_cat-tarjouksessa","9":"product_tag-makkara","10":"product_tag-makkaratikku","12":"first","13":"instock","14":"sale","15":"taxable","16":"shipping-taxable","17":"purchasable","18":"product-type-simple"},"_links":{"self":[{"href":"https:\/\/retkilemi.fi\/index.php?rest_route=\/wp\/v2\/product\/3656","targetHints":{"allow":["GET"]}}],"collection":[{"href":"https:\/\/retkilemi.fi\/index.php?rest_route=\/wp\/v2\/product"}],"about":[{"href":"https:\/\/retkilemi.fi\/index.php?rest_route=\/wp\/v2\/types\/product"}],"replies":[{"embeddable":true,"href":"https:\/\/retkilemi.fi\/index.php?rest_route=%2Fwp%2Fv2%2Fcomments&post=3656"}],"wp:featuredmedia":[{"embeddable":true,"href":"https:\/\/retkilemi.fi\/index.php?rest_route=\/wp\/v2\/media\/3657"}],"wp:attachment":[{"href":"https:\/\/retkilemi.fi\/index.php?rest_route=%2Fwp%2Fv2%2Fmedia&parent=3656"}],"wp:term":[{"taxonomy":"product_brand","embeddable":true,"href":"https:\/\/retkilemi.fi\/index.php?rest_route=%2Fwp%2Fv2%2Fproduct_brand&post=3656"},{"taxonomy":"product_cat","embeddable":true,"href":"https:\/\/retkilemi.fi\/index.php?rest_route=%2Fwp%2Fv2%2Fproduct_cat&post=3656"},{"taxonomy":"product_tag","embeddable":true,"href":"https:\/\/retkilemi.fi\/index.php?rest_route=%2Fwp%2Fv2%2Fproduct_tag&post=3656"}],"curies":[{"name":"wp","href":"https:\/\/api.w.org\/{rel}","templated":true}]}}