{"id":3668,"date":"2022-07-13T21:58:18","date_gmt":"2022-07-13T18:58:18","guid":{"rendered":"https:\/\/retkilemi.fi\/?post_type=product&#038;p=3668"},"modified":"2025-01-31T13:16:42","modified_gmt":"2025-01-31T11:16:42","slug":"reppu-hohto-20-l-harmaa","status":"publish","type":"product","link":"https:\/\/retkilemi.fi\/?product=reppu-hohto-20-l-harmaa","title":{"rendered":"Reppu Hohto 20 l harmaa"},"content":{"rendered":"<p>Uusi Hohto-reppu s\u00e4ihkyv\u00e4ll\u00e4 kankaalla! Reppu on valmistettu vett\u00e4hylkiv\u00e4st\u00e4 materiaalista. Repun saa k\u00e4tev\u00e4sti pakattua sen sis\u00e4puolelle kiinnitettyyn s\u00e4ilytyspussiin.<\/p>\n<ul>\n<li>Tilavuus 20 l<\/li>\n<li>Materiaali pinnoitettu polyester, vett\u00e4hylkiv\u00e4<\/li>\n<li>Mitat: L 31 x K 45,5 x S 14 cm<\/li>\n<\/ul>\n","protected":false},"excerpt":{"rendered":"<p>Retken uusi Hohto-reppu saa kantajansa s\u00e4ihkym\u00e4\u00e4n!<\/p>\n","protected":false},"featured_media":3669,"comment_status":"open","ping_status":"closed","template":"","meta":{"inline_featured_image":false},"product_brand":[],"product_cat":[141,280],"product_tag":[226],"class_list":{"0":"post-3668","1":"product","2":"type-product","3":"status-publish","4":"has-post-thumbnail","6":"product_cat-rinkat","7":"product_cat-tarjouksessa","8":"product_tag-reppu","10":"first","11":"instock","12":"taxable","13":"shipping-taxable","14":"purchasable","15":"product-type-simple"},"_links":{"self":[{"href":"https:\/\/retkilemi.fi\/index.php?rest_route=\/wp\/v2\/product\/3668","targetHints":{"allow":["GET"]}}],"collection":[{"href":"https:\/\/retkilemi.fi\/index.php?rest_route=\/wp\/v2\/product"}],"about":[{"href":"https:\/\/retkilemi.fi\/index.php?rest_route=\/wp\/v2\/types\/product"}],"replies":[{"embeddable":true,"href":"https:\/\/retkilemi.fi\/index.php?rest_route=%2Fwp%2Fv2%2Fcomments&post=3668"}],"wp:featuredmedia":[{"embeddable":true,"href":"https:\/\/retkilemi.fi\/index.php?rest_route=\/wp\/v2\/media\/3669"}],"wp:attachment":[{"href":"https:\/\/retkilemi.fi\/index.php?rest_route=%2Fwp%2Fv2%2Fmedia&parent=3668"}],"wp:term":[{"taxonomy":"product_brand","embeddable":true,"href":"https:\/\/retkilemi.fi\/index.php?rest_route=%2Fwp%2Fv2%2Fproduct_brand&post=3668"},{"taxonomy":"product_cat","embeddable":true,"href":"https:\/\/retkilemi.fi\/index.php?rest_route=%2Fwp%2Fv2%2Fproduct_cat&post=3668"},{"taxonomy":"product_tag","embeddable":true,"href":"https:\/\/retkilemi.fi\/index.php?rest_route=%2Fwp%2Fv2%2Fproduct_tag&post=3668"}],"curies":[{"name":"wp","href":"https:\/\/api.w.org\/{rel}","templated":true}]}}