{"id":3720,"date":"2022-08-02T08:32:24","date_gmt":"2022-08-02T05:32:24","guid":{"rendered":"https:\/\/retkilemi.fi\/?post_type=product&#038;p=3720"},"modified":"2024-08-30T17:41:31","modified_gmt":"2024-08-30T14:41:31","slug":"supreme-basic-kuulosuojain","status":"publish","type":"product","link":"https:\/\/retkilemi.fi\/?product=supreme-basic-kuulosuojain","title":{"rendered":"Supreme Basic kuulosuojain"},"content":{"rendered":"<p>Matalaprofiilinen aktiivinen kupukuulonsuojain p\u00e4\u00e4lakisangalla. Korkealuokkainen ja painonappien ansiosta helppok\u00e4ytt\u00f6inen kuuleva tasorajoitteinen perusmalli, joka on suunniteltu esim. mets\u00e4stykseen, ammuntaan ja ammattik\u00e4ytt\u00f6\u00f6n. Tummanharmaa keinonahkainen p\u00e4\u00e4panta ja tummanvihre\u00e4t kupit. Sordin Supreme-sarja on kehitetty parantamaan ty\u00f6ymp\u00e4rist\u00f6\u00e4si ja my\u00f6s vapaa-aikaasi, kun oleskelet melussa.<\/p>\n<p>Modernin tasorajoitteisen toiminnan ansiosta kuulet keskustelun, varoitussignaalit, liikkuvien autojen \u00e4\u00e4net ja muut t\u00e4rke\u00e4t tai turvallisuuteen vaikuttavat asiat selke\u00e4sti ja poikkeuksellisen luonnollisina, mutta olet samalla suojattu kuulolle vaarallisen voimakkailta \u00e4\u00e4nilt\u00e4. Basic -malli ei vahvista heikkoja \u00e4\u00e4ni\u00e4, vaan suhde on 1:1. Kupuihin integroitujen kuulokkeiden \u00e4\u00e4ni on rajoitettu turvalliselle 82dB:n tasolle. Malli sopii litte\u00e4n profiilin ansiosta k\u00e4ytett\u00e4v\u00e4ksi my\u00f6s sotilaskyp\u00e4r\u00e4n alla. Kaikki toiminnot suunniteltu k\u00e4ytett\u00e4viksi my\u00f6s k\u00e4sineet k\u00e4dess\u00e4.<\/p>\n<p>Nelj\u00e4portainen \u00e4\u00e4nenvoimakkuuss\u00e4\u00e4t\u00f6 tarjoaa erilaisiin ymp\u00e4rist\u00f6ihin sopivat tasot. Automaattinen virrankatkaisu ennakkovaroitus\u00e4\u00e4nell\u00e4 4 h j\u00e4lkeen, mik\u00e4li mit\u00e4\u00e4n painiketta ei ole painettu: Toiminto s\u00e4\u00e4st\u00e4\u00e4 paristoja my\u00f6hemp\u00e4\u00e4 tarvetta varten.<\/p>\n<p>Toimii 2xAA (LR06) paristoilla, sis. toimitukseen. Toiminta-aika n. 150 h (=esim. 7 h \/arkipv k\u00e4ytt\u00f6\u00e4 n. 1 kk ajan). Paino 312 g. Kompakti kuljetusasento. Kokoluokitus: M-L. P\u00e4\u00e4lakisangan materiaali keinonahka: 50 % puuvilla, 20 % polyesteri, 30 % polyuretaani, ruostumaton jousiter\u00e4s, muovi. Pehmuste- ja vaimennusmateriaali: PVC-kalvo, TPU-vaahto. T\u00e4ytt\u00e4\u00e4 CE EN352-1, EN352-4 ja EN352-6 standardien vaatimukset. Maksimielinik\u00e4 poikkeuksellisen pitk\u00e4 10 vuotta. Materiaali- ja valmistusvirhetakuu 2 vuotta. Valmistusmaa Ruotsi.<\/p>\n","protected":false},"excerpt":{"rendered":"<p>Sordin supreme elktroninen kuulosuojain<\/p>\n","protected":false},"featured_media":3721,"comment_status":"open","ping_status":"closed","template":"","meta":{"inline_featured_image":false},"product_brand":[],"product_cat":[139,280],"product_tag":[441,375,442,439,440],"class_list":{"0":"post-3720","1":"product","2":"type-product","3":"status-publish","4":"has-post-thumbnail","6":"product_cat-elektroniikka","7":"product_cat-tarjouksessa","8":"product_tag-basic","9":"product_tag-kuulosuojain","10":"product_tag-kuulosuojaus","11":"product_tag-sordin","12":"product_tag-supreme","14":"first","15":"instock","16":"sale","17":"taxable","18":"shipping-taxable","19":"purchasable","20":"product-type-simple"},"_links":{"self":[{"href":"https:\/\/retkilemi.fi\/index.php?rest_route=\/wp\/v2\/product\/3720","targetHints":{"allow":["GET"]}}],"collection":[{"href":"https:\/\/retkilemi.fi\/index.php?rest_route=\/wp\/v2\/product"}],"about":[{"href":"https:\/\/retkilemi.fi\/index.php?rest_route=\/wp\/v2\/types\/product"}],"replies":[{"embeddable":true,"href":"https:\/\/retkilemi.fi\/index.php?rest_route=%2Fwp%2Fv2%2Fcomments&post=3720"}],"wp:featuredmedia":[{"embeddable":true,"href":"https:\/\/retkilemi.fi\/index.php?rest_route=\/wp\/v2\/media\/3721"}],"wp:attachment":[{"href":"https:\/\/retkilemi.fi\/index.php?rest_route=%2Fwp%2Fv2%2Fmedia&parent=3720"}],"wp:term":[{"taxonomy":"product_brand","embeddable":true,"href":"https:\/\/retkilemi.fi\/index.php?rest_route=%2Fwp%2Fv2%2Fproduct_brand&post=3720"},{"taxonomy":"product_cat","embeddable":true,"href":"https:\/\/retkilemi.fi\/index.php?rest_route=%2Fwp%2Fv2%2Fproduct_cat&post=3720"},{"taxonomy":"product_tag","embeddable":true,"href":"https:\/\/retkilemi.fi\/index.php?rest_route=%2Fwp%2Fv2%2Fproduct_tag&post=3720"}],"curies":[{"name":"wp","href":"https:\/\/api.w.org\/{rel}","templated":true}]}}