{"id":3727,"date":"2022-08-05T06:47:17","date_gmt":"2022-08-05T03:47:17","guid":{"rendered":"https:\/\/retkilemi.fi\/?post_type=product&#038;p=3727"},"modified":"2024-01-30T06:45:39","modified_gmt":"2024-01-30T04:45:39","slug":"brava-pentuaitaus-musta","status":"publish","type":"product","link":"https:\/\/retkilemi.fi\/?product=brava-pentuaitaus-musta","title":{"rendered":"Brava Pentuaitaus, musta"},"content":{"rendered":"<p>Elementtien v\u00e4leiss\u00e4 on metalliset kiinnikkeet. Yksi paneeliv\u00e4li on avoin, v\u00e4li suljetaan toimitukseen sis\u00e4ltyvill\u00e4 metallisilla pistoolilukoilla. Aitaus on todella nopea pystytt\u00e4\u00e4, varastoitaessa aitaus taittuu pituudeltaan ja leveydelt\u00e4\u00e4n yhden paneelin kokoiseen nippuun. Aitauksen mukana on siirrett\u00e4v\u00e4 muovikahva.<br \/>\nAitausta voidaan k\u00e4ytt\u00e4\u00e4 my\u00f6s tilanjakajana \/ aitana yhden avoimen paneeliv\u00e4lin ansiosta.<\/p>\n<p><b>V\u00e4ri:<\/b>\u00a0Musta.<br \/>\n<b>Koot:<\/b><br \/>\n<b>M<\/b>\u00a08 kpl 61 x 61 cm kokoista paneelia<br \/>\n<b>L<\/b>\u00a08 kpl 61 x 91 cm kokoista paneelia.<\/p>\n","protected":false},"excerpt":{"rendered":"<p>Tukeva metallinen pentuaitaus, joka koostuu kahdeksasta valmiiksi kiinni toisissaan olevasta paneelista.<\/p>\n","protected":false},"featured_media":3728,"comment_status":"open","ping_status":"closed","template":"","meta":{"inline_featured_image":false},"product_brand":[],"product_cat":[386,578],"product_tag":[447,449,448],"class_list":{"0":"post-3727","1":"product","2":"type-product","3":"status-publish","4":"has-post-thumbnail","6":"product_cat-koti-ja-asuminen","7":"product_cat-pennut-ja-kasvatus","8":"product_tag-aitaus","9":"product_tag-h","10":"product_tag-pentuaitaus","12":"first","13":"instock","14":"taxable","15":"shipping-taxable","16":"purchasable","17":"product-type-variable"},"_links":{"self":[{"href":"https:\/\/retkilemi.fi\/index.php?rest_route=\/wp\/v2\/product\/3727","targetHints":{"allow":["GET"]}}],"collection":[{"href":"https:\/\/retkilemi.fi\/index.php?rest_route=\/wp\/v2\/product"}],"about":[{"href":"https:\/\/retkilemi.fi\/index.php?rest_route=\/wp\/v2\/types\/product"}],"replies":[{"embeddable":true,"href":"https:\/\/retkilemi.fi\/index.php?rest_route=%2Fwp%2Fv2%2Fcomments&post=3727"}],"wp:featuredmedia":[{"embeddable":true,"href":"https:\/\/retkilemi.fi\/index.php?rest_route=\/wp\/v2\/media\/3728"}],"wp:attachment":[{"href":"https:\/\/retkilemi.fi\/index.php?rest_route=%2Fwp%2Fv2%2Fmedia&parent=3727"}],"wp:term":[{"taxonomy":"product_brand","embeddable":true,"href":"https:\/\/retkilemi.fi\/index.php?rest_route=%2Fwp%2Fv2%2Fproduct_brand&post=3727"},{"taxonomy":"product_cat","embeddable":true,"href":"https:\/\/retkilemi.fi\/index.php?rest_route=%2Fwp%2Fv2%2Fproduct_cat&post=3727"},{"taxonomy":"product_tag","embeddable":true,"href":"https:\/\/retkilemi.fi\/index.php?rest_route=%2Fwp%2Fv2%2Fproduct_tag&post=3727"}],"curies":[{"name":"wp","href":"https:\/\/api.w.org\/{rel}","templated":true}]}}