{"id":3733,"date":"2022-08-05T06:52:42","date_gmt":"2022-08-05T03:52:42","guid":{"rendered":"https:\/\/retkilemi.fi\/?post_type=product&#038;p=3733"},"modified":"2024-01-29T21:57:09","modified_gmt":"2024-01-29T19:57:09","slug":"caninecare-koiran-pissa-alusta-super-plus-25-kpl-70x130cm","status":"publish","type":"product","link":"https:\/\/retkilemi.fi\/?product=caninecare-koiran-pissa-alusta-super-plus-25-kpl-70x130cm","title":{"rendered":"CanineCare Koiran pissa-alusta Super Plus, 25 kpl, 70x130cm"},"content":{"rendered":"<p>Superimukykyinen koiran pissa-alusta, joka imee jopa 200 x oman painonsa verran nestett\u00e4 s\u00e4ilyen silti pintakuivana. Alustan vuotosuojattu tausta ja suljetut reunat lukitsevat nesteen sis\u00e4\u00e4ns\u00e4 ja suojaavat siten lattian ja ymp\u00e4rist\u00f6n kosteudelta, tahroilta ja hajuilta. Kertak\u00e4ytt\u00f6inen alusta on nopea vaihtaa uuteen mik\u00e4 helpottaa mm. kenneleiss\u00e4 pentujen hoitoa ja ymp\u00e4rist\u00f6n siisteydest\u00e4 ja hygieniasta huolehtimista. Pintakuiva alusta ei tahri pentuja ja tuntuu mukavalta pienten tassujen alla. Suurempi imukyky ja alustan reilu koko palvelee mm. pentueen, suurikokoisen koiranpennun tai pid\u00e4tysongelmista k\u00e4rsivien aikuisten koirien hoidossa.<\/p>\n<p>CanineCare Koiran pissa-alusta Super Plus on kenneleiden ohella omiaan miss\u00e4 tahansa koirakodin erityistarpeessa. Se helpottaa koiranpentujen sis\u00e4siisteysopetusta ja toimii erinomaisesti mm. toipilailla, sairailla, senioreilla sek\u00e4 esim. autonpenkin tai kuljetush\u00e4kin suojana.<\/p>\n<p>Erityinen ihmisnen\u00e4lle neutraali hajuste houkuttelee lemmikit hakeutumaan alustalle h\u00e4d\u00e4n yll\u00e4tt\u00e4ess\u00e4. Alustat valmistetaan edistyneell\u00e4 teknologialla huippuimykykyisest\u00e4 polymeerist\u00e4.<\/p>\n<p>&#8211; Helpottaa koiranpennun sis\u00e4siisteysopetusta<br \/>\n&#8211; Imee 200 x oman painonsa verran nestett\u00e4 ja pysyy silti pintakuivana<br \/>\n&#8211; Vuotosuojattu tausta suojaa lattiaa<br \/>\n&#8211; Neutraloi hajuja<br \/>\n&#8211; Soveltuu my\u00f6s sairaille, toipilaille (esim. leikkauksen tai rauhoituksen j\u00e4lkeen), senioreille, kuljetush\u00e4kkiin, autoon ja kenneleihin (synnytyksiin, pentulaatikkoon, pentuaitaukseen).<\/p>\n<p><b>K\u00e4ytt\u00f6 koiranpennun sis\u00e4siisteysharjoittelussa:<\/b><br \/>\n1. Sijoita alusta paikkaan, johon pennun on helppo p\u00e4\u00e4st\u00e4, mutta joka on erill\u00e4\u00e4n nukkumis- ja ruokailupaikasta.<br \/>\n2. Nosta pentu alustalle ruokailun ja leikkituokion j\u00e4lkeen.<br \/>\n3. Kiit\u00e4 ja palkitse pentua, kun se tekee tarpeensa alustalle. \u00c4l\u00e4 rankaise v\u00e4\u00e4r\u00e4\u00e4n paikkaan sattuneesta vahingosta.<br \/>\n4. Kun pentu tekee asiansa s\u00e4\u00e4nn\u00f6llisesti alustalle, siirr\u00e4 alustaa l\u00e4hemm\u00e4s ulko-ovea, jotta pentu oppii hakeutumaan ovelle ja pyyt\u00e4m\u00e4\u00e4n ulos.<\/p>\n<p><b>Pakkaus:<\/b>\u00a025 kpl \/ 70 x 130 cm<\/p>\n","protected":false},"excerpt":{"rendered":"<p>Huippuimukykyinen, reilun kokoinen pissa-alusta lemmikeille.<\/p>\n","protected":false},"featured_media":3734,"comment_status":"open","ping_status":"closed","template":"","meta":{"inline_featured_image":false},"product_brand":[],"product_cat":[386,578,280],"product_tag":[341,450],"class_list":{"0":"post-3733","1":"product","2":"type-product","3":"status-publish","4":"has-post-thumbnail","6":"product_cat-koti-ja-asuminen","7":"product_cat-pennut-ja-kasvatus","8":"product_cat-tarjouksessa","9":"product_tag-alusta","10":"product_tag-pissa-alusta","12":"first","13":"instock","14":"taxable","15":"shipping-taxable","16":"purchasable","17":"product-type-simple"},"_links":{"self":[{"href":"https:\/\/retkilemi.fi\/index.php?rest_route=\/wp\/v2\/product\/3733","targetHints":{"allow":["GET"]}}],"collection":[{"href":"https:\/\/retkilemi.fi\/index.php?rest_route=\/wp\/v2\/product"}],"about":[{"href":"https:\/\/retkilemi.fi\/index.php?rest_route=\/wp\/v2\/types\/product"}],"replies":[{"embeddable":true,"href":"https:\/\/retkilemi.fi\/index.php?rest_route=%2Fwp%2Fv2%2Fcomments&post=3733"}],"wp:featuredmedia":[{"embeddable":true,"href":"https:\/\/retkilemi.fi\/index.php?rest_route=\/wp\/v2\/media\/3734"}],"wp:attachment":[{"href":"https:\/\/retkilemi.fi\/index.php?rest_route=%2Fwp%2Fv2%2Fmedia&parent=3733"}],"wp:term":[{"taxonomy":"product_brand","embeddable":true,"href":"https:\/\/retkilemi.fi\/index.php?rest_route=%2Fwp%2Fv2%2Fproduct_brand&post=3733"},{"taxonomy":"product_cat","embeddable":true,"href":"https:\/\/retkilemi.fi\/index.php?rest_route=%2Fwp%2Fv2%2Fproduct_cat&post=3733"},{"taxonomy":"product_tag","embeddable":true,"href":"https:\/\/retkilemi.fi\/index.php?rest_route=%2Fwp%2Fv2%2Fproduct_tag&post=3733"}],"curies":[{"name":"wp","href":"https:\/\/api.w.org\/{rel}","templated":true}]}}