{"id":3736,"date":"2022-08-05T07:00:38","date_gmt":"2022-08-05T04:00:38","guid":{"rendered":"https:\/\/retkilemi.fi\/?post_type=product&#038;p=3736"},"modified":"2022-08-05T07:00:38","modified_gmt":"2022-08-05T04:00:38","slug":"lemmikkiportin-jatkopala-matalaan-porttiin","status":"publish","type":"product","link":"https:\/\/retkilemi.fi\/?product=lemmikkiportin-jatkopala-matalaan-porttiin","title":{"rendered":"Lemmikkiportin Jatkopala , Matalaan porttiin"},"content":{"rendered":"<p>Jatkopalojen avulla sovitat porttisi erikokoisiin oviaukkoihin.<br \/>\nT\u00e4m\u00e4 jatkopala on tarkoitettu VIP-Lemmikkiportin kanssa k\u00e4ytett\u00e4v\u00e4ksi. Voit yhdist\u00e4\u00e4 jatkopalan toisiin jatkopaloihin sopivan leveyden aikaansaamiseksi. Kun portin kanssa k\u00e4ytet\u00e4\u00e4n useita per\u00e4kk\u00e4isi\u00e4 jatkopaloja, portin tukevuutta ei voi taata. Jatkopaloja k\u00e4ytett\u00e4ess\u00e4 on asennuksessa kiinnitett\u00e4v\u00e4 erityist\u00e4 huomiota, ett\u00e4 portti on suorassa, se on asennettu tasaiselle alustalle ja portin vastakappaleita on ehdottomasti k\u00e4ytett\u00e4v\u00e4.<\/p>\n","protected":false},"excerpt":{"rendered":"<p>Jatkopalojen avulla sovitat porttisi erikokoisiin oviaukkoihin. T\u00e4m\u00e4 jatkopala on tarkoitettu VIP-Lemmikkiportin kanssa k\u00e4ytett\u00e4v\u00e4ksi. Voit yhdist\u00e4\u00e4 jatkopalan toisiin jatkopaloihin sopivan leveyden aikaansaamiseksi. Kun portin kanssa k\u00e4ytet\u00e4\u00e4n useita per\u00e4kk\u00e4isi\u00e4 jatkopaloja, portin tukevuutta ei voi taata. Jatkopaloja k\u00e4ytett\u00e4ess\u00e4 on asennuksessa kiinnitett\u00e4v\u00e4 erityist\u00e4 huomiota, ett\u00e4 portti on suorassa, se on asennettu tasaiselle alustalle ja portin vastakappaleita on ehdottomasti k\u00e4ytett\u00e4v\u00e4.<\/p>\n","protected":false},"featured_media":3739,"comment_status":"open","ping_status":"closed","template":"","meta":{"inline_featured_image":false},"product_brand":[],"product_cat":[386],"product_tag":[454,453],"class_list":{"0":"post-3736","1":"product","2":"type-product","3":"status-publish","4":"has-post-thumbnail","6":"product_cat-koti-ja-asuminen","7":"product_tag-jatkopala","8":"product_tag-lemmikkiportti","10":"first","11":"instock","12":"taxable","13":"shipping-taxable","14":"purchasable","15":"product-type-variable"},"_links":{"self":[{"href":"https:\/\/retkilemi.fi\/index.php?rest_route=\/wp\/v2\/product\/3736","targetHints":{"allow":["GET"]}}],"collection":[{"href":"https:\/\/retkilemi.fi\/index.php?rest_route=\/wp\/v2\/product"}],"about":[{"href":"https:\/\/retkilemi.fi\/index.php?rest_route=\/wp\/v2\/types\/product"}],"replies":[{"embeddable":true,"href":"https:\/\/retkilemi.fi\/index.php?rest_route=%2Fwp%2Fv2%2Fcomments&post=3736"}],"wp:featuredmedia":[{"embeddable":true,"href":"https:\/\/retkilemi.fi\/index.php?rest_route=\/wp\/v2\/media\/3739"}],"wp:attachment":[{"href":"https:\/\/retkilemi.fi\/index.php?rest_route=%2Fwp%2Fv2%2Fmedia&parent=3736"}],"wp:term":[{"taxonomy":"product_brand","embeddable":true,"href":"https:\/\/retkilemi.fi\/index.php?rest_route=%2Fwp%2Fv2%2Fproduct_brand&post=3736"},{"taxonomy":"product_cat","embeddable":true,"href":"https:\/\/retkilemi.fi\/index.php?rest_route=%2Fwp%2Fv2%2Fproduct_cat&post=3736"},{"taxonomy":"product_tag","embeddable":true,"href":"https:\/\/retkilemi.fi\/index.php?rest_route=%2Fwp%2Fv2%2Fproduct_tag&post=3736"}],"curies":[{"name":"wp","href":"https:\/\/api.w.org\/{rel}","templated":true}]}}