{"id":3833,"date":"2022-10-06T06:32:14","date_gmt":"2022-10-06T03:32:14","guid":{"rendered":"https:\/\/retkilemi.fi\/?post_type=product&#038;p=3833"},"modified":"2025-03-11T16:50:07","modified_gmt":"2025-03-11T14:50:07","slug":"tornado-turkinkuivain","status":"publish","type":"product","link":"https:\/\/retkilemi.fi\/?product=tornado-turkinkuivain","title":{"rendered":"TORNADO TURKINKUIVAIN"},"content":{"rendered":"<p>Tornado on tekniikan l\u00e4pimurto lemmikkiel\u00e4inten kuivaajissa. Nimest\u00e4\u00e4n huolimatta se kuivaa luonnollisesti ja hiljaisesti. Sopii my\u00f6s ammattilaisk\u00e4ytt\u00f6\u00f6n. Pitk\u00e4 letku, kaksi vaihtosuutinta ja jalat luistamattomilla kumitassuilla mahdollistavat kuivaajan mukautumisen eri kokoisten ja turkkityyppisten lemmikkien kuivaamiseen.<\/p>\n<p>Ominaisuuksia:<br \/>\n&#8211; Eritt\u00e4in kest\u00e4v\u00e4 l\u00e4mmitin ja moottori<br \/>\n&#8211; Eritt\u00e4in tehokas (2800W) ja suurinopeuksinen moottori poistaa tehokkaasti, mutta hell\u00e4varaisesti suurenkin m\u00e4\u00e4r\u00e4n vett\u00e4 turkista<br \/>\n&#8211; Manuaalinen ja portaaton puhalluksen voimakkuudens\u00e4\u00e4t\u00f6, puhallusnopeus 38-48m\/s<br \/>\n&#8211; Puhallusl\u00e4mp\u00f6tila 40-60\u00b0C, valitaan napista joko viile\u00e4 tai l\u00e4mmin puhallus<br \/>\n&#8211; Nelj\u00e4 jalkaa, joissa kumitassut<br \/>\n&#8211; Kaksinkertainen, helposti huollettava ja pest\u00e4v\u00e4 suodatin<br \/>\n&#8211; Kest\u00e4v\u00e4, kolminkertainen, vahvistettu, noin 90 cm pitk\u00e4 letku, joka venyy kaksinkertaiseksi<br \/>\n&#8211; Kaksi erilaista suulaketta<br \/>\n&#8211; P\u00e4\u00e4ll\u00e4 tukeva kantokahva<br \/>\n&#8211; V\u00e4ri musta<br \/>\n&#8211; CE-hyv\u00e4ksytty<br \/>\n&#8211; \u00c4\u00e4ni n. 68 dB<br \/>\n&#8211; Takuu 12 kk<\/p>\n<p>&nbsp;<\/p>\n","protected":false},"excerpt":{"rendered":"<p>Tornado on tekniikan l\u00e4pimurto lemmikkiel\u00e4inten kuivaajissa. Nimest\u00e4\u00e4n huolimatta se kuivaa luonnollisesti ja hiljaisesti. Sopii my\u00f6s ammattilaisk\u00e4ytt\u00f6\u00f6n. Pitk\u00e4 letku, kaksi vaihtosuutinta ja jalat luistamattomilla kumitassuilla mahdollistavat kuivaajan mukautumisen eri kokoisten ja turkkityyppisten lemmikkien kuivaamiseen. Ominaisuuksia: &#8211; Eritt\u00e4in kest\u00e4v\u00e4 l\u00e4mmitin ja moottori &#8211; Eritt\u00e4in tehokas (2800W) ja suurinopeuksinen moottori poistaa tehokkaasti, mutta hell\u00e4varaisesti suurenkin m\u00e4\u00e4r\u00e4n vett\u00e4 turkista &hellip; <\/p>\n<p class=\"more-link-wrap\"><a href=\"https:\/\/retkilemi.fi\/?product=tornado-turkinkuivain\" class=\"more-link\"><span>Read More<span class=\"screen-reader-text\"> &#8221;TORNADO TURKINKUIVAIN&#8221;<\/span><\/span><\/a><\/p>\n","protected":false},"featured_media":3834,"comment_status":"open","ping_status":"closed","template":"","meta":{"inline_featured_image":false},"product_brand":[],"product_cat":[280,519],"product_tag":[490,489,488],"class_list":{"0":"post-3833","1":"product","2":"type-product","3":"status-publish","4":"has-post-thumbnail","6":"product_cat-tarjouksessa","7":"product_cat-turkin-hoito","8":"product_tag-tehofooni","9":"product_tag-tornado","10":"product_tag-turkinkuivaus","12":"first","13":"onbackorder","14":"taxable","15":"shipping-taxable","16":"purchasable","17":"product-type-simple"},"_links":{"self":[{"href":"https:\/\/retkilemi.fi\/index.php?rest_route=\/wp\/v2\/product\/3833","targetHints":{"allow":["GET"]}}],"collection":[{"href":"https:\/\/retkilemi.fi\/index.php?rest_route=\/wp\/v2\/product"}],"about":[{"href":"https:\/\/retkilemi.fi\/index.php?rest_route=\/wp\/v2\/types\/product"}],"replies":[{"embeddable":true,"href":"https:\/\/retkilemi.fi\/index.php?rest_route=%2Fwp%2Fv2%2Fcomments&post=3833"}],"wp:featuredmedia":[{"embeddable":true,"href":"https:\/\/retkilemi.fi\/index.php?rest_route=\/wp\/v2\/media\/3834"}],"wp:attachment":[{"href":"https:\/\/retkilemi.fi\/index.php?rest_route=%2Fwp%2Fv2%2Fmedia&parent=3833"}],"wp:term":[{"taxonomy":"product_brand","embeddable":true,"href":"https:\/\/retkilemi.fi\/index.php?rest_route=%2Fwp%2Fv2%2Fproduct_brand&post=3833"},{"taxonomy":"product_cat","embeddable":true,"href":"https:\/\/retkilemi.fi\/index.php?rest_route=%2Fwp%2Fv2%2Fproduct_cat&post=3833"},{"taxonomy":"product_tag","embeddable":true,"href":"https:\/\/retkilemi.fi\/index.php?rest_route=%2Fwp%2Fv2%2Fproduct_tag&post=3833"}],"curies":[{"name":"wp","href":"https:\/\/api.w.org\/{rel}","templated":true}]}}