{"id":3837,"date":"2022-10-07T06:33:37","date_gmt":"2022-10-07T03:33:37","guid":{"rendered":"https:\/\/retkilemi.fi\/?post_type=product&#038;p=3837"},"modified":"2024-04-16T11:41:08","modified_gmt":"2024-04-16T08:41:08","slug":"lovepaws-tassuvaha-wanted-aijavaha-40-ml","status":"publish","type":"product","link":"https:\/\/retkilemi.fi\/?product=lovepaws-tassuvaha-wanted-aijavaha-40-ml","title":{"rendered":"LovePaws\u00ae Tassuvaha WANTED \u00c4ij\u00e4vaha, 40 ml"},"content":{"rendered":"<p>Tassuvaha on saanut katu-uskottavan ulkon\u00e4\u00f6n lis\u00e4ksi sekaansa Lapin piki\u00f6ljy\u00e4, joka tehostaa ominaisuuksia entisest\u00e4\u00e4n. Piki\u00f6ljy on jalostettu tervasta ja sen sanotaan olevan viel\u00e4 parempaa ihon ja haavojen hoidossa. Lis\u00e4ksi sen maskuliininen tuoksu on useimpien koirien mielest\u00e4 ep\u00e4mieluisa, joten koirat j\u00e4tt\u00e4v\u00e4t vahalla k\u00e4sitellyn alueen rauhaan ja tuotteen imeytym\u00e4\u00e4n.<br \/>\nLovePaws\u00ae Wanted \u00c4ij\u00e4vaha -tassuvaha on haavanhoidossa vertaansa vailla antibakteeristen ominaisuuksiensa ja piki\u00f6ljyn ansiosta. Se hoitaa ja pehment\u00e4\u00e4 tehokkaasti karheita ja kuivia tassuja sek\u00e4 ennaltaehk\u00e4isee halkeamia ja kovettumia. Vaha auttaa suojaamaan tassuja esimerkiksi pakkaselta ja kuumuudelta.<br \/>\nWanted \u00c4ij\u00e4vaha soveltuu puhtaiden valmistusaineidensa ansiosta my\u00f6s herkkien ihoalueiden hoitoon. Se kosteuttaa, hoitaa, suojaa ja rauhoittaa ihoa. Ei kirvele.<br \/>\nTassuvahaa on helppo k\u00e4ytt\u00e4\u00e4, sill\u00e4 se imeytyy nopeasti. Wanted \u00c4ij\u00e4vaha soveltuu kaiken ik\u00e4isille ja kokoisille koirille, nimest\u00e4\u00e4n huolimatta my\u00f6s tyt\u00f6ille!<\/p>\n<p>Wanted \u00c4ij\u00e4vaha on valmistettu Suomessa korkealaatuisista raaka-aineista. 100 % luonnonmukainen.<\/p>\n<p><b>sis\u00e4lt\u00e4\u00e4:<\/b>\u00a0Kookos\u00f6ljy, oliivi\u00f6ljy, sheavoi, mehil\u00e4isvaha, piki\u00f6ljy. Ei sis\u00e4ll\u00e4 vett\u00e4, lis\u00e4- tai s\u00e4il\u00f6nt\u00e4aineita.<br \/>\n<b>K\u00e4ytt\u00f6ohje:<\/b>\u00a0L\u00e4mmit\u00e4 hieman vahaa sormissa ja levit\u00e4 tassuille tai muihin hoidettaviin kohtiin. Ongelmakohtiin sivele 2-3 kertaa p\u00e4iv\u00e4ss\u00e4. S\u00e4\u00e4nn\u00f6llisess\u00e4 k\u00e4yt\u00f6ss\u00e4 k\u00e4sittely keskim\u00e4\u00e4rin 1-4 kertaa viikossa riitt\u00e4\u00e4 pit\u00e4m\u00e4\u00e4n anturat hyv\u00e4ss\u00e4 kunnossa (huomioi yksil\u00f6lliset erot). Voidaan k\u00e4ytt\u00e4\u00e4 ennen lenkki\u00e4 suojaamaan anturoita sek\u00e4 lenkin \/ pesun j\u00e4lkeen hoitamaan ihoa. Huomioi lis\u00e4\u00e4ntynyt tarve pitkien ja rankkojen suoritusten yhteydess\u00e4.<br \/>\n<b>Pakkauskoko:<\/b>\u00a040 ml.<\/p>\n","protected":false},"excerpt":{"rendered":"<p>Kotimainen LovePaws\u00ae Wanted \u00c4ij\u00e4vaha -tassuvaha on LovePaws\u00ae Luomutassuvahan tehostetumpi versio, jossa on perinteit\u00e4 vaalien k\u00e4ytetty kaikkien aikojen luotetuinta hoitometodia &#8211; tervaa.<\/p>\n","protected":false},"featured_media":3838,"comment_status":"open","ping_status":"closed","template":"","meta":{"inline_featured_image":false},"product_brand":[],"product_cat":[386],"product_tag":[491,492,293],"class_list":{"0":"post-3837","1":"product","2":"type-product","3":"status-publish","4":"has-post-thumbnail","6":"product_cat-koti-ja-asuminen","7":"product_tag-rasva","8":"product_tag-tassuvaha","9":"product_tag-vaha","11":"first","12":"instock","13":"sale","14":"taxable","15":"shipping-taxable","16":"purchasable","17":"product-type-simple"},"_links":{"self":[{"href":"https:\/\/retkilemi.fi\/index.php?rest_route=\/wp\/v2\/product\/3837","targetHints":{"allow":["GET"]}}],"collection":[{"href":"https:\/\/retkilemi.fi\/index.php?rest_route=\/wp\/v2\/product"}],"about":[{"href":"https:\/\/retkilemi.fi\/index.php?rest_route=\/wp\/v2\/types\/product"}],"replies":[{"embeddable":true,"href":"https:\/\/retkilemi.fi\/index.php?rest_route=%2Fwp%2Fv2%2Fcomments&post=3837"}],"wp:featuredmedia":[{"embeddable":true,"href":"https:\/\/retkilemi.fi\/index.php?rest_route=\/wp\/v2\/media\/3838"}],"wp:attachment":[{"href":"https:\/\/retkilemi.fi\/index.php?rest_route=%2Fwp%2Fv2%2Fmedia&parent=3837"}],"wp:term":[{"taxonomy":"product_brand","embeddable":true,"href":"https:\/\/retkilemi.fi\/index.php?rest_route=%2Fwp%2Fv2%2Fproduct_brand&post=3837"},{"taxonomy":"product_cat","embeddable":true,"href":"https:\/\/retkilemi.fi\/index.php?rest_route=%2Fwp%2Fv2%2Fproduct_cat&post=3837"},{"taxonomy":"product_tag","embeddable":true,"href":"https:\/\/retkilemi.fi\/index.php?rest_route=%2Fwp%2Fv2%2Fproduct_tag&post=3837"}],"curies":[{"name":"wp","href":"https:\/\/api.w.org\/{rel}","templated":true}]}}