{"id":3845,"date":"2022-11-26T11:40:31","date_gmt":"2022-11-26T09:40:31","guid":{"rendered":"https:\/\/retkilemi.fi\/?post_type=product&#038;p=3845"},"modified":"2024-09-22T07:52:21","modified_gmt":"2024-09-22T04:52:21","slug":"anar-dulkot-oranssi-camo-kaantotakki","status":"publish","type":"product","link":"https:\/\/retkilemi.fi\/?product=anar-dulkot-oranssi-camo-kaantotakki","title":{"rendered":"Anar Dulkot oranssi\/camo k\u00e4\u00e4nt\u00f6takki"},"content":{"rendered":"<p>Dulkot-k\u00e4\u00e4nt\u00f6takki on tyylik\u00e4s ja k\u00e4yt\u00e4nn\u00f6llinen valinta kaikenlaiseen mets\u00e4stykseen. K\u00e4\u00e4nt\u00f6takin hiljainen kangas t\u00e4ytt\u00e4\u00e4 oranssilta Digicamo-puolelta hirviel\u00e4inmets\u00e4styksen vaatimukset, ja toiselta ruskealta puolelta se on miellytt\u00e4v\u00e4\u00e4 fleece\u00e4. Takin digicamo-puolella on vett\u00e4hylkiv\u00e4, PFC-vapaa DWR-k\u00e4sittely, jonka voi l\u00e4mm\u00f6ll\u00e4 uudelleenaktivoida pesun j\u00e4lkeen tuotteen k\u00e4ytt\u00f6i\u00e4n pident\u00e4miseksi. Kaksipuolisen materiaalin v\u00e4liss\u00e4 on kalvo, jonka ansiosta k\u00e4\u00e4nt\u00f6takki on tuulenpit\u00e4v\u00e4, mutta kuitenkin hengitt\u00e4v\u00e4. Korkea kaulus, kuminauhalliset hihansuut sek\u00e4 kiristysnauhallinen helma est\u00e4v\u00e4t viiman p\u00e4\u00e4syn takin sis\u00e4lle. K\u00e4\u00e4nt\u00f6takin molemmilla puolilla on tilavat, vetoketjulliset sivutaskut sek\u00e4 vetoketjullinen rintatasku radiopuhelimelle.<\/p>\n<p>PFC-vapaa DWR-k\u00e4sittely uudelleenaktivoituu l\u00e4mm\u00f6n avulla, suositamme tekem\u00e4\u00e4n uudelleenaktivoinnin jokaisen pesun j\u00e4lkeen. Laita takki kuivausrumpuun +60\u00b0 C tai kuivauskaappiin +60\u00b0 C 4 minuutiksi, huomioi ett\u00e4 takin tulee olla t\u00e4ysin kuiva ennen DWR-k\u00e4sittelyn uudelleenaktivointia. Silityst\u00e4 ei suositella, jotta tuulenpit\u00e4v\u00e4 kalvo ei vaurioidu.<\/p>\n<ul>\n<li>K\u00e4\u00e4nt\u00f6takki oranssilla Digicamo-puolella sek\u00e4 miellytt\u00e4v\u00e4ll\u00e4 fleece-puolella<\/li>\n<li>Digicamo-puolella PFC-vapaa vedenhylkivyysk\u00e4sittely, jonka voi l\u00e4mm\u00f6ll\u00e4 uudelleenaktivoida pesun j\u00e4lkeen<\/li>\n<li>Eritt\u00e4in hengitt\u00e4v\u00e4, tuulenpit\u00e4v\u00e4 ja hiljainen kangas<\/li>\n<li>Korkea kaulus, kuminauhalliset hihansuut sek\u00e4 kiristett\u00e4v\u00e4 helma suojaavat viimalta<\/li>\n<li>Vetoketjulliset sivutaskut sek\u00e4 radiopuhelintasku molemmilla puolella<\/li>\n<li>Laadukkaat YKK-vetoketjut kest\u00e4v\u00e4t k\u00e4yt\u00f6ss\u00e4<\/li>\n<li>Suunniteltu ja testattu Suomessa<\/li>\n<\/ul>\n","protected":false},"excerpt":{"rendered":"<p>Tyylik\u00e4s ja k\u00e4yt\u00e4nn\u00f6llinen k\u00e4\u00e4nt\u00f6takki kaikenlaiseen mets\u00e4stykseen. Oranssilta Digicamo-puoli t\u00e4ytt\u00e4\u00e4 hirviel\u00e4inmets\u00e4styksen vaatimukset. K\u00e4\u00e4nt\u00f6takki on tuulenpit\u00e4v\u00e4, mutta kuitenkin hengitt\u00e4v\u00e4.<\/p>\n","protected":false},"featured_media":3853,"comment_status":"open","ping_status":"closed","template":"","meta":{"inline_featured_image":false},"product_brand":[],"product_cat":[97,182,170,280],"product_tag":[87,497,498,89],"class_list":{"0":"post-3845","1":"product","2":"type-product","3":"status-publish","4":"has-post-thumbnail","6":"product_cat-metsastysvaatteet","7":"product_cat-miesten","8":"product_cat-muut-asusteet","9":"product_cat-tarjouksessa","10":"product_tag-anar","11":"product_tag-dulkot","12":"product_tag-kaantotakki","13":"product_tag-miesten-metsastystakki","15":"first","16":"instock","17":"featured","18":"taxable","19":"shipping-taxable","20":"purchasable","21":"product-type-variable"},"_links":{"self":[{"href":"https:\/\/retkilemi.fi\/index.php?rest_route=\/wp\/v2\/product\/3845","targetHints":{"allow":["GET"]}}],"collection":[{"href":"https:\/\/retkilemi.fi\/index.php?rest_route=\/wp\/v2\/product"}],"about":[{"href":"https:\/\/retkilemi.fi\/index.php?rest_route=\/wp\/v2\/types\/product"}],"replies":[{"embeddable":true,"href":"https:\/\/retkilemi.fi\/index.php?rest_route=%2Fwp%2Fv2%2Fcomments&post=3845"}],"wp:featuredmedia":[{"embeddable":true,"href":"https:\/\/retkilemi.fi\/index.php?rest_route=\/wp\/v2\/media\/3853"}],"wp:attachment":[{"href":"https:\/\/retkilemi.fi\/index.php?rest_route=%2Fwp%2Fv2%2Fmedia&parent=3845"}],"wp:term":[{"taxonomy":"product_brand","embeddable":true,"href":"https:\/\/retkilemi.fi\/index.php?rest_route=%2Fwp%2Fv2%2Fproduct_brand&post=3845"},{"taxonomy":"product_cat","embeddable":true,"href":"https:\/\/retkilemi.fi\/index.php?rest_route=%2Fwp%2Fv2%2Fproduct_cat&post=3845"},{"taxonomy":"product_tag","embeddable":true,"href":"https:\/\/retkilemi.fi\/index.php?rest_route=%2Fwp%2Fv2%2Fproduct_tag&post=3845"}],"curies":[{"name":"wp","href":"https:\/\/api.w.org\/{rel}","templated":true}]}}