{"id":3898,"date":"2022-10-20T06:52:04","date_gmt":"2022-10-20T03:52:04","guid":{"rendered":"https:\/\/retkilemi.fi\/?post_type=product&#038;p=3898"},"modified":"2023-06-01T01:01:25","modified_gmt":"2023-05-31T22:01:25","slug":"anar-garra-pro-asepussi","status":"publish","type":"product","link":"https:\/\/retkilemi.fi\/?product=anar-garra-pro-asepussi","title":{"rendered":"Anar Garra Pro asepussi"},"content":{"rendered":"<p>Anar Garra Pro on laadukas asepussi, jossa on eritt\u00e4in vahva, lukittava kaksisuuntainen vetoketju. Muotoilun ja tilavuuden ansiosta asepussiin mahtuu kaikki yleisimm\u00e4t aseet, my\u00f6s kiv\u00e4\u00e4rit kiikareineen. Asepussissa on k\u00e4tev\u00e4 sivutasku kiikaria, panoksia ja muita tarvikkeita varten.<\/p>\n<ul>\n<li>Pituus 135cm<\/li>\n<li>Korkeus 29cm<\/li>\n<li>Sivutasku 60cm x 20cm x 5cm<\/li>\n<li>Materiaali: 100% polyesteri<\/li>\n<\/ul>\n","protected":false},"excerpt":{"rendered":"<p>Laaduukas asepussi vahvalla ja lukittavalla kaksisuuntaisella vetoketjlla. Tilava asepussi johon mahtuu kaikki yleisimm\u00e4t aseet, my\u00f6s kiv\u00e4\u00e4rit kiikareineen.<\/p>\n","protected":false},"featured_media":3899,"comment_status":"open","ping_status":"closed","template":"","meta":{"inline_featured_image":false},"product_brand":[],"product_cat":[127,280],"product_tag":[114],"class_list":{"0":"post-3898","1":"product","2":"type-product","3":"status-publish","4":"has-post-thumbnail","6":"product_cat-asepussit-laukut","7":"product_cat-tarjouksessa","8":"product_tag-asepussi","10":"first","11":"instock","12":"taxable","13":"shipping-taxable","14":"purchasable","15":"product-type-simple"},"_links":{"self":[{"href":"https:\/\/retkilemi.fi\/index.php?rest_route=\/wp\/v2\/product\/3898","targetHints":{"allow":["GET"]}}],"collection":[{"href":"https:\/\/retkilemi.fi\/index.php?rest_route=\/wp\/v2\/product"}],"about":[{"href":"https:\/\/retkilemi.fi\/index.php?rest_route=\/wp\/v2\/types\/product"}],"replies":[{"embeddable":true,"href":"https:\/\/retkilemi.fi\/index.php?rest_route=%2Fwp%2Fv2%2Fcomments&post=3898"}],"wp:featuredmedia":[{"embeddable":true,"href":"https:\/\/retkilemi.fi\/index.php?rest_route=\/wp\/v2\/media\/3899"}],"wp:attachment":[{"href":"https:\/\/retkilemi.fi\/index.php?rest_route=%2Fwp%2Fv2%2Fmedia&parent=3898"}],"wp:term":[{"taxonomy":"product_brand","embeddable":true,"href":"https:\/\/retkilemi.fi\/index.php?rest_route=%2Fwp%2Fv2%2Fproduct_brand&post=3898"},{"taxonomy":"product_cat","embeddable":true,"href":"https:\/\/retkilemi.fi\/index.php?rest_route=%2Fwp%2Fv2%2Fproduct_cat&post=3898"},{"taxonomy":"product_tag","embeddable":true,"href":"https:\/\/retkilemi.fi\/index.php?rest_route=%2Fwp%2Fv2%2Fproduct_tag&post=3898"}],"curies":[{"name":"wp","href":"https:\/\/api.w.org\/{rel}","templated":true}]}}