{"id":3928,"date":"2022-11-13T13:51:29","date_gmt":"2022-11-13T11:51:29","guid":{"rendered":"https:\/\/retkilemi.fi\/?post_type=product&#038;p=3928"},"modified":"2023-06-08T13:18:27","modified_gmt":"2023-06-08T10:18:27","slug":"kalkkuna-peuratanko-80g","status":"publish","type":"product","link":"https:\/\/retkilemi.fi\/?product=kalkkuna-peuratanko-80g","title":{"rendered":"Kalkkuna-peuratanko, 80g"},"content":{"rendered":"<p>Pohjoismaisella tuoteosaamisella kehitetyt makupalat maistuvat sek\u00e4 karaistuneelle er\u00e4nk\u00e4vij\u00e4lle ett\u00e4 urbaanille kulinaristille. Uunissa paahdettu Kalkkuna-peuratanko -koiranherkku saa aromikkaan makunsa mm. antioksidantteja sis\u00e4lt\u00e4v\u00e4st\u00e4 mustaherukasta.<\/p>\n<p>T\u00e4ysin viljattoman ja soijattoman makupalan huumaava tuoksu motivoi treenitilanteissa koiraa kuin koiraa ja helposti paloiteltava herkku sopii pieneenkin kitaan! My\u00f6s herkk\u00e4 lemmikki p\u00e4\u00e4see makuel\u00e4mysten pariin, sill\u00e4 tanko sis\u00e4lt\u00e4\u00e4 vain hyvin siedettyj\u00e4 raaka-aineita, peuraa ja kalkkunaa.<\/p>\n<p>Puolikosteat herkut eiv\u00e4t murustu taskuissa tai sotke vaatteita \/ k\u00e4si\u00e4 ja niiden k\u00e4sittely on helppoa.<\/p>\n<p><b>KOOSTUMUS:<\/b><br \/>\nSiipikarja 78 % (kalkkuna 26 %), kasviglyseroli, peura 4 %, kollageeni 4 %, kuivattu mustaherukka 4 %, lignoselluloosa, suola 0,5 %. Sis\u00e4lt\u00e4\u00e4 luonnollisia antioksidantteja.<\/p>\n<p><b>RAVINTOAINEET:<\/b><br \/>\nProteiini 38,0 %, rasva 24,0 %, kosteus 14,0 %, tuhka 6,5 %, kuitu 2,5 %.<br \/>\nMetabolinen energia: 4,110 kcal\/kg.<\/p>\n<p>&nbsp;<\/p>\n<p>Pakkaus 80g<\/p>\n<p>Valmistettu Euroopassa.<\/p>\n","protected":false},"excerpt":{"rendered":"<p>Uunissa paahdetut pohjoisen herkut saavat veden herahtamaan kielelle!<\/p>\n","protected":false},"featured_media":3160,"comment_status":"open","ping_status":"closed","template":"","meta":{"inline_featured_image":false},"product_brand":[],"product_cat":[329],"product_tag":[334,336,337,330],"class_list":{"0":"post-3928","1":"product","2":"type-product","3":"status-publish","4":"has-post-thumbnail","6":"product_cat-luut-herkut","7":"product_tag-herkku","8":"product_tag-kalkkuna","9":"product_tag-koiranluu","10":"product_tag-puruluu","12":"first","13":"onbackorder","14":"taxable","15":"shipping-taxable","16":"purchasable","17":"product-type-simple"},"_links":{"self":[{"href":"https:\/\/retkilemi.fi\/index.php?rest_route=\/wp\/v2\/product\/3928","targetHints":{"allow":["GET"]}}],"collection":[{"href":"https:\/\/retkilemi.fi\/index.php?rest_route=\/wp\/v2\/product"}],"about":[{"href":"https:\/\/retkilemi.fi\/index.php?rest_route=\/wp\/v2\/types\/product"}],"replies":[{"embeddable":true,"href":"https:\/\/retkilemi.fi\/index.php?rest_route=%2Fwp%2Fv2%2Fcomments&post=3928"}],"wp:featuredmedia":[{"embeddable":true,"href":"https:\/\/retkilemi.fi\/index.php?rest_route=\/wp\/v2\/media\/3160"}],"wp:attachment":[{"href":"https:\/\/retkilemi.fi\/index.php?rest_route=%2Fwp%2Fv2%2Fmedia&parent=3928"}],"wp:term":[{"taxonomy":"product_brand","embeddable":true,"href":"https:\/\/retkilemi.fi\/index.php?rest_route=%2Fwp%2Fv2%2Fproduct_brand&post=3928"},{"taxonomy":"product_cat","embeddable":true,"href":"https:\/\/retkilemi.fi\/index.php?rest_route=%2Fwp%2Fv2%2Fproduct_cat&post=3928"},{"taxonomy":"product_tag","embeddable":true,"href":"https:\/\/retkilemi.fi\/index.php?rest_route=%2Fwp%2Fv2%2Fproduct_tag&post=3928"}],"curies":[{"name":"wp","href":"https:\/\/api.w.org\/{rel}","templated":true}]}}