{"id":3929,"date":"2022-11-13T13:55:39","date_gmt":"2022-11-13T11:55:39","guid":{"rendered":"https:\/\/retkilemi.fi\/?post_type=product&#038;p=3929"},"modified":"2024-03-18T06:38:18","modified_gmt":"2024-03-18T04:38:18","slug":"rokka-kevytrulla-125-cm-x-10-kpl-350g","status":"publish","type":"product","link":"https:\/\/retkilemi.fi\/?product=rokka-kevytrulla-125-cm-x-10-kpl-350g","title":{"rendered":"Rokka Kevytrulla 12,5 cm x 10 kpl, 350g"},"content":{"rendered":"<p>Kevytrullan j\u00e4rsimisest\u00e4 hy\u00f6tyy niin koiran mieli kuin hampaat! Klassinen vaalea rullalle kietaistu naudanvuota tottelee kaiken kokoisten koirien hampaita tarjoten sopivasti puruvastusta tyydytt\u00e4en koiran luontaisen pureskeluntarpeen. Kevytrullan herkullinen maku ja mukava suutuntuma motivoivat puruhommien pariin. V\u00e4h\u00e4rasvaisen koostumuksensa ansiosta Rokka Kevytrulla soveltuu vaikka p\u00e4ivitt\u00e4iseksi v\u00e4lipalaksi. Tarjoile koiralle puruluita vain valvonnan alla.<\/p>\n<p><b>Valmistusaineet:<\/b>\u00a0100 % naudanvuotaa.<br \/>\n<b>Ravintosis\u00e4lt\u00f6:<\/b>\u00a0Raakavalkuainen 80 %, rasva 1,5 %, raakakuitu 2 %, hehkutusj\u00e4\u00e4nn\u00f6s 2 %, kosteus 18 %.<br \/>\n<b>Pakkauskoko:<\/b>\u00a010 kpl x 12,5 cm. Nettopaino: 350 g.<\/p>\n","protected":false},"excerpt":{"rendered":"<p>Kevytrullan j\u00e4rsimisest\u00e4 hy\u00f6tyy niin koiran mieli kuin hampaat! Klassinen vaalea rullalle kietaistu naudanvuota tottelee kaiken kokoisten koirien hampaita tarjoten sopivasti puruvastusta tyydytt\u00e4en koiran luontaisen pureskeluntarpeen. Kevytrullan herkullinen maku ja mukava suutuntuma motivoivat puruhommien pariin. V\u00e4h\u00e4rasvaisen koostumuksensa ansiosta Rokka Kevytrulla soveltuu vaikka p\u00e4ivitt\u00e4iseksi v\u00e4lipalaksi. Tarjoile koiralle puruluita vain valvonnan alla. Valmistusaineet:\u00a0100 % naudanvuotaa. Ravintosis\u00e4lt\u00f6:\u00a0Raakavalkuainen 80 %, &hellip; <\/p>\n<p class=\"more-link-wrap\"><a href=\"https:\/\/retkilemi.fi\/?product=rokka-kevytrulla-125-cm-x-10-kpl-350g\" class=\"more-link\"><span>Read More<span class=\"screen-reader-text\"> &#8221;Rokka Kevytrulla 12,5 cm x 10 kpl, 350g&#8221;<\/span><\/span><\/a><\/p>\n","protected":false},"featured_media":3930,"comment_status":"open","ping_status":"closed","template":"","meta":{"inline_featured_image":false},"product_brand":[],"product_cat":[329],"product_tag":[337,331,330],"class_list":{"0":"post-3929","1":"product","2":"type-product","3":"status-publish","4":"has-post-thumbnail","6":"product_cat-luut-herkut","7":"product_tag-koiranluu","8":"product_tag-luu","9":"product_tag-puruluu","11":"first","12":"instock","13":"sale","14":"taxable","15":"shipping-taxable","16":"purchasable","17":"product-type-simple"},"_links":{"self":[{"href":"https:\/\/retkilemi.fi\/index.php?rest_route=\/wp\/v2\/product\/3929","targetHints":{"allow":["GET"]}}],"collection":[{"href":"https:\/\/retkilemi.fi\/index.php?rest_route=\/wp\/v2\/product"}],"about":[{"href":"https:\/\/retkilemi.fi\/index.php?rest_route=\/wp\/v2\/types\/product"}],"replies":[{"embeddable":true,"href":"https:\/\/retkilemi.fi\/index.php?rest_route=%2Fwp%2Fv2%2Fcomments&post=3929"}],"wp:featuredmedia":[{"embeddable":true,"href":"https:\/\/retkilemi.fi\/index.php?rest_route=\/wp\/v2\/media\/3930"}],"wp:attachment":[{"href":"https:\/\/retkilemi.fi\/index.php?rest_route=%2Fwp%2Fv2%2Fmedia&parent=3929"}],"wp:term":[{"taxonomy":"product_brand","embeddable":true,"href":"https:\/\/retkilemi.fi\/index.php?rest_route=%2Fwp%2Fv2%2Fproduct_brand&post=3929"},{"taxonomy":"product_cat","embeddable":true,"href":"https:\/\/retkilemi.fi\/index.php?rest_route=%2Fwp%2Fv2%2Fproduct_cat&post=3929"},{"taxonomy":"product_tag","embeddable":true,"href":"https:\/\/retkilemi.fi\/index.php?rest_route=%2Fwp%2Fv2%2Fproduct_tag&post=3929"}],"curies":[{"name":"wp","href":"https:\/\/api.w.org\/{rel}","templated":true}]}}