{"id":4022,"date":"2022-12-04T13:09:01","date_gmt":"2022-12-04T11:09:01","guid":{"rendered":"https:\/\/retkilemi.fi\/?post_type=product&#038;p=4022"},"modified":"2023-09-21T12:46:24","modified_gmt":"2023-09-21T09:46:24","slug":"brava-metallikuppi-liukuesteella-paws-bones","status":"publish","type":"product","link":"https:\/\/retkilemi.fi\/?product=brava-metallikuppi-liukuesteella-paws-bones","title":{"rendered":"Brava Metallikuppi liukuesteell\u00e4, Paws &amp; Bones"},"content":{"rendered":"<p>Lempe\u00e4n vaaleansinisen metallikupin pohjassa on irrotettava, kuminen liukueste, joka pit\u00e4\u00e4 kupin tehokkaasti paikallaan. Yksinkertaisen muotoilun ansiosta puhtaanapito k\u00e4y k\u00e4den k\u00e4\u00e4nteess\u00e4! Reunoja kiert\u00e4v\u00e4t klassiset tassu- ja luukuviot. Matalareunainen kuppi soveltuu erityisesti pienille koirille sek\u00e4 kissoille.<\/p>\n<p>K\u00e4sinpesu.<\/p>\n<p><b>Vetoisuus:<\/b>\u00a00,5 L ja 0,9 L<br \/>\n<b>V\u00e4ri:<\/b>\u00a0Vaaleansininen<br \/>\n<b>Mitat:<\/b><br \/>\n0,5 L &#8211; Halkaisija: 14 cm, korkeus: 4,7 cm<br \/>\n0,9 L &#8211; Halkaisija: 16,8 cm, korkeus: 5,5 cm<\/p>\n","protected":false},"excerpt":{"rendered":"<p>Lempe\u00e4n vaaleansinisen metallikupin pohjassa on irrotettava, kuminen liukueste, joka pit\u00e4\u00e4 kupin tehokkaasti paikallaan. Yksinkertaisen muotoilun ansiosta puhtaanapito k\u00e4y k\u00e4den k\u00e4\u00e4nteess\u00e4! Reunoja kiert\u00e4v\u00e4t klassiset tassu- ja luukuviot. Matalareunainen kuppi soveltuu erityisesti pienille koirille sek\u00e4 kissoille. K\u00e4sinpesu. Vetoisuus:\u00a00,5 L ja 0,9 L V\u00e4ri:\u00a0Vaaleansininen Mitat: 0,5 L &#8211; Halkaisija: 14 cm, korkeus: 4,7 cm 0,9 L &#8211; Halkaisija: &hellip; <\/p>\n<p class=\"more-link-wrap\"><a href=\"https:\/\/retkilemi.fi\/?product=brava-metallikuppi-liukuesteella-paws-bones\" class=\"more-link\"><span>Read More<span class=\"screen-reader-text\"> &#8221;Brava Metallikuppi liukuesteell\u00e4, Paws &amp; Bones&#8221;<\/span><\/span><\/a><\/p>\n","protected":false},"featured_media":4023,"comment_status":"open","ping_status":"closed","template":"","meta":{"inline_featured_image":false},"product_brand":[],"product_cat":[311],"product_tag":[539,314],"class_list":{"0":"post-4022","1":"product","2":"type-product","3":"status-publish","4":"has-post-thumbnail","6":"product_cat-kupit-ja-astiat","7":"product_tag-kippo","8":"product_tag-kuppi","10":"first","11":"instock","12":"taxable","13":"shipping-taxable","14":"purchasable","15":"product-type-variable"},"_links":{"self":[{"href":"https:\/\/retkilemi.fi\/index.php?rest_route=\/wp\/v2\/product\/4022","targetHints":{"allow":["GET"]}}],"collection":[{"href":"https:\/\/retkilemi.fi\/index.php?rest_route=\/wp\/v2\/product"}],"about":[{"href":"https:\/\/retkilemi.fi\/index.php?rest_route=\/wp\/v2\/types\/product"}],"replies":[{"embeddable":true,"href":"https:\/\/retkilemi.fi\/index.php?rest_route=%2Fwp%2Fv2%2Fcomments&post=4022"}],"wp:featuredmedia":[{"embeddable":true,"href":"https:\/\/retkilemi.fi\/index.php?rest_route=\/wp\/v2\/media\/4023"}],"wp:attachment":[{"href":"https:\/\/retkilemi.fi\/index.php?rest_route=%2Fwp%2Fv2%2Fmedia&parent=4022"}],"wp:term":[{"taxonomy":"product_brand","embeddable":true,"href":"https:\/\/retkilemi.fi\/index.php?rest_route=%2Fwp%2Fv2%2Fproduct_brand&post=4022"},{"taxonomy":"product_cat","embeddable":true,"href":"https:\/\/retkilemi.fi\/index.php?rest_route=%2Fwp%2Fv2%2Fproduct_cat&post=4022"},{"taxonomy":"product_tag","embeddable":true,"href":"https:\/\/retkilemi.fi\/index.php?rest_route=%2Fwp%2Fv2%2Fproduct_tag&post=4022"}],"curies":[{"name":"wp","href":"https:\/\/api.w.org\/{rel}","templated":true}]}}