{"id":4028,"date":"2022-12-04T13:16:59","date_gmt":"2022-12-04T11:16:59","guid":{"rendered":"https:\/\/retkilemi.fi\/?post_type=product&#038;p=4028"},"modified":"2024-02-04T20:23:26","modified_gmt":"2024-02-04T18:23:26","slug":"brava-highway-kevythakki-sininen","status":"publish","type":"product","link":"https:\/\/retkilemi.fi\/?product=brava-highway-kevythakki-sininen","title":{"rendered":"Brava Highway Kevyth\u00e4kki sininen"},"content":{"rendered":"<p>Kevyth\u00e4kin valtti matkalla on nimens\u00e4kin mukaisesti sen keveys ja kokoamisen helppous. Jopa isokokoisen koiran kevyth\u00e4kki on yhden henkil\u00f6n kannettavissa. Highway Kevyth\u00e4kin runko on kest\u00e4v\u00e4\u00e4 ter\u00e4sputkea. H\u00e4kki on nopea ja yksinkertainen koota ja kasata, lis\u00e4ksi se vie kasaan taitettuna vain v\u00e4h\u00e4n tilaa. Kasaan taitetun h\u00e4kin pitk\u00e4ll\u00e4 sivulla on kantamista helpottava kahva. Kootun h\u00e4kin kantamista ja siirtely\u00e4 varten katosta l\u00f6ytyy kaksi pitk\u00e4\u00e4 kantokahvaa. K\u00e4ytt\u00f6\u00e4 esim. autossa helpottaa avattava vetoketjuovi sek\u00e4 p\u00e4\u00e4dyss\u00e4, pitk\u00e4ll\u00e4 sivulla ett\u00e4 katossa. H\u00e4kiss\u00e4 on k\u00e4tev\u00e4 s\u00e4ilytystasku tarvikkeille. Kootun h\u00e4kin saa kiinnitetty\u00e4 maahan mukana tulevien metallivaarnojen avulla.<\/p>\n<p>Brava Highway Koiran kevyth\u00e4kiss\u00e4 on huomioitu kaikki yksityiskohdat koiran mukavaan matkustukseen ja oleskeluun. Kaikkien verkkoikkunoiden yl\u00e4puolella on verhokangas, joka on helppo laskea alas ja rullata ja kiinnitt\u00e4\u00e4 helposti tarranauhalla yl\u00f6s. Alas laskettu verho antaa koiralle omaa rauhaa ja suojaa s\u00e4\u00e4lt\u00e4, kun taas yl\u00f6s nostettuna n\u00e4k\u00f6yhteys ymp\u00e4rist\u00f6\u00f6n s\u00e4ilyy ja ilmanvaihto h\u00e4kkiin paranee. H\u00e4kin pohjalla on vetoketjup\u00e4\u00e4llisell\u00e4 varustettu irrallinen makuualusta.<\/p>\n<p>Kangash\u00e4kki on k\u00e4yt\u00f6ss\u00e4 miellytt\u00e4v\u00e4n hiljainen ja koiralle mukavan tuntuinen sen esim. nojatessa tai painaessa p\u00e4\u00e4ns\u00e4 h\u00e4kin sein\u00e4\u00e4 vasten lev\u00e4tess\u00e4\u00e4n. H\u00e4kin kangas ja pohja ovat vedenpit\u00e4v\u00e4t.<\/p>\n<p>Kest\u00e4v\u00e4 kangas, jossa on kauniit, el\u00e4v\u00e4pintaiset v\u00e4ris\u00e4vyt. Py\u00f6ristetyiss\u00e4 kulmissa on vahvikkeet. Sek\u00e4 h\u00e4kin kangas ett\u00e4 irrallinen makuualusta ovat konepest\u00e4v\u00e4t (30\u00b0C).<\/p>\n<p>Kevyth\u00e4kki on erinomainen esim. n\u00e4yttelyiss\u00e4, treeneiss\u00e4, kilpailuissa, lomamatkoilla, autossa ja kotona koiran omana lepo- ja rauhoittumispaikkana ja tukikohtana.<\/p>\n<p>Kuten mik\u00e4\u00e4n h\u00e4kki, ei kevyth\u00e4kkik\u00e4\u00e4n ole t\u00e4ysin koiranpit\u00e4v\u00e4 koiran pyrkiess\u00e4 h\u00e4kist\u00e4 ulos. Opeta koira olemaan n\u00e4tisti ja rentoutumaan h\u00e4kiss\u00e4 v\u00e4hitellen lyhyit\u00e4 aikoja kerrallaan.<\/p>\n<p><b>V\u00e4rit:<\/b>\u00a0Berry pink, petrol blue, tarmac grey<\/p>\n<table cellspacing=\"5\">\n<tbody>\n<tr>\n<td>Koko<\/td>\n<td>Pituus x leveys x korkeus<\/td>\n<td>Paino<\/td>\n<\/tr>\n<tr>\n<td>S<\/td>\n<td>55 x 40 x 40cm<\/td>\n<td>2,5 kg<\/td>\n<\/tr>\n<tr>\n<td>M<\/td>\n<td>70 x 45 x 55cm<\/td>\n<td>3,5 kg<\/td>\n<\/tr>\n<tr>\n<td>L<\/td>\n<td>80 x 55 x 60cm<\/td>\n<td>4,5 kg<\/td>\n<\/tr>\n<tr>\n<td>XL<\/td>\n<td>90 x 60 x 70cm<\/td>\n<td>5,5 kg<\/td>\n<\/tr>\n<tr>\n<td>XXL<\/td>\n<td>107 x 70 x 80cm<\/td>\n<td>6,5 kg<\/td>\n<\/tr>\n<tr>\n<td>XXXL<\/td>\n<td>122 x 80 x 90cm<\/td>\n<td>7,5 kg<\/td>\n<\/tr>\n<\/tbody>\n<\/table>\n","protected":false},"excerpt":{"rendered":"<p>Kevyth\u00e4kin valtti matkalla on nimens\u00e4kin mukaisesti sen keveys ja kokoamisen helppous. Jopa isokokoisen koiran kevyth\u00e4kki on yhden henkil\u00f6n kannettavissa. Highway Kevyth\u00e4kin runko on kest\u00e4v\u00e4\u00e4 ter\u00e4sputkea. H\u00e4kki on nopea ja yksinkertainen koota ja kasata, lis\u00e4ksi se vie kasaan taitettuna vain v\u00e4h\u00e4n tilaa. Kasaan taitetun h\u00e4kin pitk\u00e4ll\u00e4 sivulla on kantamista helpottava kahva. Kootun h\u00e4kin kantamista ja siirtely\u00e4 &hellip; <\/p>\n<p class=\"more-link-wrap\"><a href=\"https:\/\/retkilemi.fi\/?product=brava-highway-kevythakki-sininen\" class=\"more-link\"><span>Read More<span class=\"screen-reader-text\"> &#8221;Brava Highway Kevyth\u00e4kki sininen&#8221;<\/span><\/span><\/a><\/p>\n","protected":false},"featured_media":4029,"comment_status":"open","ping_status":"closed","template":"","meta":{"inline_featured_image":false},"product_brand":[],"product_cat":[518],"product_tag":[350],"class_list":{"0":"post-4028","1":"product","2":"type-product","3":"status-publish","4":"has-post-thumbnail","6":"product_cat-matkustaminen","7":"product_tag-hakki","9":"first","10":"instock","11":"taxable","12":"shipping-taxable","13":"purchasable","14":"product-type-variable"},"_links":{"self":[{"href":"https:\/\/retkilemi.fi\/index.php?rest_route=\/wp\/v2\/product\/4028","targetHints":{"allow":["GET"]}}],"collection":[{"href":"https:\/\/retkilemi.fi\/index.php?rest_route=\/wp\/v2\/product"}],"about":[{"href":"https:\/\/retkilemi.fi\/index.php?rest_route=\/wp\/v2\/types\/product"}],"replies":[{"embeddable":true,"href":"https:\/\/retkilemi.fi\/index.php?rest_route=%2Fwp%2Fv2%2Fcomments&post=4028"}],"wp:featuredmedia":[{"embeddable":true,"href":"https:\/\/retkilemi.fi\/index.php?rest_route=\/wp\/v2\/media\/4029"}],"wp:attachment":[{"href":"https:\/\/retkilemi.fi\/index.php?rest_route=%2Fwp%2Fv2%2Fmedia&parent=4028"}],"wp:term":[{"taxonomy":"product_brand","embeddable":true,"href":"https:\/\/retkilemi.fi\/index.php?rest_route=%2Fwp%2Fv2%2Fproduct_brand&post=4028"},{"taxonomy":"product_cat","embeddable":true,"href":"https:\/\/retkilemi.fi\/index.php?rest_route=%2Fwp%2Fv2%2Fproduct_cat&post=4028"},{"taxonomy":"product_tag","embeddable":true,"href":"https:\/\/retkilemi.fi\/index.php?rest_route=%2Fwp%2Fv2%2Fproduct_tag&post=4028"}],"curies":[{"name":"wp","href":"https:\/\/api.w.org\/{rel}","templated":true}]}}