{"id":4047,"date":"2022-12-15T17:41:40","date_gmt":"2022-12-15T15:41:40","guid":{"rendered":"https:\/\/retkilemi.fi\/?post_type=product&#038;p=4047"},"modified":"2024-02-14T18:05:47","modified_gmt":"2024-02-14T16:05:47","slug":"anar-buorre-mustat-sukat-3-paria","status":"publish","type":"product","link":"https:\/\/retkilemi.fi\/?product=anar-buorre-mustat-sukat-3-paria","title":{"rendered":"Anar Buorre mustat sukat 3 paria"},"content":{"rendered":"<p>Anar Buorre hyvin istuvat ja saumattomat sukat sopivat monenlaiseen k\u00e4ytt\u00f6\u00f6n. Sukat on valmistettu eritt\u00e4in hyvin kulutusta kest\u00e4v\u00e4st\u00e4 nukkaamattomasta materiaalista ja niiss\u00e4 on vahvistettu pohjaosa. Air-ilmakanavoidun rakenteen ansiosta Anar Buorre sukat ovat hengitt\u00e4v\u00e4 vaihtoehto jokap\u00e4iv\u00e4iseen k\u00e4ytt\u00f6\u00f6n. L\u00e4hes puolet sukkien materiaalista on teknist\u00e4 Coolmax polyesterikuitua, joka siirt\u00e4\u00e4 kosteutta pois iholta ja ehk\u00e4seen hiertymi\u00e4.<\/p>\n<p>Anar Buorre sukat ovat loistava valinta niin aktiiviseen hikiliikuntaan kuin mukaviksi kotisukiksi, tai mihin tahansa silt\u00e4 v\u00e4lilt\u00e4.<\/p>\n<ul>\n<li>Pakkauksessa 3 paria sukkia<\/li>\n<li>Valittavana koot 35-38, 39-42 ja 43-46<\/li>\n<li>Materiaali 42 % coolmax, 42 % puuvilla, 14 % polyamidi, 2 % elastaani<\/li>\n<\/ul>\n","protected":false},"excerpt":{"rendered":"<p>Anar Buorre hyvin istuvat ja saumattomat sukat sopivat monenlaiseen k\u00e4ytt\u00f6\u00f6n. Sukat on valmistettu eritt\u00e4in hyvin kulutusta kest\u00e4v\u00e4st\u00e4 nukkaamattomasta materiaalista ja niiss\u00e4 on vahvistettu pohjaosa. Air-ilmakanavoidun rakenteen ansiosta Anar Buorre sukat ovat hengitt\u00e4v\u00e4 vaihtoehto jokap\u00e4iv\u00e4iseen k\u00e4ytt\u00f6\u00f6n. L\u00e4hes puolet sukkien materiaalista on teknist\u00e4 Coolmax polyesterikuitua, joka siirt\u00e4\u00e4 kosteutta pois iholta ja ehk\u00e4seen hiertymi\u00e4. Anar Buorre sukat ovat &hellip; <\/p>\n<p class=\"more-link-wrap\"><a href=\"https:\/\/retkilemi.fi\/?product=anar-buorre-mustat-sukat-3-paria\" class=\"more-link\"><span>Read More<span class=\"screen-reader-text\"> &#8221;Anar Buorre mustat sukat 3 paria&#8221;<\/span><\/span><\/a><\/p>\n","protected":false},"featured_media":4075,"comment_status":"open","ping_status":"closed","template":"","meta":{"inline_featured_image":false},"product_brand":[],"product_cat":[170],"product_tag":[87,287],"class_list":{"0":"post-4047","1":"product","2":"type-product","3":"status-publish","4":"has-post-thumbnail","6":"product_cat-muut-asusteet","7":"product_tag-anar","8":"product_tag-sukat","10":"first","11":"instock","12":"taxable","13":"shipping-taxable","14":"purchasable","15":"product-type-variable"},"_links":{"self":[{"href":"https:\/\/retkilemi.fi\/index.php?rest_route=\/wp\/v2\/product\/4047","targetHints":{"allow":["GET"]}}],"collection":[{"href":"https:\/\/retkilemi.fi\/index.php?rest_route=\/wp\/v2\/product"}],"about":[{"href":"https:\/\/retkilemi.fi\/index.php?rest_route=\/wp\/v2\/types\/product"}],"replies":[{"embeddable":true,"href":"https:\/\/retkilemi.fi\/index.php?rest_route=%2Fwp%2Fv2%2Fcomments&post=4047"}],"wp:featuredmedia":[{"embeddable":true,"href":"https:\/\/retkilemi.fi\/index.php?rest_route=\/wp\/v2\/media\/4075"}],"wp:attachment":[{"href":"https:\/\/retkilemi.fi\/index.php?rest_route=%2Fwp%2Fv2%2Fmedia&parent=4047"}],"wp:term":[{"taxonomy":"product_brand","embeddable":true,"href":"https:\/\/retkilemi.fi\/index.php?rest_route=%2Fwp%2Fv2%2Fproduct_brand&post=4047"},{"taxonomy":"product_cat","embeddable":true,"href":"https:\/\/retkilemi.fi\/index.php?rest_route=%2Fwp%2Fv2%2Fproduct_cat&post=4047"},{"taxonomy":"product_tag","embeddable":true,"href":"https:\/\/retkilemi.fi\/index.php?rest_route=%2Fwp%2Fv2%2Fproduct_tag&post=4047"}],"curies":[{"name":"wp","href":"https:\/\/api.w.org\/{rel}","templated":true}]}}