{"id":4092,"date":"2023-01-28T12:40:48","date_gmt":"2023-01-28T10:40:48","guid":{"rendered":"https:\/\/retkilemi.fi\/?post_type=product&#038;p=4092"},"modified":"2023-01-28T12:40:49","modified_gmt":"2023-01-28T10:40:49","slug":"anar-suohtas-puukko","status":"publish","type":"product","link":"https:\/\/retkilemi.fi\/?product=anar-suohtas-puukko","title":{"rendered":"Anar Suohtas puukko"},"content":{"rendered":"<p>Puukon pituus on 19 cm ja ter\u00e4n pituus 7.5 cm. Kest\u00e4v\u00e4 ruskeanahkainen tuppi on valmistettu naudannahasta ja siin\u00e4 on ripustin. Sormisuoja on messinki\u00e4 ja nahkaa sek\u00e4 kahva suomalaista visakoivua. Kaunis k\u00e4sintehty kokonaisuus palvelee niin mets\u00e4ll\u00e4 kuin retkell\u00e4.<\/p>\n<ul>\n<li>Puukon pituus: 19.5 cm<\/li>\n<li>Ter\u00e4n pituus: 7.5 cm<\/li>\n<li>Tuppi: Ruskeaa nahkaa<\/li>\n<li>Kahva: suomalaista visakoivua<\/li>\n<li>Ter\u00e4: Karkaistua hiiliter\u00e4st\u00e4<\/li>\n<li>Made in Finland<\/li>\n<\/ul>\n","protected":false},"excerpt":{"rendered":"<p>Anar Suohtas puukko on valmistettu suomalaisena k\u00e4sity\u00f6n\u00e4. Suomalaisen huippusuunnittelijan ja osaavan puukkomestarin yhteisty\u00f6n tuloksena syntyi kaunis, suomalaisen er\u00e4henkinen puukko!<\/p>\n","protected":false},"featured_media":4094,"comment_status":"open","ping_status":"closed","template":"","meta":{"inline_featured_image":false},"product_brand":[],"product_cat":[206,280],"product_tag":[546],"class_list":{"0":"post-4092","1":"product","2":"type-product","3":"status-publish","4":"has-post-thumbnail","6":"product_cat-puukot-veitset","7":"product_cat-tarjouksessa","8":"product_tag-puukko","10":"first","11":"instock","12":"sale","13":"taxable","14":"shipping-taxable","15":"purchasable","16":"product-type-simple"},"_links":{"self":[{"href":"https:\/\/retkilemi.fi\/index.php?rest_route=\/wp\/v2\/product\/4092","targetHints":{"allow":["GET"]}}],"collection":[{"href":"https:\/\/retkilemi.fi\/index.php?rest_route=\/wp\/v2\/product"}],"about":[{"href":"https:\/\/retkilemi.fi\/index.php?rest_route=\/wp\/v2\/types\/product"}],"replies":[{"embeddable":true,"href":"https:\/\/retkilemi.fi\/index.php?rest_route=%2Fwp%2Fv2%2Fcomments&post=4092"}],"wp:featuredmedia":[{"embeddable":true,"href":"https:\/\/retkilemi.fi\/index.php?rest_route=\/wp\/v2\/media\/4094"}],"wp:attachment":[{"href":"https:\/\/retkilemi.fi\/index.php?rest_route=%2Fwp%2Fv2%2Fmedia&parent=4092"}],"wp:term":[{"taxonomy":"product_brand","embeddable":true,"href":"https:\/\/retkilemi.fi\/index.php?rest_route=%2Fwp%2Fv2%2Fproduct_brand&post=4092"},{"taxonomy":"product_cat","embeddable":true,"href":"https:\/\/retkilemi.fi\/index.php?rest_route=%2Fwp%2Fv2%2Fproduct_cat&post=4092"},{"taxonomy":"product_tag","embeddable":true,"href":"https:\/\/retkilemi.fi\/index.php?rest_route=%2Fwp%2Fv2%2Fproduct_tag&post=4092"}],"curies":[{"name":"wp","href":"https:\/\/api.w.org\/{rel}","templated":true}]}}