{"id":4111,"date":"2023-01-29T16:39:21","date_gmt":"2023-01-29T14:39:21","guid":{"rendered":"https:\/\/retkilemi.fi\/?post_type=product&#038;p=4111"},"modified":"2023-11-20T17:53:44","modified_gmt":"2023-11-20T15:53:44","slug":"trikem-workingdog-hyaluron365","status":"publish","type":"product","link":"https:\/\/retkilemi.fi\/?product=trikem-workingdog-hyaluron365","title":{"rendered":"TRIKEM WORKINGDOG HYALURON365"},"content":{"rendered":"<p>Tutkimukset ovat osoittaneet, ett\u00e4 p\u00e4ivitt\u00e4inen hyaluronihapon k\u00e4ytt\u00f6 auttaa parantamaan j\u00e4ykkyydest\u00e4 ja niveloireista k\u00e4rsivien koirien liikkuvuutta.<\/p>\n<p>Monet nivelaineet markkinoilla sis\u00e4lt\u00e4v\u00e4t vain korjaavia aineita, mutta kuluminen niveliss\u00e4 jatkuu. Hyaluron365-valmiste sis\u00e4lt\u00e4\u00e4 korjaavien aineiden ohella my\u00f6s niveli\u00e4 voitelevaa hyaluronihappoa, jonka puute nivelsiteess\u00e4 on kulumisen pohjimmainen syy. Hyaluronihappo vaikuttaa jo kahden tunnin kuluttua ensimm\u00e4isen k\u00e4ytt\u00f6kerran j\u00e4lkeen. Suorat tulokset ovat n\u00e4ht\u00e4viss\u00e4 jo viikon kuluttua k\u00e4yt\u00f6n aloittamisesta. Vaikutus on sama kuin saranaa rasvaisi.<\/p>\n<p><b>Hyaluron365 sis\u00e4lt\u00e4\u00e4 nelj\u00e4\u00e4 tehoainetta nivelten terveydeksi:<\/b><br \/>\n&#8211; Hyaluronihappo voitelee ja v\u00e4hent\u00e4\u00e4 kulumista niveliss\u00e4.<br \/>\n&#8211; Glukosamiini- ja kondroitiinisulfaatti auttavat uudistamaan nivelrustoa.<br \/>\n&#8211; MSM on luonnollisen rikin l\u00e4hde, joka on t\u00e4rke\u00e4 kollageenin muodostumiselle. Kollageeni takaa monien sidekudosten, mm. rustokudoksen, rakenteiden joustavuuden.<\/p>\n<p>Hyaluron365 imeytyy nopeasti suolistossa ja p\u00e4\u00e4see sielt\u00e4 kaikkiin kehon niveliin.<\/p>\n<p><b>Kenelle?<\/b><br \/>\n&#8211; Ennaltaehk\u00e4isyn\u00e4 Keski-ik\u00e4isille koirille, kun ne alkavat n\u00e4ytt\u00e4\u00e4 ensimm\u00e4isi\u00e4 merkkej\u00e4 j\u00e4ykkyydest\u00e4 (esim. koira ei en\u00e4\u00e4 hypp\u00e4\u00e4 autoon tai sohvalle tai liikkeellel\u00e4ht\u00f6 aamuisin tai makuulta on vaikeaa).<br \/>\n&#8211; Koirille, jotka jo oireilevat rasittuneita niveli\u00e4\u00e4n ja\/tai k\u00e4rsiv\u00e4t nivelrikosta.<br \/>\n&#8211; Kovassa rasituksessa oleville nuoremmille koirille t\u00e4ydent\u00e4m\u00e4\u00e4n koiran omaa hyaluronituotantoa.<\/p>\n<p><b>Sis\u00e4lt\u00f6 per 10 ml:<\/b><br \/>\nGlukosamiini 600 mg<br \/>\nMSM 1000 mg<br \/>\nKondroitiinisulfaatti 54 mg<br \/>\nHyaluronihappo 11 mg<br \/>\nVesi<br \/>\nPropyleeniglykoli<br \/>\nKsantaanikumi<br \/>\nNatriumbentsoaatti<\/p>\n<p><b>Annostus:<\/b><br \/>\nKoiran paino ml \/ vrk<br \/>\n&lt; 15 kg 10 ml<br \/>\n15-30 kg 15 ml<br \/>\n30-45 kg 20 ml<br \/>\n45+ 25 ml<\/p>\n<p><b>S\u00e4ilyvyys:<\/b>\u00a024 kuukautta. Katso parasta ennen -p\u00e4iv\u00e4ys. S\u00e4ilyt\u00e4 kuivassa ja viile\u00e4ss\u00e4.<\/p>\n<p>Ei sis\u00e4ll\u00e4 dopingia.<\/p>\n<p><b>Pakkauskoot:<\/b>\u00a0500 ml, 1 litra, 3 litraa.<\/p>\n<p><b>HUOM!<\/b>\u00a01 litran pullo on toistaiseksi erilainen ja ilman mittaa kuin kuvassa.<\/p>\n","protected":false},"excerpt":{"rendered":"<p>Pakkaus 1L<\/p>\n","protected":false},"featured_media":4112,"comment_status":"open","ping_status":"closed","template":"","meta":{"inline_featured_image":false},"product_brand":[],"product_cat":[483],"product_tag":[547],"class_list":{"0":"post-4111","1":"product","2":"type-product","3":"status-publish","4":"has-post-thumbnail","6":"product_cat-lisaravinteet","7":"product_tag-oljy","9":"first","10":"instock","11":"taxable","12":"shipping-taxable","13":"purchasable","14":"product-type-simple"},"_links":{"self":[{"href":"https:\/\/retkilemi.fi\/index.php?rest_route=\/wp\/v2\/product\/4111","targetHints":{"allow":["GET"]}}],"collection":[{"href":"https:\/\/retkilemi.fi\/index.php?rest_route=\/wp\/v2\/product"}],"about":[{"href":"https:\/\/retkilemi.fi\/index.php?rest_route=\/wp\/v2\/types\/product"}],"replies":[{"embeddable":true,"href":"https:\/\/retkilemi.fi\/index.php?rest_route=%2Fwp%2Fv2%2Fcomments&post=4111"}],"wp:featuredmedia":[{"embeddable":true,"href":"https:\/\/retkilemi.fi\/index.php?rest_route=\/wp\/v2\/media\/4112"}],"wp:attachment":[{"href":"https:\/\/retkilemi.fi\/index.php?rest_route=%2Fwp%2Fv2%2Fmedia&parent=4111"}],"wp:term":[{"taxonomy":"product_brand","embeddable":true,"href":"https:\/\/retkilemi.fi\/index.php?rest_route=%2Fwp%2Fv2%2Fproduct_brand&post=4111"},{"taxonomy":"product_cat","embeddable":true,"href":"https:\/\/retkilemi.fi\/index.php?rest_route=%2Fwp%2Fv2%2Fproduct_cat&post=4111"},{"taxonomy":"product_tag","embeddable":true,"href":"https:\/\/retkilemi.fi\/index.php?rest_route=%2Fwp%2Fv2%2Fproduct_tag&post=4111"}],"curies":[{"name":"wp","href":"https:\/\/api.w.org\/{rel}","templated":true}]}}