{"id":4166,"date":"2023-03-24T19:14:54","date_gmt":"2023-03-24T17:14:54","guid":{"rendered":"https:\/\/retkilemi.fi\/?post_type=product&#038;p=4166"},"modified":"2023-03-24T19:16:22","modified_gmt":"2023-03-24T17:16:22","slug":"foxy-fur-makuualusta-pinkki-lammas-50x75","status":"publish","type":"product","link":"https:\/\/retkilemi.fi\/?product=foxy-fur-makuualusta-pinkki-lammas-50x75","title":{"rendered":"Foxy Fur -makuualusta, Pinkki lammas 50&#215;75"},"content":{"rendered":"<p>P\u00f6rr\u00f6inen ja l\u00e4mmin Foxy Fur -makuualusta on koiranomistajien ja erityisesti koirankasvattajien kestosuosikki: ei ole paikkaa, johon monik\u00e4ytt\u00f6inen Foxy Fur ei sopisi! L\u00e4mmin, pintakuiva ja sopivan pehme\u00e4 Foxy Fur on ihanteellinen alusta pentulaatikkoon ja kasvavien koiranpentujen makuupaikaksi. Foxy Fur palvelee koiran kuljetush\u00e4kiss\u00e4, autossa, kotona ja se on my\u00f6s helppo k\u00e4\u00e4ri\u00e4 rullalle ja ottaa mukaan matkoille tai kyl\u00e4paikkaan. Ei \u00e4rsyt\u00e4 eik\u00e4 allergisoi.<\/p>\n<p>Tarvittaessa helppo muotoilla saksilla sopivan kokoiseksi ja muotoiseksi.<\/p>\n<p>Ihanan tiivis ja pehme\u00e4 nukka (pituus 2,6 cm). Kaikki moniv\u00e4riset Foxy Fur -alustat on varustettu kumipohjalla, joka auttaa pit\u00e4m\u00e4\u00e4n alustan hyvin paikoillaan.<\/p>\n<p><b>V\u00e4ri:<\/b>\u00a0Mokka, luu ja tassu<\/p>\n<p><b>Koot:<\/b> 50 x 75 cm<\/p>\n<p><b>Konepesu:<\/b>\u00a040 astetta. Kuivuu nopeasti.<\/p>\n","protected":false},"excerpt":{"rendered":"<p>50 x 75 cm<\/p>\n","protected":false},"featured_media":4167,"comment_status":"open","ping_status":"closed","template":"","meta":{"inline_featured_image":false},"product_brand":[],"product_cat":[518],"product_tag":[341,340],"class_list":{"0":"post-4166","1":"product","2":"type-product","3":"status-publish","4":"has-post-thumbnail","6":"product_cat-matkustaminen","7":"product_tag-alusta","8":"product_tag-peti","10":"first","11":"instock","12":"taxable","13":"shipping-taxable","14":"purchasable","15":"product-type-simple"},"_links":{"self":[{"href":"https:\/\/retkilemi.fi\/index.php?rest_route=\/wp\/v2\/product\/4166","targetHints":{"allow":["GET"]}}],"collection":[{"href":"https:\/\/retkilemi.fi\/index.php?rest_route=\/wp\/v2\/product"}],"about":[{"href":"https:\/\/retkilemi.fi\/index.php?rest_route=\/wp\/v2\/types\/product"}],"replies":[{"embeddable":true,"href":"https:\/\/retkilemi.fi\/index.php?rest_route=%2Fwp%2Fv2%2Fcomments&post=4166"}],"wp:featuredmedia":[{"embeddable":true,"href":"https:\/\/retkilemi.fi\/index.php?rest_route=\/wp\/v2\/media\/4167"}],"wp:attachment":[{"href":"https:\/\/retkilemi.fi\/index.php?rest_route=%2Fwp%2Fv2%2Fmedia&parent=4166"}],"wp:term":[{"taxonomy":"product_brand","embeddable":true,"href":"https:\/\/retkilemi.fi\/index.php?rest_route=%2Fwp%2Fv2%2Fproduct_brand&post=4166"},{"taxonomy":"product_cat","embeddable":true,"href":"https:\/\/retkilemi.fi\/index.php?rest_route=%2Fwp%2Fv2%2Fproduct_cat&post=4166"},{"taxonomy":"product_tag","embeddable":true,"href":"https:\/\/retkilemi.fi\/index.php?rest_route=%2Fwp%2Fv2%2Fproduct_tag&post=4166"}],"curies":[{"name":"wp","href":"https:\/\/api.w.org\/{rel}","templated":true}]}}