{"id":4177,"date":"2023-03-30T06:40:10","date_gmt":"2023-03-30T03:40:10","guid":{"rendered":"https:\/\/retkilemi.fi\/?post_type=product&#038;p=4177"},"modified":"2024-01-29T22:03:36","modified_gmt":"2024-01-29T20:03:36","slug":"nutrolin-puppy-mom","status":"publish","type":"product","link":"https:\/\/retkilemi.fi\/?product=nutrolin-puppy-mom","title":{"rendered":"NUTROLIN PUPPY &amp; MOM"},"content":{"rendered":"<p>Varmista, ett\u00e4 pennustasi kasvaa oppivainen ja reipas koira! Nutrolin\u00ae Puppy &amp; Mom -valmisteella on my\u00f6nteinen vaikutus pennun aivojen ja silmien kehitykselle ja se edist\u00e4\u00e4 pennun oppimiskyky\u00f6. Runsaasti Omega-3 -rasvahappoja sis\u00e4lt\u00e4v\u00e4 valmiste suositellaan lis\u00e4tt\u00e4v\u00e4ksi tiineen koiran ruokavalioon viimeist\u00e4\u00e4n tiineyden viimeisen kolmanneksen alussa ja jatkettavan sen k\u00e4ytt\u00f6\u00e4 aina imetyksen p\u00e4\u00e4ttymiseen asti ja pennuilla 6-8 kk ik\u00e4\u00e4n saakka. Tutkimustulokset osoittavat, ett\u00e4 siki\u00f6kaudella ja varhaisina kasvukuukausina annettu kala\u00f6ljyn Omega-3 DHA lis\u00e4\u00e4 pennun koulutettavuutta. T\u00e4m\u00e4 on merkitt\u00e4v\u00e4 huomio erityisesti tulevien harrastus- ja ty\u00f6koirien kannalta, mutta my\u00f6s kotikoiran virkaa hoitavien koirien kohdalla.<\/p>\n<p>Nutrolin\u00ae Puppy &amp; Mom on 100 % luonnollinen, puhdas rasvahappovalmiste, joka koostuu muokkaamattomista \u00f6ljyist\u00e4 ja luonnollisista antioksidantteina k\u00e4ytetyist\u00e4 vitamiineista. DHA-rasvahapot saadaan syv\u00e4nmerenkaloista ja v\u00e4ltt\u00e4m\u00e4tt\u00f6m\u00e4t rasvahapot (linolihappo LA ja alfalinoleenihappo ALA) auringonkukka- ja pellava\u00f6ljyst\u00e4. Kasvi\u00f6ljylis\u00e4 stabiloi tuotteen pennuille turvalliseksi ja samalla se hoitaa pennun ihoa ja turkkia. Tuotteen korkea laatu n\u00e4kyy sen kirkkaana v\u00e4rin\u00e4 ja mietona tuoksuna. Tutkimukset osoittavat, ett\u00e4 hapettuneet lohi- ja muut kala\u00f6ljyt rasittavat kasvavan pennun immuunipuolustusta ja aiheuttavat sille jopa luustonkasvun h\u00e4iri\u00f6it\u00e4 (Turek ym., 2003).<\/p>\n<p>DHA-lis\u00e4ys saattaa vaikuttaa my\u00f6nteisesti my\u00f6s pennun hajuaistin kehitykseen ja luoda pohjan aikuisi\u00e4n hyv\u00e4lle ihon terveydelle.<\/p>\n<p><b>Hedelm\u00e4llisyys ja omega-3-rasvahapot<\/b><br \/>\nJos jalostusnartun elimist\u00f6n omega-3-rasvahappojen taso on alhainen, se voi heikent\u00e4\u00e4 tiinehtymist\u00e4 ja pienent\u00e4\u00e4 pentueen kokoa. Yli 17 000 koiran astutusta k\u00e4sitt\u00e4v\u00e4ss\u00e4 tutkimuksessa todettiin, ett\u00e4 runsaasti omega-3-rasvahappoja sis\u00e4lt\u00e4v\u00e4 ruokinta paransi tiinehtymist\u00e4, v\u00e4hensi kuolleina syntyneiden pentujen lukum\u00e4\u00e4r\u00e4\u00e4 ja piti yll\u00e4 pentuekokoa toistuvien tiineyksien v\u00e4lill\u00e4 (Kelley 2000). T\u00e4st\u00e4 syyst\u00e4 suosittelemme, ett\u00e4 jos nartulla on ollut pentue jo aiemmin, sille on hyv\u00e4 aloittaa Nutrolin\u00ae Puppy &amp; Mom annostelu jo viikkoja ennen astutusta.<\/p>\n<p>\u00d6ljy on pakattu kierr\u00e4tett\u00e4v\u00e4\u00e4n alumiinipulloon, joka antaa suojan valolta ja hapelta. Helppo annostella p\u00e4ivitt\u00e4in koiran ruuan joukkoon! Avaamattomana s\u00e4ilyy huoneenl\u00e4mm\u00f6ss\u00e4, avattuna 4 kk j\u00e4\u00e4kaapissa.<\/p>\n<p><b>Valmistusaineet:<\/b><br \/>\nKala\u00f6ljy &#8211; omega-3 DHA 160 mg\/ml<\/p>\n<p><b>Luonnolliset lis\u00e4aineet kasvi\u00f6ljyss\u00e4:<\/b><br \/>\nE-vitamiini (d-alfa-tokoferoli) 2,5 mg\/ml<br \/>\nTokoferoliuute<br \/>\nRosmariiniuute<\/p>\n<p><b>Pullokoot:<\/b>\u00a0150 ml, 450 ml<\/p>\n<p><b>Annostus:<\/b><\/p>\n<p>Emon p\u00e4iv\u00e4annos astutuksesta vieroitukseen:<\/p>\n<table>\n<tbody>\n<tr>\n<td><strong>Koiran paino kg<\/strong><\/td>\n<td><strong>ml<\/strong><\/td>\n<\/tr>\n<tr>\n<td>5<\/td>\n<td>1,25<\/td>\n<\/tr>\n<tr>\n<td>10<\/td>\n<td>2,5<\/td>\n<\/tr>\n<tr>\n<td>20<\/td>\n<td>5<\/td>\n<\/tr>\n<tr>\n<td>40<\/td>\n<td>7,5<\/td>\n<\/tr>\n<tr>\n<td>70<\/td>\n<td>10<\/td>\n<\/tr>\n<\/tbody>\n<\/table>\n<p>Pennulle 8 kk ik\u00e4\u00e4n 1 ml \/ 3 kg<\/p>\n","protected":false},"excerpt":{"rendered":"<p>Varmista, ett\u00e4 pennustasi kasvaa oppivainen ja reipas koira! Nutrolin\u00ae Puppy &amp; Mom -valmisteella on my\u00f6nteinen vaikutus pennun aivojen ja silmien kehitykselle ja se edist\u00e4\u00e4 pennun oppimiskyky\u00f6. Runsaasti Omega-3 -rasvahappoja sis\u00e4lt\u00e4v\u00e4 valmiste suositellaan lis\u00e4tt\u00e4v\u00e4ksi tiineen koiran ruokavalioon viimeist\u00e4\u00e4n tiineyden viimeisen kolmanneksen alussa ja jatkettavan sen k\u00e4ytt\u00f6\u00e4 aina imetyksen p\u00e4\u00e4ttymiseen asti ja pennuilla 6-8 kk ik\u00e4\u00e4n saakka. &hellip; <\/p>\n<p class=\"more-link-wrap\"><a href=\"https:\/\/retkilemi.fi\/?product=nutrolin-puppy-mom\" class=\"more-link\"><span>Read More<span class=\"screen-reader-text\"> &#8221;NUTROLIN PUPPY &amp; MOM&#8221;<\/span><\/span><\/a><\/p>\n","protected":false},"featured_media":4180,"comment_status":"open","ping_status":"closed","template":"","meta":{"inline_featured_image":false},"product_brand":[],"product_cat":[483,578],"product_tag":[554],"class_list":{"0":"post-4177","1":"product","2":"type-product","3":"status-publish","4":"has-post-thumbnail","6":"product_cat-lisaravinteet","7":"product_cat-pennut-ja-kasvatus","8":"product_tag-nutrolin","10":"first","11":"instock","12":"taxable","13":"shipping-taxable","14":"purchasable","15":"product-type-variable"},"_links":{"self":[{"href":"https:\/\/retkilemi.fi\/index.php?rest_route=\/wp\/v2\/product\/4177","targetHints":{"allow":["GET"]}}],"collection":[{"href":"https:\/\/retkilemi.fi\/index.php?rest_route=\/wp\/v2\/product"}],"about":[{"href":"https:\/\/retkilemi.fi\/index.php?rest_route=\/wp\/v2\/types\/product"}],"replies":[{"embeddable":true,"href":"https:\/\/retkilemi.fi\/index.php?rest_route=%2Fwp%2Fv2%2Fcomments&post=4177"}],"wp:featuredmedia":[{"embeddable":true,"href":"https:\/\/retkilemi.fi\/index.php?rest_route=\/wp\/v2\/media\/4180"}],"wp:attachment":[{"href":"https:\/\/retkilemi.fi\/index.php?rest_route=%2Fwp%2Fv2%2Fmedia&parent=4177"}],"wp:term":[{"taxonomy":"product_brand","embeddable":true,"href":"https:\/\/retkilemi.fi\/index.php?rest_route=%2Fwp%2Fv2%2Fproduct_brand&post=4177"},{"taxonomy":"product_cat","embeddable":true,"href":"https:\/\/retkilemi.fi\/index.php?rest_route=%2Fwp%2Fv2%2Fproduct_cat&post=4177"},{"taxonomy":"product_tag","embeddable":true,"href":"https:\/\/retkilemi.fi\/index.php?rest_route=%2Fwp%2Fv2%2Fproduct_tag&post=4177"}],"curies":[{"name":"wp","href":"https:\/\/api.w.org\/{rel}","templated":true}]}}