{"id":4181,"date":"2023-03-30T06:43:26","date_gmt":"2023-03-30T03:43:26","guid":{"rendered":"https:\/\/retkilemi.fi\/?post_type=product&#038;p=4181"},"modified":"2025-01-14T11:03:13","modified_gmt":"2025-01-14T09:03:13","slug":"nutrolin-hip-joint-150-ml-60-tabl","status":"publish","type":"product","link":"https:\/\/retkilemi.fi\/?product=nutrolin-hip-joint-150-ml-60-tabl","title":{"rendered":"NUTROLIN HIP &amp; JOINT, 150 ML + 60 TABL"},"content":{"rendered":"<p>Tulehdusta vaimentavat omega-3-rasvahapot ja l\u00e4\u00e4kelaatuiset nivelravinteet samassa paketissa! Molempia tarvitaan reilusti, jotta vaikutuksia saadaan aikaan. Nutrolin\u00ae Hip &amp; Joint -tuotteiden tehokas yhdysvaikutus tuo avun koirille, joilla on nivelrikko tai joilla on riski sairastua nivelrikkoon. T\u00e4m\u00e4 tutkittu suomalaisvalmiste on yll\u00e4tt\u00e4nyt iloisesti jo tuhannet nivelvaivoista k\u00e4rsivien koirien omistajat.<\/p>\n<p>Koiran nivelrikko on valittettavan yleinen ongelma. Omistaja huomaa ett\u00e4 koira ontuu, tai koiralla todetaan ns. lonkkavika. Joskus kivulias nivelrikko l\u00f6ytyykin varpaista. Asiantuntijat ovat tienneet jo pitk\u00e4\u00e4n, ett\u00e4 omega-3 -rasvahapot ja nivelravinteet, joista tutkituimmat ovat glukosamiini- ja kondroitiinisulfaatti, toimivat hyvin yhdess\u00e4. Ne helpottavat nivelrikkokoirien liikkumista ja voivat my\u00f6s v\u00e4hent\u00e4\u00e4 kipul\u00e4\u00e4kityksen tarvetta. Omega-3-rasvahappojen ja nivelravinteiden yhteisk\u00e4yt\u00f6ll\u00e4 voidaan my\u00f6s hidastaa nivelvaurioiden kehittymist\u00e4 koirilla, joilla on kasvanut riski sairastua nivelrikkoon. T\u00e4h\u00e4n riskiryhm\u00e4\u00e4n kuuluvat esimerkiksi monet ty\u00f6- ja urheilukoirat, tapaturmaisesti nivelens\u00e4 loukanneet sek\u00e4 koirat joilla on niveliss\u00e4\u00e4n rakenteellisia heikkouksia.<\/p>\n<p>Uuden positiivisen palautteen kautta on saatu kokemuksia my\u00f6s Nivel monitehon vaikutuksista patellaluksaatioon ja spondyloosiin. Tutkimustietoa n\u00e4ihin liittyen ei toistaiseksi ole olemassa.<\/p>\n<p>Nutrolin\u00ae Hip &amp; Joint -tuotteiden lanseerausta edelsi puolentoista vuoden testijakso. Tuloksena on yhdysvaikutteinen tuote, joka toimii h\u00e4mm\u00e4stytt\u00e4v\u00e4n hyvin. Tuotteen valmistukseen k\u00e4ytet\u00e4\u00e4n puhtaimpia ja tutkituimpia raaka-aineita, ja tuote valmistetaan suomalaisessa l\u00e4\u00e4ketehtaassa. Pakkauksessa on 60 makutablettia ja 150 ml l\u00e4\u00e4kelaatuista kala\u00f6ljy\u00e4. Yksi pakkaus riitt\u00e4\u00e4 30-kiloiselle koiralle kuukaudeksi.<\/p>\n<p>Nutrolin Hip &amp; Joint -tuotteiden valmistaja suosittelee keskustelemaan el\u00e4inl\u00e4\u00e4k\u00e4rin kanssa koiran nivelterveydest\u00e4. Nivelrikon toteaminen vaatii aina el\u00e4inl\u00e4\u00e4k\u00e4rik\u00e4ynnin. Kun sairaus todetaan, lihashuolto, fysioterapia, laser ja painonhallinta kuuluvat yleens\u00e4 nivelrikkokoiran hoitokokonaisuuteen.<\/p>\n<p><b>Pakkauskoko:<\/b>\u00a060 tabl + 150 ml \u00f6ljy\u00e4<\/p>\n<p><b>Koostumus \/ tabletti 1100 mg:<\/b><br \/>\nGlukosamiini HCI 330 mg<br \/>\nKondroitiinisulfaatti 220 mg<br \/>\nMSM 110mg<br \/>\nKrilli\/krill (Euphausia superba) 110 mg<br \/>\nC-vitamiini 33 mg<br \/>\nApuaineet 297 mg<\/p>\n<p><b>Koostumus:<\/b><br \/>\nkala\u00f6ljy** 2,5ml:<br \/>\n&#8211; ETA (C20:4) 15 mg<br \/>\n&#8211; EPA (C20:5) 358 mg<br \/>\n&#8211; DPA (C22:5) 52 mg<br \/>\n&#8211; DHA (C22:6) 243 mg<br \/>\nOmega-3 698mg<br \/>\n**l\u00e4\u00e4kelaatu (GMP\/API)<\/p>\n<p><b>P\u00e4iv\u00e4annos:<\/b><\/p>\n<table>\n<tbody>\n<tr>\n<td>Koiran paino (kg)<\/td>\n<td>Tablettia<\/td>\n<td>\u00d6ljy\u00e4 \/ ml<\/td>\n<\/tr>\n<tr>\n<td>5-15<\/td>\n<td>1<\/td>\n<td>2,5<\/td>\n<\/tr>\n<tr>\n<td>15-30<\/td>\n<td>2<\/td>\n<td>5<\/td>\n<\/tr>\n<tr>\n<td>30-50<\/td>\n<td>3<\/td>\n<td>7,5<\/td>\n<\/tr>\n<tr>\n<td>&gt; 50<\/td>\n<td>4<\/td>\n<td>10<\/td>\n<\/tr>\n<\/tbody>\n<\/table>\n","protected":false},"excerpt":{"rendered":"<p>Tulehdusta vaimentavat omega-3-rasvahapot ja l\u00e4\u00e4kelaatuiset nivelravinteet samassa paketissa! Molempia tarvitaan reilusti, jotta vaikutuksia saadaan aikaan. Nutrolin\u00ae Hip &amp; Joint -tuotteiden tehokas yhdysvaikutus tuo avun koirille, joilla on nivelrikko tai joilla on riski sairastua nivelrikkoon. T\u00e4m\u00e4 tutkittu suomalaisvalmiste on yll\u00e4tt\u00e4nyt iloisesti jo tuhannet nivelvaivoista k\u00e4rsivien koirien omistajat. Koiran nivelrikko on valittettavan yleinen ongelma. Omistaja huomaa ett\u00e4 &hellip; <\/p>\n<p class=\"more-link-wrap\"><a href=\"https:\/\/retkilemi.fi\/?product=nutrolin-hip-joint-150-ml-60-tabl\" class=\"more-link\"><span>Read More<span class=\"screen-reader-text\"> &#8221;NUTROLIN HIP &amp; JOINT, 150 ML + 60 TABL&#8221;<\/span><\/span><\/a><\/p>\n","protected":false},"featured_media":4182,"comment_status":"open","ping_status":"closed","template":"","meta":{"inline_featured_image":false},"product_brand":[],"product_cat":[483],"product_tag":[554],"class_list":{"0":"post-4181","1":"product","2":"type-product","3":"status-publish","4":"has-post-thumbnail","6":"product_cat-lisaravinteet","7":"product_tag-nutrolin","9":"first","10":"outofstock","11":"taxable","12":"shipping-taxable","13":"purchasable","14":"product-type-simple"},"_links":{"self":[{"href":"https:\/\/retkilemi.fi\/index.php?rest_route=\/wp\/v2\/product\/4181","targetHints":{"allow":["GET"]}}],"collection":[{"href":"https:\/\/retkilemi.fi\/index.php?rest_route=\/wp\/v2\/product"}],"about":[{"href":"https:\/\/retkilemi.fi\/index.php?rest_route=\/wp\/v2\/types\/product"}],"replies":[{"embeddable":true,"href":"https:\/\/retkilemi.fi\/index.php?rest_route=%2Fwp%2Fv2%2Fcomments&post=4181"}],"wp:featuredmedia":[{"embeddable":true,"href":"https:\/\/retkilemi.fi\/index.php?rest_route=\/wp\/v2\/media\/4182"}],"wp:attachment":[{"href":"https:\/\/retkilemi.fi\/index.php?rest_route=%2Fwp%2Fv2%2Fmedia&parent=4181"}],"wp:term":[{"taxonomy":"product_brand","embeddable":true,"href":"https:\/\/retkilemi.fi\/index.php?rest_route=%2Fwp%2Fv2%2Fproduct_brand&post=4181"},{"taxonomy":"product_cat","embeddable":true,"href":"https:\/\/retkilemi.fi\/index.php?rest_route=%2Fwp%2Fv2%2Fproduct_cat&post=4181"},{"taxonomy":"product_tag","embeddable":true,"href":"https:\/\/retkilemi.fi\/index.php?rest_route=%2Fwp%2Fv2%2Fproduct_tag&post=4181"}],"curies":[{"name":"wp","href":"https:\/\/api.w.org\/{rel}","templated":true}]}}