{"id":4185,"date":"2023-03-30T11:32:33","date_gmt":"2023-03-30T08:32:33","guid":{"rendered":"https:\/\/retkilemi.fi\/?post_type=product&#038;p=4185"},"modified":"2023-03-30T11:35:19","modified_gmt":"2023-03-30T08:35:19","slug":"nutrolin-senior","status":"publish","type":"product","link":"https:\/\/retkilemi.fi\/?product=nutrolin-senior","title":{"rendered":"NUTROLIN SENIOR"},"content":{"rendered":"<p>Koirille tyypillinen el\u00e4m\u00e4nilo ja liikkumisen riemu ovat my\u00f6s vanhan koiran oikeus! Nutrolin\u00ae Senior -ravinto\u00f6ljyn runsas omega-3 -rasvahapposis\u00e4lt\u00f6 hillitsee elimist\u00f6n matala-asteista tulehdusta, parantaa nivelten liikkuvuutta ja yll\u00e4pit\u00e4\u00e4 virke\u00e4\u00e4 mielialaa ja aivojen toimintaa.<\/p>\n<p>Ik\u00e4\u00e4ntyess\u00e4 koiran elimist\u00f6n suojamekanismit heikkenev\u00e4t. Pitkittynyt matala-asteinen tulehdus ja oksidatiivinen stressi rasittavat elimist\u00f6\u00e4. Oksidatiivinen stressi tarkoittaa elimist\u00f6n tilaa, jossa elimist\u00f6ss\u00e4 on ep\u00e4tasapaino soluja hapettavien ja hapettamiselta suojaavien tekij\u00f6iden v\u00e4lill\u00e4. Kala\u00f6ljyn omega-3-rasvahapot suojaavat ik\u00e4\u00e4ntyv\u00e4\u00e4 elimist\u00f6\u00e4 tulehdusreaktioilta ja antioksidantit, E-vitamiini ja ubikinoni (Q10), hapetusstressilt\u00e4. Nutrolin Senior\u00ae -valmisteen antama ravitsemuksellinen tuki auttaa ik\u00e4\u00e4ntyv\u00e4\u00e4 koiraa s\u00e4ilytt\u00e4m\u00e4\u00e4n toimintakykyns\u00e4.<\/p>\n<p>Kala\u00f6ljyn laatu ja s\u00e4ilyvyys ovat ensiarvoisen t\u00e4rke\u00e4 asia ik\u00e4\u00e4ntyv\u00e4lle koiralle, koska hapettuneet \u00f6ljyt kuormittavat tarpeettomasti sen elimist\u00f6n luontaista antioksidanttisuojaa. Nutrolin\u00ae-\u00f6ljyjen suojaamismenetelmi\u00e4 on kehitetty vuosien ajan yh\u00e4 tehokkaammiksi. T\u00e4m\u00e4n ansiosta Nutrolin\u00ae Senior oli parhaiten s\u00e4ilyv\u00e4 \u00f6ljyvalmiste tutkimuksessa, jonka professori Charlotte Jacobsen ryhmineen teki Tanskan teknillisess\u00e4 yliopistossa vuonna 2015.<\/p>\n<p>Omega-3-rasvahappojen ja antioksidanttien aikaansaamia n\u00e4kyvi\u00e4 muutoksia vanhalla koiralla ovat nivelten liikkuvuuden ja mielialan paraneminen.<\/p>\n<p>Kala\u00f6ljyn omega-3-rasvahapot ja E-vitamiini tehostavat munuaisten toimintaa koirilla jotka k\u00e4rsiv\u00e4t munuaisten vajaatoiminnasta. Kun t\u00e4h\u00e4n seokseen lis\u00e4t\u00e4\u00e4n viel\u00e4 ubikinoni (koentsyymi Q10), sen on todettu tukevan my\u00f6s syd\u00e4men vajaatoiminnasta k\u00e4rsiv\u00e4n koiran hyvinvointia.<\/p>\n<p>Nutrolin\u00ae Senior maistuu hyv\u00e4lt\u00e4. Helppo p\u00e4ivitt\u00e4inen lis\u00e4 ruuan joukkoon.<br \/>\nAvattu pakkaus on s\u00e4ilytett\u00e4v\u00e4 j\u00e4\u00e4kaapissa ja k\u00e4ytett\u00e4v\u00e4 nelj\u00e4n kuukauden kuluessa.<\/p>\n<p><b>Koostumus:<\/b><\/p>\n<p><b>Valmistusaineet:<\/b><br \/>\nKala\u00f6ljy &#8211; omega-3 EPA + DHA 200 mg\/ml<\/p>\n<p><b>Luonnolliset lis\u00e4aineet kasvi\u00f6ljyss\u00e4:<\/b><br \/>\nUbikinoni (koentsyymi Q) 3mg\/ml<br \/>\nE-vitamiini (d-alfa-tokoferoli) 2,5 mg\/ml<br \/>\nTokoferoliuute<br \/>\nRosmariiniuute<\/p>\n<p><b>Pullokoot:<\/b> 265 ml<\/p>\n<p><b>Annostus:<\/b><\/p>\n<table>\n<tbody>\n<tr>\n<td><strong>Koiran paino kg<\/strong><\/td>\n<td><strong>ml<\/strong><\/td>\n<\/tr>\n<tr>\n<td>5<\/td>\n<td>2,5<\/td>\n<\/tr>\n<tr>\n<td>10<\/td>\n<td>5<\/td>\n<\/tr>\n<tr>\n<td>20<\/td>\n<td>7,5<\/td>\n<\/tr>\n<tr>\n<td>30<\/td>\n<td>10<\/td>\n<\/tr>\n<tr>\n<td>50<\/td>\n<td>15<\/td>\n<\/tr>\n<tr>\n<td>80<\/td>\n<td>20<\/td>\n<\/tr>\n<\/tbody>\n<\/table>\n","protected":false},"excerpt":{"rendered":"<p>265ml<\/p>\n","protected":false},"featured_media":4186,"comment_status":"open","ping_status":"closed","template":"","meta":{"inline_featured_image":false},"product_brand":[],"product_cat":[483],"product_tag":[554],"class_list":{"0":"post-4185","1":"product","2":"type-product","3":"status-publish","4":"has-post-thumbnail","6":"product_cat-lisaravinteet","7":"product_tag-nutrolin","9":"first","10":"instock","11":"taxable","12":"shipping-taxable","13":"purchasable","14":"product-type-simple"},"_links":{"self":[{"href":"https:\/\/retkilemi.fi\/index.php?rest_route=\/wp\/v2\/product\/4185","targetHints":{"allow":["GET"]}}],"collection":[{"href":"https:\/\/retkilemi.fi\/index.php?rest_route=\/wp\/v2\/product"}],"about":[{"href":"https:\/\/retkilemi.fi\/index.php?rest_route=\/wp\/v2\/types\/product"}],"replies":[{"embeddable":true,"href":"https:\/\/retkilemi.fi\/index.php?rest_route=%2Fwp%2Fv2%2Fcomments&post=4185"}],"wp:featuredmedia":[{"embeddable":true,"href":"https:\/\/retkilemi.fi\/index.php?rest_route=\/wp\/v2\/media\/4186"}],"wp:attachment":[{"href":"https:\/\/retkilemi.fi\/index.php?rest_route=%2Fwp%2Fv2%2Fmedia&parent=4185"}],"wp:term":[{"taxonomy":"product_brand","embeddable":true,"href":"https:\/\/retkilemi.fi\/index.php?rest_route=%2Fwp%2Fv2%2Fproduct_brand&post=4185"},{"taxonomy":"product_cat","embeddable":true,"href":"https:\/\/retkilemi.fi\/index.php?rest_route=%2Fwp%2Fv2%2Fproduct_cat&post=4185"},{"taxonomy":"product_tag","embeddable":true,"href":"https:\/\/retkilemi.fi\/index.php?rest_route=%2Fwp%2Fv2%2Fproduct_tag&post=4185"}],"curies":[{"name":"wp","href":"https:\/\/api.w.org\/{rel}","templated":true}]}}