{"id":4193,"date":"2023-04-10T11:26:59","date_gmt":"2023-04-10T08:26:59","guid":{"rendered":"https:\/\/retkilemi.fi\/?post_type=product&#038;p=4193"},"modified":"2023-04-10T11:29:22","modified_gmt":"2023-04-10T08:29:22","slug":"nutrolin-sport-500-ml","status":"publish","type":"product","link":"https:\/\/retkilemi.fi\/?product=nutrolin-sport-500-ml","title":{"rendered":"NUTROLIN SPORT, 500 ML"},"content":{"rendered":"<p>Nutrolin\u00ae Sport on kehitetty erityisesti ty\u00f6- ja urheilukoirien tarpeisiin. Se auttaa suojaamaan elimist\u00f6\u00e4 kovassa rasituksessa ja nopeuttaa siten my\u00f6s koiran palautumista suorituksen j\u00e4lkeen. Tuki- ja liikuntaelimiin kohdistuva rasitus aiheuttaa niiss\u00e4 tulehdusta ja oksidatiivista stressi\u00e4. Nutrolin\u00ae Sportin sis\u00e4lt\u00e4m\u00e4 kala\u00f6ljy tarjoaa runsaasti tulehdusta hillitsevi\u00e4 Omega-3 -rasvahappoja sek\u00e4 solukalvoja suojaavia antioksidantteja, E-vitamiinia ja astaksantiinia.<\/p>\n<p>Nutrolin\u00ae Sport -valmisteen antaminen koiralle kannattaa aloittaa jo muutamaa kuukautta ennen valmennus-, kisa- tai mets\u00e4styskauden alkua, jolloin lihakset ja kudokset ehdit\u00e4\u00e4n tankata luonnollisilla antioksidanteilla ja rasvahapoilla ennen rasituksen alkamista. Annostelua jatketaan seuraavaan lepokauteen saakka tai annetaan ymp\u00e4rivuotisesti, mik\u00e4li koira tekee ty\u00f6t\u00e4 jatkuvasti ilman pitki\u00e4 taukoja.<\/p>\n<p><b>Koostumus \/ 10 ml:<\/b><br \/>\nKala\u00f6ljy EPA + DHA 2000 mg<br \/>\nAktaksantiini 2 mg (Haematococcus pluvialis)<br \/>\nE-vitamiini 100 mg<\/p>\n<p><b>Muut:<\/b><br \/>\nRypsi\u00f6ljy<br \/>\nRosmariiniuute<br \/>\nTokoferoliseos<\/p>\n<p>* 100% luonnollisia raaka-aineita.<\/p>\n<p><b>P\u00e4iv\u00e4annos:<\/b><\/p>\n<table>\n<tbody>\n<tr>\n<td>Koiran paino (kg)<\/td>\n<td>Millilitraa<\/td>\n<\/tr>\n<tr>\n<td>&lt; 10<\/td>\n<td>5<\/td>\n<\/tr>\n<tr>\n<td>15<\/td>\n<td>7,5<\/td>\n<\/tr>\n<tr>\n<td>20<\/td>\n<td>10<\/td>\n<\/tr>\n<tr>\n<td>30<\/td>\n<td>12,5<\/td>\n<\/tr>\n<tr>\n<td>40<\/td>\n<td>15<\/td>\n<\/tr>\n<\/tbody>\n<\/table>\n<p>Saatavana 500 ml pullossa.<\/p>\n<p>Avattu pakkaus s\u00e4ilytett\u00e4v\u00e4 j\u00e4\u00e4kaapissa ja k\u00e4ytett\u00e4v\u00e4 3 kk kuluessa. \u00d6ljy sis\u00e4lt\u00e4\u00e4 punaista pigmentti\u00e4, joka saattaa v\u00e4rj\u00e4t\u00e4 esimerkiksi tekstiilej\u00e4.<\/p>\n","protected":false},"excerpt":{"rendered":"<p>500ml<\/p>\n","protected":false},"featured_media":4194,"comment_status":"open","ping_status":"closed","template":"","meta":{"inline_featured_image":false},"product_brand":[],"product_cat":[483],"product_tag":[554],"class_list":{"0":"post-4193","1":"product","2":"type-product","3":"status-publish","4":"has-post-thumbnail","6":"product_cat-lisaravinteet","7":"product_tag-nutrolin","9":"first","10":"instock","11":"taxable","12":"shipping-taxable","13":"purchasable","14":"product-type-simple"},"_links":{"self":[{"href":"https:\/\/retkilemi.fi\/index.php?rest_route=\/wp\/v2\/product\/4193","targetHints":{"allow":["GET"]}}],"collection":[{"href":"https:\/\/retkilemi.fi\/index.php?rest_route=\/wp\/v2\/product"}],"about":[{"href":"https:\/\/retkilemi.fi\/index.php?rest_route=\/wp\/v2\/types\/product"}],"replies":[{"embeddable":true,"href":"https:\/\/retkilemi.fi\/index.php?rest_route=%2Fwp%2Fv2%2Fcomments&post=4193"}],"wp:featuredmedia":[{"embeddable":true,"href":"https:\/\/retkilemi.fi\/index.php?rest_route=\/wp\/v2\/media\/4194"}],"wp:attachment":[{"href":"https:\/\/retkilemi.fi\/index.php?rest_route=%2Fwp%2Fv2%2Fmedia&parent=4193"}],"wp:term":[{"taxonomy":"product_brand","embeddable":true,"href":"https:\/\/retkilemi.fi\/index.php?rest_route=%2Fwp%2Fv2%2Fproduct_brand&post=4193"},{"taxonomy":"product_cat","embeddable":true,"href":"https:\/\/retkilemi.fi\/index.php?rest_route=%2Fwp%2Fv2%2Fproduct_cat&post=4193"},{"taxonomy":"product_tag","embeddable":true,"href":"https:\/\/retkilemi.fi\/index.php?rest_route=%2Fwp%2Fv2%2Fproduct_tag&post=4193"}],"curies":[{"name":"wp","href":"https:\/\/api.w.org\/{rel}","templated":true}]}}