{"id":4217,"date":"2023-06-07T09:54:21","date_gmt":"2023-06-07T06:54:21","guid":{"rendered":"https:\/\/retkilemi.fi\/?post_type=product&#038;p=4217"},"modified":"2023-09-21T12:46:23","modified_gmt":"2023-09-21T09:46:23","slug":"primadog-adult-all-breeds-viljaton-peura-kalkkuna","status":"publish","type":"product","link":"https:\/\/retkilemi.fi\/?product=primadog-adult-all-breeds-viljaton-peura-kalkkuna","title":{"rendered":"PRIMADOG ADULT ALL BREEDS VILJATON PEURA-KALKKUNA"},"content":{"rendered":"<p>Keskikokoinen nappulakoko sopii kaikille koosta riippumatta. PrimaDog Peura-kalkkuna VILJATON, on eritt\u00e4in korkealaatuinen t\u00e4ysravinto aikuisille koirille. Ruoka sopii erityisen hyvin herkk\u00e4vatsaisille koirille ja keskikokoisen nappulakokonsa ansiosta sit\u00e4 voi sy\u00f6d\u00e4 niin pieni kuin suurikin koira. Tuotteessa on k\u00e4ytetty hyvin siedetty\u00e4 peuraa p\u00e4\u00e4proteiinin l\u00e4hteen\u00e4 jonka lis\u00e4ksi seokseen on lis\u00e4tty my\u00f6s kalkkunajauhoa. Vehn\u00e4n sijaan hiilihydraattien l\u00e4hteen\u00e4 on k\u00e4ytetty herneit\u00e4, kurpitsaa sek\u00e4 omenaa. Mukana on my\u00f6s puolukkaa, hillaa, tyrnimarjaa sek\u00e4 tilli\u00e4, jotka toimivat v\u00e4ltt\u00e4m\u00e4tt\u00f6mien antioksidanttien, kivenn\u00e4isten, vitamiinien sek\u00e4 kuidun luonnollisen\u00e4 l\u00e4hteen\u00e4. Lis\u00e4tty luonnollinen Yucca schidigera-uute v\u00e4hent\u00e4\u00e4 ulosteen hajua ja tukee anti-inflammatorista\/tulehdusta ehk\u00e4isev\u00e4\u00e4 prosessia j\u00e4nteiss\u00e4 sek\u00e4 nivelrustossa. MOS ja FOS takaavat terveellisten bakteerien kasvun suolistossa, joka vahvistaa koko ruoansulatuselminist\u00f6n terveytt\u00e4. Tuote ei sis\u00e4ll\u00e4 v\u00e4riaineita, keinotekoisia aromeja tai GMO-ainesosia. Korkein laatu taataan ISO 9001 ja HACCP -laadunvalvontaj\u00e4rjestelmin. Valmistettu EU:ssa.<\/p>\n<p><b>Koostumus:<\/b>\u00a0Peura 30 %, herneet, kalkkunajauho15 %, kananrasva (s\u00e4il\u00f6tty luontaisilla tokoferoleilla, E-vitamiinin l\u00e4hde), 10 % kurpitsa, kuivattu omena, kuivattu juurikasmassa, panimohiiva, hydrolysoitu kananmaksa, lohi\u00f6ljy, yucca schidigera -uute, mannan-oligosakkaridit, frukto-oligosakkaridit, puolukka 100 mg \/ kg (Vaccinium vitisidaida), hilla 100 mg \/ kg (Rubus chamaemorus), tyrni 100 mg \/ kg (Hippophae rhamnoides), tilli 100 mg \/ kg (Anethum graveolens).<br \/>\n<b>Ravintoaineet:<\/b>\u00a0Raakavalkuainen 26%, rasvapitoisuus 15%, raakakuitu 3%, kosteus 10%, hehkutusj\u00e4\u00e4nn\u00f6s 7,5%, kalsium 1,5%, fosfori 1,1%.<br \/>\n<b>Ravitsemukselliset lis\u00e4aineet \/ 1 kg:<\/b>\u00a0A-vitamiini (3a672a) 18 000 IU, D3-vitamiini (E671) 1 800 IU, E-vitamiini (3a700) 450 mg, kupari (E4) 15 mg, rauta (E1) 75 mg, mangaani (E5) 40 mg, sinkki (3b603) 90 mg, jodi (3b201) 0,7 mg, seleeni (3b8.10) 0,2 mg Sis\u00e4lt\u00e4\u00e4 EU:n hyv\u00e4ksymi\u00e4 antioksidantteja.<br \/>\n<b>Metabolinen energia:<\/b>\u00a03720 kcal\/Kg<br \/>\n<b>Pakkauskoot:<\/b>\u00a01,5 kg, 10 kg<\/p>\n","protected":false},"excerpt":{"rendered":"<p>&nbsp;<\/p>\n<p>10Kg s\u00e4kki<\/p>\n","protected":false},"featured_media":4218,"comment_status":"open","ping_status":"closed","template":"","meta":{"inline_featured_image":false},"product_brand":[],"product_cat":[309],"product_tag":[326,324,559,323,400],"class_list":{"0":"post-4217","1":"product","2":"type-product","3":"status-publish","4":"has-post-thumbnail","6":"product_cat-koiranruoka","7":"product_tag-kuivaruoka","8":"product_tag-nappula","9":"product_tag-primadog","10":"product_tag-ruoka","11":"product_tag-valio","13":"first","14":"outofstock","15":"taxable","16":"shipping-taxable","17":"purchasable","18":"product-type-simple"},"_links":{"self":[{"href":"https:\/\/retkilemi.fi\/index.php?rest_route=\/wp\/v2\/product\/4217","targetHints":{"allow":["GET"]}}],"collection":[{"href":"https:\/\/retkilemi.fi\/index.php?rest_route=\/wp\/v2\/product"}],"about":[{"href":"https:\/\/retkilemi.fi\/index.php?rest_route=\/wp\/v2\/types\/product"}],"replies":[{"embeddable":true,"href":"https:\/\/retkilemi.fi\/index.php?rest_route=%2Fwp%2Fv2%2Fcomments&post=4217"}],"wp:featuredmedia":[{"embeddable":true,"href":"https:\/\/retkilemi.fi\/index.php?rest_route=\/wp\/v2\/media\/4218"}],"wp:attachment":[{"href":"https:\/\/retkilemi.fi\/index.php?rest_route=%2Fwp%2Fv2%2Fmedia&parent=4217"}],"wp:term":[{"taxonomy":"product_brand","embeddable":true,"href":"https:\/\/retkilemi.fi\/index.php?rest_route=%2Fwp%2Fv2%2Fproduct_brand&post=4217"},{"taxonomy":"product_cat","embeddable":true,"href":"https:\/\/retkilemi.fi\/index.php?rest_route=%2Fwp%2Fv2%2Fproduct_cat&post=4217"},{"taxonomy":"product_tag","embeddable":true,"href":"https:\/\/retkilemi.fi\/index.php?rest_route=%2Fwp%2Fv2%2Fproduct_tag&post=4217"}],"curies":[{"name":"wp","href":"https:\/\/api.w.org\/{rel}","templated":true}]}}