{"id":4227,"date":"2023-06-08T11:48:40","date_gmt":"2023-06-08T08:48:40","guid":{"rendered":"https:\/\/retkilemi.fi\/?post_type=product&#038;p=4227"},"modified":"2023-07-31T00:01:36","modified_gmt":"2023-07-30T21:01:36","slug":"brava-heijastava-foliopeite-2-x-2-m","status":"publish","type":"product","link":"https:\/\/retkilemi.fi\/?product=brava-heijastava-foliopeite-2-x-2-m","title":{"rendered":"BRAVA HEIJASTAVA FOLIOPEITE 2 x 2 m"},"content":{"rendered":"<p>Hengitt\u00e4v\u00e4 ja kevyt, heijastavasta materiaalista valmistettu foliopeite blokkaa jopa 80 % auringon s\u00e4teilyst\u00e4 pois. Peite voidaan laittaa esim. koiran h\u00e4kin, n\u00e4yttelyteltan, pentuaitauksen tai auton p\u00e4\u00e4lle. Foliopeitteest\u00e4 voidaan rakentaa my\u00f6s suojaava katos esim. terassin p\u00e4\u00e4lle. Peitteen reunassa on leve\u00e4 nylonkanttaus, jossa on metallilla vahvistetut purjerenkaat peitteen kiinnityst\u00e4 varten.<\/p>\n<p><b>Koot:<\/b>\u00a02 x 2 m, 3 x 3 m, 4 x 4 m<\/p>\n<p>Piemm\u00e4n, esim. metalli- tai kangash\u00e4kin, k\u00e4rryjen tai boksin p\u00e4\u00e4lle sopivan foliopeitteen l\u00f6yd\u00e4t tuotenumerolla 38259. Kuvien mustekalat eiv\u00e4t sis\u00e4lly toimitukseen.<\/p>\n<p>\u00c4l\u00e4 j\u00e4t\u00e4 koiraa yksin kuumaan autoon, vaikka se olisi peitetty foliopeitteell\u00e4!<\/p>\n<p>Peite on eritt\u00e4in kevyt ja hengitt\u00e4v\u00e4. Jos peitett\u00e4 pidet\u00e4\u00e4n pitk\u00e4\u00e4n auton p\u00e4\u00e4ll\u00e4 ja tuuli p\u00e4\u00e4see liikuttelemaan peitett\u00e4, on olemassa pieni riski, ett\u00e4 auton maalipintaan j\u00e4isi j\u00e4lki\u00e4. Sen voi est\u00e4\u00e4 t\u00e4ysin laittamalla peitteen alle varmuuden vuoksi pehme\u00e4mm\u00e4n kankaan (esim. lakanan).<\/p>\n","protected":false},"excerpt":{"rendered":"<p>Koko 2m x 2m<\/p>\n","protected":false},"featured_media":4228,"comment_status":"open","ping_status":"closed","template":"","meta":{"inline_featured_image":false},"product_brand":[],"product_cat":[518,280],"product_tag":[562,563],"class_list":{"0":"post-4227","1":"product","2":"type-product","3":"status-publish","4":"has-post-thumbnail","6":"product_cat-matkustaminen","7":"product_cat-tarjouksessa","8":"product_tag-foiopeite","9":"product_tag-foliopeite","11":"first","12":"instock","13":"taxable","14":"shipping-taxable","15":"purchasable","16":"product-type-simple"},"_links":{"self":[{"href":"https:\/\/retkilemi.fi\/index.php?rest_route=\/wp\/v2\/product\/4227","targetHints":{"allow":["GET"]}}],"collection":[{"href":"https:\/\/retkilemi.fi\/index.php?rest_route=\/wp\/v2\/product"}],"about":[{"href":"https:\/\/retkilemi.fi\/index.php?rest_route=\/wp\/v2\/types\/product"}],"replies":[{"embeddable":true,"href":"https:\/\/retkilemi.fi\/index.php?rest_route=%2Fwp%2Fv2%2Fcomments&post=4227"}],"wp:featuredmedia":[{"embeddable":true,"href":"https:\/\/retkilemi.fi\/index.php?rest_route=\/wp\/v2\/media\/4228"}],"wp:attachment":[{"href":"https:\/\/retkilemi.fi\/index.php?rest_route=%2Fwp%2Fv2%2Fmedia&parent=4227"}],"wp:term":[{"taxonomy":"product_brand","embeddable":true,"href":"https:\/\/retkilemi.fi\/index.php?rest_route=%2Fwp%2Fv2%2Fproduct_brand&post=4227"},{"taxonomy":"product_cat","embeddable":true,"href":"https:\/\/retkilemi.fi\/index.php?rest_route=%2Fwp%2Fv2%2Fproduct_cat&post=4227"},{"taxonomy":"product_tag","embeddable":true,"href":"https:\/\/retkilemi.fi\/index.php?rest_route=%2Fwp%2Fv2%2Fproduct_tag&post=4227"}],"curies":[{"name":"wp","href":"https:\/\/api.w.org\/{rel}","templated":true}]}}