{"id":4238,"date":"2023-06-21T08:22:26","date_gmt":"2023-06-21T05:22:26","guid":{"rendered":"https:\/\/retkilemi.fi\/?post_type=product&#038;p=4238"},"modified":"2025-11-19T04:30:18","modified_gmt":"2025-11-19T02:30:18","slug":"pinin-syttokenno-6-kpl","status":"publish","type":"product","link":"https:\/\/retkilemi.fi\/?product=pinin-syttokenno-6-kpl","title":{"rendered":"Pinin Sytt\u00f6kenno 6 kpl"},"content":{"rendered":"<div dir=\"auto\">Selviytymispakkaus on luonnossa liikkujan halvin Henkivakuutus.<\/div>\n<div dir=\"auto\">Siin\u00e4 on vesitiiviiseen vakumipussiin pakatut Sytt\u00f6kennot.<\/div>\n<div dir=\"auto\">Saat tehty\u00e4 t\u00e4rke\u00e4n nuotion vaikka kastelisit itsesi.<\/div>\n<div dir=\"auto\"><\/div>\n","protected":false},"excerpt":{"rendered":"<p>Paloaika n.10-15min<\/p>\n","protected":false},"featured_media":4239,"comment_status":"open","ping_status":"closed","template":"","meta":{"inline_featured_image":false},"product_brand":[],"product_cat":[142],"product_tag":[270,564,565],"class_list":{"0":"post-4238","1":"product","2":"type-product","3":"status-publish","4":"has-post-thumbnail","6":"product_cat-ruokailu","7":"product_tag-nuotio","8":"product_tag-pini","9":"product_tag-pinin","11":"first","12":"instock","13":"taxable","14":"shipping-taxable","15":"purchasable","16":"product-type-simple"},"_links":{"self":[{"href":"https:\/\/retkilemi.fi\/index.php?rest_route=\/wp\/v2\/product\/4238","targetHints":{"allow":["GET"]}}],"collection":[{"href":"https:\/\/retkilemi.fi\/index.php?rest_route=\/wp\/v2\/product"}],"about":[{"href":"https:\/\/retkilemi.fi\/index.php?rest_route=\/wp\/v2\/types\/product"}],"replies":[{"embeddable":true,"href":"https:\/\/retkilemi.fi\/index.php?rest_route=%2Fwp%2Fv2%2Fcomments&post=4238"}],"wp:featuredmedia":[{"embeddable":true,"href":"https:\/\/retkilemi.fi\/index.php?rest_route=\/wp\/v2\/media\/4239"}],"wp:attachment":[{"href":"https:\/\/retkilemi.fi\/index.php?rest_route=%2Fwp%2Fv2%2Fmedia&parent=4238"}],"wp:term":[{"taxonomy":"product_brand","embeddable":true,"href":"https:\/\/retkilemi.fi\/index.php?rest_route=%2Fwp%2Fv2%2Fproduct_brand&post=4238"},{"taxonomy":"product_cat","embeddable":true,"href":"https:\/\/retkilemi.fi\/index.php?rest_route=%2Fwp%2Fv2%2Fproduct_cat&post=4238"},{"taxonomy":"product_tag","embeddable":true,"href":"https:\/\/retkilemi.fi\/index.php?rest_route=%2Fwp%2Fv2%2Fproduct_tag&post=4238"}],"curies":[{"name":"wp","href":"https:\/\/api.w.org\/{rel}","templated":true}]}}