{"id":4248,"date":"2023-07-15T08:38:12","date_gmt":"2023-07-15T05:38:12","guid":{"rendered":"https:\/\/retkilemi.fi\/?post_type=product&#038;p=4248"},"modified":"2024-02-06T06:42:20","modified_gmt":"2024-02-06T04:42:20","slug":"koirien-uima-allas","status":"publish","type":"product","link":"https:\/\/retkilemi.fi\/?product=koirien-uima-allas","title":{"rendered":"Koirien uima-allas"},"content":{"rendered":"<p>Monet koirat nauttivat veden virkist\u00e4v\u00e4st\u00e4 vaikutuksesta ja ottavat mielell\u00e4\u00e4n viilent\u00e4v\u00e4n kylvyn tai kahluuhetken erityisesti l\u00e4mpimin\u00e4 kes\u00e4p\u00e4ivin\u00e4. Boogie Koiran uima-allas tuo mahdollisuuden hauskaan vedess\u00e4 lotraamiseen omaan kotipihaan ja j\u00e4\u00e4hdytt\u00e4\u00e4 koiran kehoa ja helpottaa oloa sen k\u00e4rsiess\u00e4 kuumuudesta. Altaassa ei ole ilmalla t\u00e4ytett\u00e4vi\u00e4 osia, joten se on nopea ottaa k\u00e4ytt\u00f6\u00f6n. Tukevat, vahvat sein\u00e4t ja paksu muovipohja kest\u00e4v\u00e4t hyvin koiran kynsien aiheuttamaa painetta ja vauhdikkaita sis\u00e4\u00e4ntuloja ja ulosmenoja altaasta. Suosittelemme kuitenkin pit\u00e4m\u00e4\u00e4n koiran kynnet lyhyin\u00e4 maksimaalisen k\u00e4ytt\u00f6i\u00e4n varmistamiseksi. Uima-allas on helppo tyhjent\u00e4\u00e4 k\u00e4yt\u00f6n j\u00e4lkeen avattavan poistoventtiilin kautta. Allas taittuu k\u00e4tev\u00e4sti v\u00e4h\u00e4n tilaa viev\u00e4\u00e4n kasaan s\u00e4ilytyksen tai kuljetuksen ajaksi. V\u00e4ri: Sininen.<\/p>\n<p><b>Koot:<\/b><br \/>\nHalkaisija 80 cm x korkeus 20 cm<br \/>\nHalkaisija 120 cm x korkeus 30 cm<br \/>\nHalkaisija 160 cm x 30 cm<\/p>\n","protected":false},"excerpt":{"rendered":"<p>Monet koirat nauttivat veden virkist\u00e4v\u00e4st\u00e4 vaikutuksesta ja ottavat mielell\u00e4\u00e4n viilent\u00e4v\u00e4n kylvyn tai kahluuhetken erityisesti l\u00e4mpimin\u00e4 kes\u00e4p\u00e4ivin\u00e4. Boogie Koiran uima-allas tuo mahdollisuuden hauskaan vedess\u00e4 lotraamiseen omaan kotipihaan ja j\u00e4\u00e4hdytt\u00e4\u00e4 koiran kehoa ja helpottaa oloa sen k\u00e4rsiess\u00e4 kuumuudesta. Altaassa ei ole ilmalla t\u00e4ytett\u00e4vi\u00e4 osia, joten se on nopea ottaa k\u00e4ytt\u00f6\u00f6n. Tukevat, vahvat sein\u00e4t ja paksu muovipohja kest\u00e4v\u00e4t &hellip; <\/p>\n<p class=\"more-link-wrap\"><a href=\"https:\/\/retkilemi.fi\/?product=koirien-uima-allas\" class=\"more-link\"><span>Read More<span class=\"screen-reader-text\"> &#8221;Koirien uima-allas&#8221;<\/span><\/span><\/a><\/p>\n","protected":false},"featured_media":4253,"comment_status":"open","ping_status":"closed","template":"","meta":{"inline_featured_image":false},"product_brand":[],"product_cat":[386,280],"product_tag":[569],"class_list":{"0":"post-4248","1":"product","2":"type-product","3":"status-publish","4":"has-post-thumbnail","6":"product_cat-koti-ja-asuminen","7":"product_cat-tarjouksessa","8":"product_tag-allas","10":"first","11":"instock","12":"sale","13":"taxable","14":"shipping-taxable","15":"purchasable","16":"product-type-variable"},"_links":{"self":[{"href":"https:\/\/retkilemi.fi\/index.php?rest_route=\/wp\/v2\/product\/4248","targetHints":{"allow":["GET"]}}],"collection":[{"href":"https:\/\/retkilemi.fi\/index.php?rest_route=\/wp\/v2\/product"}],"about":[{"href":"https:\/\/retkilemi.fi\/index.php?rest_route=\/wp\/v2\/types\/product"}],"replies":[{"embeddable":true,"href":"https:\/\/retkilemi.fi\/index.php?rest_route=%2Fwp%2Fv2%2Fcomments&post=4248"}],"wp:featuredmedia":[{"embeddable":true,"href":"https:\/\/retkilemi.fi\/index.php?rest_route=\/wp\/v2\/media\/4253"}],"wp:attachment":[{"href":"https:\/\/retkilemi.fi\/index.php?rest_route=%2Fwp%2Fv2%2Fmedia&parent=4248"}],"wp:term":[{"taxonomy":"product_brand","embeddable":true,"href":"https:\/\/retkilemi.fi\/index.php?rest_route=%2Fwp%2Fv2%2Fproduct_brand&post=4248"},{"taxonomy":"product_cat","embeddable":true,"href":"https:\/\/retkilemi.fi\/index.php?rest_route=%2Fwp%2Fv2%2Fproduct_cat&post=4248"},{"taxonomy":"product_tag","embeddable":true,"href":"https:\/\/retkilemi.fi\/index.php?rest_route=%2Fwp%2Fv2%2Fproduct_tag&post=4248"}],"curies":[{"name":"wp","href":"https:\/\/api.w.org\/{rel}","templated":true}]}}