{"id":4275,"date":"2023-08-31T17:16:39","date_gmt":"2023-08-31T14:16:39","guid":{"rendered":"https:\/\/retkilemi.fi\/?post_type=product&#038;p=4275"},"modified":"2023-09-18T06:40:21","modified_gmt":"2023-09-18T03:40:21","slug":"meopta-meopro-optika6-3-18x56-rd-sfp-4k","status":"publish","type":"product","link":"https:\/\/retkilemi.fi\/?product=meopta-meopro-optika6-3-18x56-rd-sfp-4k","title":{"rendered":"Meopta Meopro Optika6 3-18&#215;56 RD SFP 4K"},"content":{"rendered":"<p>Meopta optika 6<\/p>\n<p>&nbsp;<\/p>\n<ul>\n<li>Suurennosalue: 3-18x<\/li>\n<li>Etummaisen linssin eli objektiivin koko: 56mm<\/li>\n<li>Runkoputken halkaisija: 30mm Rengaskiinnitys<\/li>\n<li>Silm\u00e4n et\u00e4isyys kiikarista: 100 mm<\/li>\n<li>Ristikko: 4K<\/li>\n<li>Ristikon valaisu: Valaistu risti ristikon keskell\u00e4<\/li>\n<li>Paristotyyppi: CR2032 sis\u00e4ltyy pakettiin<\/li>\n<li>Takap\u00e4\u00e4n ulkohalkaisija: 44 mm<\/li>\n<li>Etup\u00e4\u00e4n ulkohalkaisija: 64 mm<\/li>\n<li>Paino: 865 g<\/li>\n<li>Takuu: 2 vuotta, rekister\u00f6im\u00e4ll\u00e4 Meoptan sivuilla takuun saa laajennettua optiikan osalta 10 vuoteen, ja elektroniikan osalta 5 vuoteen.<\/li>\n<li>Valmistusmaa: Tsekki<\/li>\n<li>RD Punapistej\u00e4rjestelm\u00e4, 6 kirkkautta<\/li>\n<\/ul>\n","protected":false},"excerpt":{"rendered":"<p>Meopta optika 6 &nbsp; Suurennosalue: 3-18x Etummaisen linssin eli objektiivin koko: 56mm Runkoputken halkaisija: 30mm Rengaskiinnitys Silm\u00e4n et\u00e4isyys kiikarista: 100 mm Ristikko: 4K Ristikon valaisu: Valaistu risti ristikon keskell\u00e4 Paristotyyppi: CR2032 sis\u00e4ltyy pakettiin Takap\u00e4\u00e4n ulkohalkaisija: 44 mm Etup\u00e4\u00e4n ulkohalkaisija: 64 mm Paino: 865 g Takuu: 2 vuotta, rekister\u00f6im\u00e4ll\u00e4 Meoptan sivuilla takuun saa laajennettua optiikan osalta &hellip; <\/p>\n<p class=\"more-link-wrap\"><a href=\"https:\/\/retkilemi.fi\/?product=meopta-meopro-optika6-3-18x56-rd-sfp-4k\" class=\"more-link\"><span>Read More<span class=\"screen-reader-text\"> &#8221;Meopta Meopro Optika6 3-18&#215;56 RD SFP 4K&#8221;<\/span><\/span><\/a><\/p>\n","protected":false},"featured_media":3803,"comment_status":"open","ping_status":"closed","template":"","meta":{"inline_featured_image":false},"product_brand":[],"product_cat":[129],"product_tag":[479,212,253,480],"class_list":{"0":"post-4275","1":"product","2":"type-product","3":"status-publish","4":"has-post-thumbnail","6":"product_cat-optiikka","7":"product_tag-479","8":"product_tag-meopta","9":"product_tag-optika","10":"product_tag-rd","12":"first","13":"instock","14":"sale","15":"taxable","16":"shipping-taxable","17":"purchasable","18":"product-type-simple"},"_links":{"self":[{"href":"https:\/\/retkilemi.fi\/index.php?rest_route=\/wp\/v2\/product\/4275","targetHints":{"allow":["GET"]}}],"collection":[{"href":"https:\/\/retkilemi.fi\/index.php?rest_route=\/wp\/v2\/product"}],"about":[{"href":"https:\/\/retkilemi.fi\/index.php?rest_route=\/wp\/v2\/types\/product"}],"replies":[{"embeddable":true,"href":"https:\/\/retkilemi.fi\/index.php?rest_route=%2Fwp%2Fv2%2Fcomments&post=4275"}],"wp:featuredmedia":[{"embeddable":true,"href":"https:\/\/retkilemi.fi\/index.php?rest_route=\/wp\/v2\/media\/3803"}],"wp:attachment":[{"href":"https:\/\/retkilemi.fi\/index.php?rest_route=%2Fwp%2Fv2%2Fmedia&parent=4275"}],"wp:term":[{"taxonomy":"product_brand","embeddable":true,"href":"https:\/\/retkilemi.fi\/index.php?rest_route=%2Fwp%2Fv2%2Fproduct_brand&post=4275"},{"taxonomy":"product_cat","embeddable":true,"href":"https:\/\/retkilemi.fi\/index.php?rest_route=%2Fwp%2Fv2%2Fproduct_cat&post=4275"},{"taxonomy":"product_tag","embeddable":true,"href":"https:\/\/retkilemi.fi\/index.php?rest_route=%2Fwp%2Fv2%2Fproduct_tag&post=4275"}],"curies":[{"name":"wp","href":"https:\/\/api.w.org\/{rel}","templated":true}]}}