{"id":4384,"date":"2023-01-01T22:04:03","date_gmt":"2023-01-01T20:04:03","guid":{"rendered":"https:\/\/retkilemi.fi\/?post_type=product&#038;p=4384"},"modified":"2024-01-29T22:08:00","modified_gmt":"2024-01-29T20:08:00","slug":"puppy-milk-16-kg","status":"publish","type":"product","link":"https:\/\/retkilemi.fi\/?product=puppy-milk-16-kg","title":{"rendered":"PUPPY MILK 1,6 KG"},"content":{"rendered":"<p>Em\u00e4nmaito on elint\u00e4rke\u00e4\u00e4 koiranpennuille ensimm\u00e4isten elinviikkojen aikana. Puppy Milk sis\u00e4lt\u00e4\u00e4 helposti sulavia maitotuotteita ja se on rikastettu v\u00e4ltt\u00e4m\u00e4tt\u00f6mill\u00e4 Omega 3 -rasvahapoilla ja tauriinilla. Omega 3 -rasvahapot ovat hyvi\u00e4 rasvahappoja, jotka auttavat immuunij\u00e4rjestelm\u00e4n s\u00e4\u00e4telyss\u00e4. T\u00e4m\u00e4 lis\u00e4\u00e4 pentujen luontaista vastustuskyky\u00e4 ja v\u00e4hent\u00e4\u00e4 allergioiden todenn\u00e4k\u00f6isyytt\u00e4. Lis\u00e4tty aminohappo, tauriini, on t\u00e4rke\u00e4 pentujen terveen kasvun kannalta. Puppy Milkin koostumus l\u00e4hentelee em\u00e4nmaidon koostumusta. Puppy Milkin k\u00e4ytt\u00f6\u00e4 suositellaan orvoille tai hyl\u00e4tyille pennuille, suurille pentueille, vieroituksen apuv\u00e4lineeksi tai ravintolis\u00e4ksi imett\u00e4ville el\u00e4imille. K\u00e4ytt\u00f6ohje: Mik\u00e4li pentujen em\u00e4 ei tuota tarpeeksi maitoa, pennuille tulisi antaa Puppy Milki\u00e4 ravintolis\u00e4n\u00e4 sekoittamalla 200 g Puppy Milk -jauhetta 1 litraan l\u00e4mmint\u00e4 (37 asteista) vett\u00e4 (tai 1 osa jauhetta ja 2 osaa vett\u00e4). Ensimm\u00e4isen kahden viikon aikana on suositeltavaa ruokkia pentuja pullosta; kolmannesta viikosta alkaen aloita pentujen totuttaminen juomaan astiasta (puhdista astia aina k\u00e4yt\u00f6n j\u00e4lkeen). Mik\u00e4li em\u00e4n maidontuotanto on riitt\u00e4m\u00e4t\u00f6n, on syyt\u00e4 antaa sille Puppy Milki\u00e4 joko liuottamalla sen veteen tai ripottelemalla sit\u00e4 ruokaan: 2-20 g Puppy Milki\u00e4 p\u00e4iv\u00e4ss\u00e4 (riippuen pentueen koosta ja maidontuotannosta). Kasvata Puppy Milkin m\u00e4\u00e4r\u00e4\u00e4 hiljalleen. Puhtaiden ja steriilien materiaalien k\u00e4ytt\u00f6 valmistuksessa on suositeltavaa. Valmista Puppy Milki\u00e4 voi s\u00e4ilytt\u00e4\u00e4 maksimissaan 24 tuntia j\u00e4\u00e4kaapissa.<\/p>\n","protected":false},"excerpt":{"rendered":"<p>Em\u00e4nmaito on elint\u00e4rke\u00e4\u00e4 koiranpennuille ensimm\u00e4isten elinviikkojen aikana. Puppy Milk sis\u00e4lt\u00e4\u00e4 helposti sulavia maitotuotteita ja se on rikastettu v\u00e4ltt\u00e4m\u00e4tt\u00f6mill\u00e4 Omega 3 -rasvahapoilla ja tauriinilla. Omega 3 -rasvahapot ovat hyvi\u00e4 rasvahappoja, jotka auttavat immuunij\u00e4rjestelm\u00e4n s\u00e4\u00e4telyss\u00e4. T\u00e4m\u00e4 lis\u00e4\u00e4 pentujen luontaista vastustuskyky\u00e4 ja v\u00e4hent\u00e4\u00e4 allergioiden todenn\u00e4k\u00f6isyytt\u00e4. Lis\u00e4tty aminohappo, tauriini, on t\u00e4rke\u00e4 pentujen terveen kasvun kannalta. Puppy Milkin koostumus l\u00e4hentelee &hellip; <\/p>\n<p class=\"more-link-wrap\"><a href=\"https:\/\/retkilemi.fi\/?product=puppy-milk-16-kg\" class=\"more-link\"><span>Read More<span class=\"screen-reader-text\"> &#8221;PUPPY MILK 1,6 KG&#8221;<\/span><\/span><\/a><\/p>\n","protected":false},"featured_media":4385,"comment_status":"open","ping_status":"closed","template":"","meta":{"inline_featured_image":false},"product_brand":[],"product_cat":[578],"product_tag":[580,579],"class_list":{"0":"post-4384","1":"product","2":"type-product","3":"status-publish","4":"has-post-thumbnail","6":"product_cat-pennut-ja-kasvatus","7":"product_tag-maito","8":"product_tag-milk","10":"first","11":"instock","12":"taxable","13":"shipping-taxable","14":"purchasable","15":"product-type-simple"},"_links":{"self":[{"href":"https:\/\/retkilemi.fi\/index.php?rest_route=\/wp\/v2\/product\/4384","targetHints":{"allow":["GET"]}}],"collection":[{"href":"https:\/\/retkilemi.fi\/index.php?rest_route=\/wp\/v2\/product"}],"about":[{"href":"https:\/\/retkilemi.fi\/index.php?rest_route=\/wp\/v2\/types\/product"}],"replies":[{"embeddable":true,"href":"https:\/\/retkilemi.fi\/index.php?rest_route=%2Fwp%2Fv2%2Fcomments&post=4384"}],"wp:featuredmedia":[{"embeddable":true,"href":"https:\/\/retkilemi.fi\/index.php?rest_route=\/wp\/v2\/media\/4385"}],"wp:attachment":[{"href":"https:\/\/retkilemi.fi\/index.php?rest_route=%2Fwp%2Fv2%2Fmedia&parent=4384"}],"wp:term":[{"taxonomy":"product_brand","embeddable":true,"href":"https:\/\/retkilemi.fi\/index.php?rest_route=%2Fwp%2Fv2%2Fproduct_brand&post=4384"},{"taxonomy":"product_cat","embeddable":true,"href":"https:\/\/retkilemi.fi\/index.php?rest_route=%2Fwp%2Fv2%2Fproduct_cat&post=4384"},{"taxonomy":"product_tag","embeddable":true,"href":"https:\/\/retkilemi.fi\/index.php?rest_route=%2Fwp%2Fv2%2Fproduct_tag&post=4384"}],"curies":[{"name":"wp","href":"https:\/\/api.w.org\/{rel}","templated":true}]}}