{"id":4394,"date":"2024-01-29T22:17:08","date_gmt":"2024-01-29T20:17:08","guid":{"rendered":"https:\/\/retkilemi.fi\/?post_type=product&#038;p=4394"},"modified":"2024-10-22T15:00:14","modified_gmt":"2024-10-22T12:00:14","slug":"brava-aitaus-pentulaatikkoon","status":"publish","type":"product","link":"https:\/\/retkilemi.fi\/?product=brava-aitaus-pentulaatikkoon","title":{"rendered":"BRAVA AITAUS PENTULAATIKKOON"},"content":{"rendered":"<p>Siisti, n\u00e4ytt\u00e4v\u00e4 ja turvallinen PVC-muovista valmistettu Brava Aitaus pentulaatikkoon sopii laajennukseksi vastaavan kokoiseen Brava Pentulaatikkoon. PVC on materiaalina ihanteellinen ja hygieeninen lemmikeille. Se ei ime itseens\u00e4 likaa eik\u00e4 nesteit\u00e4 ja on helposti puhdistettavissa vedell\u00e4 ja pesuaineella ja kest\u00e4\u00e4 jopa pesun painepesurilla. S\u00e4\u00e4n- ja pakkasenkest\u00e4v\u00e4 PVC soveltuu my\u00f6s ulkok\u00e4ytt\u00f6\u00f6n.<\/p>\n<p>Pentuaitaus kootaan k\u00e4sin ilman ty\u00f6kaluja. Toimitukseen sis\u00e4ltyy osat kolmeen sein\u00e4\u00e4n sek\u00e4 kaksi nurkkatolppaa. Kun aitaus yhdistet\u00e4\u00e4n vastaavan kokoiseen Brava Pentulaatikkoon, laatikon sein\u00e4 muodostaa yhden sein\u00e4n aitauskokonaisuuteen.<\/p>\n<p>Aitaus on n\u00e4ytt\u00e4v\u00e4n valkoinen. Sein\u00e4n PVC-putkien (&#8221;kaltereiden&#8221;) v\u00e4li 4 cm. Pentulaatikon etusein\u00e4\u00e4n voidaan madaltaa oviaukko ensin emolle ja my\u00f6hemmin pennuille, jonka kautta ne p\u00e4\u00e4sev\u00e4t liikkumaan laatikon ja aitauksen v\u00e4lill\u00e4. Pentulaatikossa on mukana yksi matala kynnysrima, jolla laatikon kulkuaukko saadaan pennuille sopivaksi.<\/p>\n<p>Brava Aitaus pentulaatikkoon on eritt\u00e4in tukeva ja kest\u00e4v\u00e4. Pakkaukseen sis\u00e4ltyy kolme aitaelementti\u00e4 ja kaksi nurkkatolppaa, joiden pohjassa on stopperi est\u00e4m\u00e4ss\u00e4 sein\u00e4paneelien liukuminen tolppien l\u00e4pi nostettaessa. Tolppien p\u00e4\u00e4h\u00e4n tulee tyylik\u00e4s hattu.<\/p>\n<p><strong>HUOM!<\/strong>\u00a0Kuvissa esiintyv\u00e4 pentulaatikko ei sis\u00e4lly toimitukseen. Aitaus vaatii yhteyteens\u00e4 pentulaatikon, jotta siihen muodostuu tarvittavat nelj\u00e4 sein\u00e4\u00e4 pentulaatikon tarjotessa niist\u00e4 yhden. Laatikon yhteyteen voidaan liitt\u00e4\u00e4 useampi pentuaitaus, mutta kahta tai useampaa pentuaitausta ei voida yhdist\u00e4\u00e4 ilman laatikkoa nurkka-\/yhdystolppien m\u00e4\u00e4r\u00e4n ollessa riitt\u00e4m\u00e4t\u00f6n.<\/p>\n<p><strong>Koot (pituus x leveys x korkeus):<\/strong><br \/>\n100 x 100 x 46 cm | Paino 7,6 kg<br \/>\n122 x 122 x 46 cm | Paino 9 kg<br \/>\n150 x 150 x 46 cm | Paino 10,6 kg<\/p>\n<p>Aitauksen kalteriv\u00e4li on 4 cm.<\/p>\n<p><strong>V\u00e4ri:<\/strong>\u00a0Valkoinen<\/p>\n<p><strong>Katso esittelyvideo!<\/strong><\/p>\n<p>&nbsp;<\/p>\n<div class=\"embed-container\"><\/div>\n","protected":false},"excerpt":{"rendered":"<p>Pentulaatikon lis\u00e4varuste<\/p>\n","protected":false},"featured_media":4400,"comment_status":"open","ping_status":"closed","template":"","meta":{"inline_featured_image":false},"product_brand":[],"product_cat":[578],"product_tag":[584],"class_list":{"0":"post-4394","1":"product","2":"type-product","3":"status-publish","4":"has-post-thumbnail","6":"product_cat-pennut-ja-kasvatus","7":"product_tag-pentulkaatikko","9":"first","10":"instock","11":"sale","12":"taxable","13":"shipping-taxable","14":"purchasable","15":"product-type-variable"},"_links":{"self":[{"href":"https:\/\/retkilemi.fi\/index.php?rest_route=\/wp\/v2\/product\/4394","targetHints":{"allow":["GET"]}}],"collection":[{"href":"https:\/\/retkilemi.fi\/index.php?rest_route=\/wp\/v2\/product"}],"about":[{"href":"https:\/\/retkilemi.fi\/index.php?rest_route=\/wp\/v2\/types\/product"}],"replies":[{"embeddable":true,"href":"https:\/\/retkilemi.fi\/index.php?rest_route=%2Fwp%2Fv2%2Fcomments&post=4394"}],"wp:featuredmedia":[{"embeddable":true,"href":"https:\/\/retkilemi.fi\/index.php?rest_route=\/wp\/v2\/media\/4400"}],"wp:attachment":[{"href":"https:\/\/retkilemi.fi\/index.php?rest_route=%2Fwp%2Fv2%2Fmedia&parent=4394"}],"wp:term":[{"taxonomy":"product_brand","embeddable":true,"href":"https:\/\/retkilemi.fi\/index.php?rest_route=%2Fwp%2Fv2%2Fproduct_brand&post=4394"},{"taxonomy":"product_cat","embeddable":true,"href":"https:\/\/retkilemi.fi\/index.php?rest_route=%2Fwp%2Fv2%2Fproduct_cat&post=4394"},{"taxonomy":"product_tag","embeddable":true,"href":"https:\/\/retkilemi.fi\/index.php?rest_route=%2Fwp%2Fv2%2Fproduct_tag&post=4394"}],"curies":[{"name":"wp","href":"https:\/\/api.w.org\/{rel}","templated":true}]}}