{"id":4405,"date":"2024-01-30T06:42:53","date_gmt":"2024-01-30T04:42:53","guid":{"rendered":"https:\/\/retkilemi.fi\/?post_type=product&#038;p=4405"},"modified":"2024-05-28T21:02:07","modified_gmt":"2024-05-28T18:02:07","slug":"pikkupantasetti","status":"publish","type":"product","link":"https:\/\/retkilemi.fi\/?product=pikkupantasetti","title":{"rendered":"Pikkupantasetti"},"content":{"rendered":"<p>Pikkupantasetiss\u00e4 on kuusi eriv\u00e4rist\u00e4 pantaa. Kiinnitys pikalukolla. Pikkupantasetti on oivallinen apuv\u00e4line vaikkapa pentueen yksil\u00f6iden erottamiseksi tai vaihtelunhaluiselle pikkulemmikille.<\/p>\n<p><strong>Suvituuli-setin pantojen v\u00e4rit:<\/strong><br \/>\nVaaleanvihre\u00e4, tummanvihre\u00e4, punainen, oranssi, keltainen ja ruskea.<\/p>\n<p><strong>Pantojen koko:<\/strong><br \/>\nMEDIUM: Leveys 8 mm ja pituus s\u00e4\u00e4dett\u00e4viss\u00e4 20-27 senttisiksi.<\/p>\n","protected":false},"excerpt":{"rendered":"<p>Pikkupantasetiss\u00e4 on kuusi eriv\u00e4rist\u00e4 pantaa. Kiinnitys pikalukolla. Pikkupantasetti on oivallinen apuv\u00e4line vaikkapa pentueen yksil\u00f6iden erottamiseksi tai vaihtelunhaluiselle pikkulemmikille. Suvituuli-setin pantojen v\u00e4rit: Vaaleanvihre\u00e4, tummanvihre\u00e4, punainen, oranssi, keltainen ja ruskea. Pantojen koko: MEDIUM: Leveys 8 mm ja pituus s\u00e4\u00e4dett\u00e4viss\u00e4 20-27 senttisiksi.<\/p>\n","protected":false},"featured_media":4406,"comment_status":"open","ping_status":"closed","template":"","meta":{"inline_featured_image":false},"product_brand":[],"product_cat":[578,312],"product_tag":[588],"class_list":{"0":"post-4405","1":"product","2":"type-product","3":"status-publish","4":"has-post-thumbnail","6":"product_cat-pennut-ja-kasvatus","7":"product_cat-remmit","8":"product_tag-panta","10":"first","11":"instock","12":"taxable","13":"shipping-taxable","14":"purchasable","15":"product-type-simple"},"_links":{"self":[{"href":"https:\/\/retkilemi.fi\/index.php?rest_route=\/wp\/v2\/product\/4405","targetHints":{"allow":["GET"]}}],"collection":[{"href":"https:\/\/retkilemi.fi\/index.php?rest_route=\/wp\/v2\/product"}],"about":[{"href":"https:\/\/retkilemi.fi\/index.php?rest_route=\/wp\/v2\/types\/product"}],"replies":[{"embeddable":true,"href":"https:\/\/retkilemi.fi\/index.php?rest_route=%2Fwp%2Fv2%2Fcomments&post=4405"}],"wp:featuredmedia":[{"embeddable":true,"href":"https:\/\/retkilemi.fi\/index.php?rest_route=\/wp\/v2\/media\/4406"}],"wp:attachment":[{"href":"https:\/\/retkilemi.fi\/index.php?rest_route=%2Fwp%2Fv2%2Fmedia&parent=4405"}],"wp:term":[{"taxonomy":"product_brand","embeddable":true,"href":"https:\/\/retkilemi.fi\/index.php?rest_route=%2Fwp%2Fv2%2Fproduct_brand&post=4405"},{"taxonomy":"product_cat","embeddable":true,"href":"https:\/\/retkilemi.fi\/index.php?rest_route=%2Fwp%2Fv2%2Fproduct_cat&post=4405"},{"taxonomy":"product_tag","embeddable":true,"href":"https:\/\/retkilemi.fi\/index.php?rest_route=%2Fwp%2Fv2%2Fproduct_tag&post=4405"}],"curies":[{"name":"wp","href":"https:\/\/api.w.org\/{rel}","templated":true}]}}