{"id":4407,"date":"2024-01-30T06:50:36","date_gmt":"2024-01-30T04:50:36","guid":{"rendered":"https:\/\/retkilemi.fi\/?post_type=product&#038;p=4407"},"modified":"2024-08-30T17:41:41","modified_gmt":"2024-08-30T14:41:41","slug":"nbf-kynsien-hiomalaite","status":"publish","type":"product","link":"https:\/\/retkilemi.fi\/?product=nbf-kynsien-hiomalaite","title":{"rendered":"NBF KYNSIEN HIOMALAITE"},"content":{"rendered":"<p>Turvallinen, tehokas ja tarkka manikyyri onnistuu ladattavalla kynsien hiomalaitteella. K\u00e4tev\u00e4 USB-ladattava hiomakone lyhent\u00e4\u00e4 kynnet tehokkaasti ja soveltuu my\u00f6s leikkauspinnan tasoittamiseen ja kynnen viimeistelyyn. Osa lemmikeist\u00e4 kammoksuu kynsien leikkaamista huolellisenkin totuttelun j\u00e4lkeen. Hiomalaite on monesti kokeilemisen arvoinen ty\u00f6kalu mm. leikkureita kammoksuvien el\u00e4inten kynsien hoitoon. Hiomakone ei luo kynteen paineen tunnetta leikkureiden tavoin, mik\u00e4 on miellytt\u00e4v\u00e4mp\u00e4\u00e4 herk\u00e4lle lemmikille. Hiomalaitteella my\u00f6s riski lyhent\u00e4\u00e4 kyntt\u00e4 liikaa v\u00e4henee, mutta toisaalta sill\u00e4 p\u00e4\u00e4st\u00e4\u00e4n turvallisesti hyvin l\u00e4helle suonta, mist\u00e4 on apua mm. lyhennett\u00e4ess\u00e4 pitk\u00e4ksi p\u00e4\u00e4sseit\u00e4 kynsi\u00e4, joissa suoni on kasvanut pitk\u00e4lle. Laitteessa on pieni \u00e4\u00e4ni ja tasaisesti py\u00f6riv\u00e4 hiomakivi lyhent\u00e4\u00e4 kynnen tehokkaan hell\u00e4varaisesti. Laite ladataan ennen k\u00e4ytt\u00f6\u00e4, jolloin se on k\u00e4yt\u00f6ss\u00e4 t\u00e4ysin johdoton. T\u00e4ysi lataus saavutetaan 2 tunnin latauksella, jolloin saavutetaan jopa 8 h ty\u00f6skentelyaikaa. Laitteessa palaa punainen valo merkkin\u00e4 k\u00e4ynniss\u00e4 olevasta latauksesta, vihre\u00e4 valo merkitsee t\u00e4ytt\u00e4 akkua.<\/p>\n<p>Hiomalaitteen p\u00e4\u00e4ss\u00e4 on rei\u00e4llinen korkki, jossa on l\u00e4piviennit eri kokoisten lemmikkien kynsille. Hio pienen lemmikin kynsi asettamalla se pienen aukon sis\u00e4\u00e4n (pienet koirat, kissat, kanit) ja suuremman lemmikin kynsi isomman aukon sis\u00e4\u00e4n (keskikokoiset ja suuret koirat). Hio maksimissaan 5 sekuntia kerrallaan, pid\u00e4 pieni tauko ja jatka.<\/p>\n<p>Totuta lemmikki hiomalaitteeseen v\u00e4hitellen, ensin pelkk\u00e4\u00e4n \u00e4\u00e4neen ja sitten hiontaan lyhyit\u00e4 aikoja kerrallaan. Puhdista hiomalaitteen p\u00e4\u00e4 tarpeen mukaan viilauksen yhteydess\u00e4 syntyneest\u00e4 p\u00f6lyst\u00e4. Hiomalaitteen p\u00e4\u00e4 on vaihdettavissa uuteen, kun se on kulunut liikaa &#8211; l\u00f6yd\u00e4t vaihtop\u00e4\u00e4n tuotekoodilla 71025.<\/p>\n<p><b>Koko<\/b>: Pituus 13,3 cm, leveys 3,2 cm, paksuus 3,4 cm, paino 180 g<\/p>\n<p><b>Takuu:<\/b>\u00a06 kk (ei koske k\u00e4yt\u00f6st\u00e4 johtuvaa normaalia hiomap\u00e4\u00e4n kulumista)<\/p>\n","protected":false},"excerpt":{"rendered":"<p>Turvallinen, tehokas ja tarkka manikyyri onnistuu ladattavalla kynsien hiomalaitteella. K\u00e4tev\u00e4 USB-ladattava hiomakone lyhent\u00e4\u00e4 kynnet tehokkaasti ja soveltuu my\u00f6s leikkauspinnan tasoittamiseen ja kynnen viimeistelyyn. Osa lemmikeist\u00e4 kammoksuu kynsien leikkaamista huolellisenkin totuttelun j\u00e4lkeen. Hiomalaite on monesti kokeilemisen arvoinen ty\u00f6kalu mm. leikkureita kammoksuvien el\u00e4inten kynsien hoitoon. Hiomakone ei luo kynteen paineen tunnetta leikkureiden tavoin, mik\u00e4 on miellytt\u00e4v\u00e4mp\u00e4\u00e4 herk\u00e4lle &hellip; <\/p>\n<p class=\"more-link-wrap\"><a href=\"https:\/\/retkilemi.fi\/?product=nbf-kynsien-hiomalaite\" class=\"more-link\"><span>Read More<span class=\"screen-reader-text\"> &#8221;NBF KYNSIEN HIOMALAITE&#8221;<\/span><\/span><\/a><\/p>\n","protected":false},"featured_media":4412,"comment_status":"open","ping_status":"closed","template":"","meta":{"inline_featured_image":false},"product_brand":[],"product_cat":[519],"product_tag":[591,589,590],"class_list":{"0":"post-4407","1":"product","2":"type-product","3":"status-publish","4":"has-post-thumbnail","6":"product_cat-turkin-hoito","7":"product_tag-hiomakone","8":"product_tag-kynsi","9":"product_tag-leikkuri","11":"first","12":"instock","13":"sale","14":"taxable","15":"shipping-taxable","16":"purchasable","17":"product-type-simple"},"_links":{"self":[{"href":"https:\/\/retkilemi.fi\/index.php?rest_route=\/wp\/v2\/product\/4407","targetHints":{"allow":["GET"]}}],"collection":[{"href":"https:\/\/retkilemi.fi\/index.php?rest_route=\/wp\/v2\/product"}],"about":[{"href":"https:\/\/retkilemi.fi\/index.php?rest_route=\/wp\/v2\/types\/product"}],"replies":[{"embeddable":true,"href":"https:\/\/retkilemi.fi\/index.php?rest_route=%2Fwp%2Fv2%2Fcomments&post=4407"}],"wp:featuredmedia":[{"embeddable":true,"href":"https:\/\/retkilemi.fi\/index.php?rest_route=\/wp\/v2\/media\/4412"}],"wp:attachment":[{"href":"https:\/\/retkilemi.fi\/index.php?rest_route=%2Fwp%2Fv2%2Fmedia&parent=4407"}],"wp:term":[{"taxonomy":"product_brand","embeddable":true,"href":"https:\/\/retkilemi.fi\/index.php?rest_route=%2Fwp%2Fv2%2Fproduct_brand&post=4407"},{"taxonomy":"product_cat","embeddable":true,"href":"https:\/\/retkilemi.fi\/index.php?rest_route=%2Fwp%2Fv2%2Fproduct_cat&post=4407"},{"taxonomy":"product_tag","embeddable":true,"href":"https:\/\/retkilemi.fi\/index.php?rest_route=%2Fwp%2Fv2%2Fproduct_tag&post=4407"}],"curies":[{"name":"wp","href":"https:\/\/api.w.org\/{rel}","templated":true}]}}