{"id":4413,"date":"2024-01-30T18:46:07","date_gmt":"2024-01-30T16:46:07","guid":{"rendered":"https:\/\/retkilemi.fi\/?post_type=product&#038;p=4413"},"modified":"2024-10-22T15:00:04","modified_gmt":"2024-10-22T12:00:04","slug":"trixie-kynsisakset-12-cm","status":"publish","type":"product","link":"https:\/\/retkilemi.fi\/?product=trixie-kynsisakset-12-cm","title":{"rendered":"TRIXIE KYNSISAKSET 12 CM"},"content":{"rendered":"<p>Kynsisakset koirille, kissoille ja pienille el\u00e4imille ja linnuille.<\/p>\n<p>&#8211; Erityisen turvalliset k\u00e4sitell\u00e4<\/p>\n<p>&#8211; Turvalukko<\/p>\n<p>&#8211; S\u00e4\u00e4dett\u00e4v\u00e4 rajoitin, joka est\u00e4\u00e4 kynsien leikkaamisen liian lyhyeksi<\/p>\n<p>&#8211; Metallia<\/p>\n<p>&#8211; Muovinen k\u00e4densija, jossa kuminen pinta<\/p>\n","protected":false},"excerpt":{"rendered":"<p>Kynsisakset koirille, kissoille ja pienille el\u00e4imille ja linnuille. &#8211; Erityisen turvalliset k\u00e4sitell\u00e4 &#8211; Turvalukko &#8211; S\u00e4\u00e4dett\u00e4v\u00e4 rajoitin, joka est\u00e4\u00e4 kynsien leikkaamisen liian lyhyeksi &#8211; Metallia &#8211; Muovinen k\u00e4densija, jossa kuminen pinta<\/p>\n","protected":false},"featured_media":4414,"comment_status":"open","ping_status":"closed","template":"","meta":{"inline_featured_image":false},"product_brand":[],"product_cat":[519],"product_tag":[589,544,592],"class_list":{"0":"post-4413","1":"product","2":"type-product","3":"status-publish","4":"has-post-thumbnail","6":"product_cat-turkin-hoito","7":"product_tag-kynsi","8":"product_tag-kynsisakset","9":"product_tag-sakset","11":"first","12":"instock","13":"sale","14":"taxable","15":"shipping-taxable","16":"purchasable","17":"product-type-simple"},"_links":{"self":[{"href":"https:\/\/retkilemi.fi\/index.php?rest_route=\/wp\/v2\/product\/4413","targetHints":{"allow":["GET"]}}],"collection":[{"href":"https:\/\/retkilemi.fi\/index.php?rest_route=\/wp\/v2\/product"}],"about":[{"href":"https:\/\/retkilemi.fi\/index.php?rest_route=\/wp\/v2\/types\/product"}],"replies":[{"embeddable":true,"href":"https:\/\/retkilemi.fi\/index.php?rest_route=%2Fwp%2Fv2%2Fcomments&post=4413"}],"wp:featuredmedia":[{"embeddable":true,"href":"https:\/\/retkilemi.fi\/index.php?rest_route=\/wp\/v2\/media\/4414"}],"wp:attachment":[{"href":"https:\/\/retkilemi.fi\/index.php?rest_route=%2Fwp%2Fv2%2Fmedia&parent=4413"}],"wp:term":[{"taxonomy":"product_brand","embeddable":true,"href":"https:\/\/retkilemi.fi\/index.php?rest_route=%2Fwp%2Fv2%2Fproduct_brand&post=4413"},{"taxonomy":"product_cat","embeddable":true,"href":"https:\/\/retkilemi.fi\/index.php?rest_route=%2Fwp%2Fv2%2Fproduct_cat&post=4413"},{"taxonomy":"product_tag","embeddable":true,"href":"https:\/\/retkilemi.fi\/index.php?rest_route=%2Fwp%2Fv2%2Fproduct_tag&post=4413"}],"curies":[{"name":"wp","href":"https:\/\/api.w.org\/{rel}","templated":true}]}}