{"id":4570,"date":"2025-04-01T16:43:07","date_gmt":"2025-04-01T13:43:07","guid":{"rendered":"https:\/\/retkilemi.fi\/?post_type=product&#038;p=4570"},"modified":"2025-11-20T20:25:10","modified_gmt":"2025-11-20T18:25:10","slug":"lafayette-gps-c40-koiratutka","status":"publish","type":"product","link":"https:\/\/retkilemi.fi\/?product=lafayette-gps-c40-koiratutka","title":{"rendered":"Lafayette GPS C40 Koiratutka"},"content":{"rendered":"<p>&nbsp;<\/p>\n<p>&nbsp;<\/p>\n<p>-Alhainen paino, vain 185 g, ja kooltaan 92x56x49 mm (LxBxH)<\/p>\n<p>-4000 mAh akkukapasiteetti. 60 tunnin akkukesto k\u00e4ytett\u00e4ess\u00e4 paikannusta 3 sekunnin v\u00e4lein.<\/p>\n<p>-Haukkuh\u00e4lytys.<\/p>\n<p>-Ainutlaatuinen haukkulaskuri. (Ainutlaatuinen toiminto, joka suodattaa ja\u00a0 \u00a0 \u00a0tunnistaa koiran haukun.)<\/p>\n<p>&#8211;<span style=\"font-size: 1rem\">100 % vesitiivis.<\/span><\/p>\n<div class=\"feature-box fbox-left topmargin fadeIn animated\" data-animate=\"fadeIn\" data-delay=\"200\">\n<p>-Langaton lataus.<\/p>\n<\/div>\n<div class=\"feature-box fbox-left topmargin fadeIn animated\" data-animate=\"fadeIn\" data-delay=\"400\">\n<p>-Paikannus jopa 3 sekunnin v\u00e4lein.<\/p>\n<\/div>\n<div class=\"feature-box fbox-left topmargin fadeIn animated\" data-animate=\"fadeIn\" data-delay=\"600\">\n<p>-SIM-kortti ilman verkkovierailumaksuja, k\u00e4ytt\u00e4\u00e4 parasta kulloinkin k\u00e4ytett\u00e4viss\u00e4\u00a0 olevaa verkkoa.<\/p>\n<\/div>\n<div class=\"feature-box fbox-left topmargin fadeIn animated\" data-animate=\"fadeIn\" data-delay=\"800\">\n<p>-Datank\u00e4ytt\u00f6 maksutta 1 vuoden ajan.<br \/>\n(Sen j\u00e4lkeen 29 EUR \/ vuosi.)<\/p>\n<p>-100% valmistettu Ruotsissa<br \/>\n(tuki- ja huoltopalvelut).<\/p>\n<\/div>\n","protected":false},"excerpt":{"rendered":"<p>Koira GPS -P\u00e4ivitetty 2025 malli<\/p>\n","protected":false},"featured_media":4571,"comment_status":"open","ping_status":"closed","template":"","meta":{"inline_featured_image":false},"product_brand":[],"product_cat":[139,312,280],"product_tag":[599,598,600,246,588,596,597],"class_list":{"0":"post-4570","1":"product","2":"type-product","3":"status-publish","4":"has-post-thumbnail","6":"product_cat-elektroniikka","7":"product_cat-remmit","8":"product_cat-tarjouksessa","9":"product_tag-c40","10":"product_tag-gps","11":"product_tag-gsm","12":"product_tag-lafayette","13":"product_tag-panta","14":"product_tag-tutka","15":"product_tag-tutkapanta","17":"first","18":"instock","19":"sale","20":"taxable","21":"shipping-taxable","22":"purchasable","23":"product-type-simple"},"_links":{"self":[{"href":"https:\/\/retkilemi.fi\/index.php?rest_route=\/wp\/v2\/product\/4570","targetHints":{"allow":["GET"]}}],"collection":[{"href":"https:\/\/retkilemi.fi\/index.php?rest_route=\/wp\/v2\/product"}],"about":[{"href":"https:\/\/retkilemi.fi\/index.php?rest_route=\/wp\/v2\/types\/product"}],"replies":[{"embeddable":true,"href":"https:\/\/retkilemi.fi\/index.php?rest_route=%2Fwp%2Fv2%2Fcomments&post=4570"}],"wp:featuredmedia":[{"embeddable":true,"href":"https:\/\/retkilemi.fi\/index.php?rest_route=\/wp\/v2\/media\/4571"}],"wp:attachment":[{"href":"https:\/\/retkilemi.fi\/index.php?rest_route=%2Fwp%2Fv2%2Fmedia&parent=4570"}],"wp:term":[{"taxonomy":"product_brand","embeddable":true,"href":"https:\/\/retkilemi.fi\/index.php?rest_route=%2Fwp%2Fv2%2Fproduct_brand&post=4570"},{"taxonomy":"product_cat","embeddable":true,"href":"https:\/\/retkilemi.fi\/index.php?rest_route=%2Fwp%2Fv2%2Fproduct_cat&post=4570"},{"taxonomy":"product_tag","embeddable":true,"href":"https:\/\/retkilemi.fi\/index.php?rest_route=%2Fwp%2Fv2%2Fproduct_tag&post=4570"}],"curies":[{"name":"wp","href":"https:\/\/api.w.org\/{rel}","templated":true}]}}