{"id":4664,"date":"2026-01-06T20:27:09","date_gmt":"2026-01-06T18:27:09","guid":{"rendered":"https:\/\/retkilemi.fi\/?post_type=product&#038;p=4664"},"modified":"2026-01-06T20:32:30","modified_gmt":"2026-01-06T18:32:30","slug":"duvo-clipper-professional-trimmauskone","status":"publish","type":"product","link":"https:\/\/retkilemi.fi\/?product=duvo-clipper-professional-trimmauskone","title":{"rendered":"Duvo+ Clipper Professional Trimmauskone"},"content":{"rendered":"<p>Ammattimaiseen ja vaativaan harrastusk\u00e4ytt\u00f6\u00f6n soveltuva kest\u00e4v\u00e4, yksinopeuksinen trimmauskone tehokkaalla moottorilla. Ter\u00e4ksinen leikkuuter\u00e4 (leikkuusyvyys 1,5 mm) leikkaa erityyppiset turkit jouhevasti ja tasaisesti. Clipper Professional Trimmauskonetta voidaan k\u00e4ytt\u00e4\u00e4 joko johdottomasti tai johdon kanssa. Akku latautuu nopeasti ja kone toimii jopa 50 minuuttia yhdell\u00e4 latauksella. Professional Trimmauskone voidaan ladata p\u00f6yt\u00e4telakassaan tai suoraan johdon p\u00e4\u00e4ss\u00e4. Trimmauskoneen leikkuup\u00e4\u00e4 on helppo irrottaa puhdistusta varten. Koneen leikkuuleveys on 4,9 cm. Koneen muotoillusta rungosta saa hyv\u00e4n ja ergonomisen ty\u00f6skentelyotteen. Trimmauskoneen johdon pituus on 3 metri\u00e4.<\/p>\n<p>Trimmauskoneella on kahden (2) vuoden takuu. Takuu ei koske trimmauskoneen teri\u00e4, leikkuup\u00e4\u00e4t\u00e4, akkua eik\u00e4 akkupes\u00e4\u00e4.<\/p>\n<p><b>Pakkaukseen sis\u00e4ltyy:<\/b><br \/>\n&#8211; Trimmauskone ja ter\u00e4<br \/>\n&#8211; 4 leikkuukampaa<br \/>\n&#8211; Lataustelakka<br \/>\n&#8211; Puhdistusharja<br \/>\n&#8211; Ter\u00e4\u00f6ljy<br \/>\n&#8211; Suomenkieliset k\u00e4ytt\u00f6ohjeet<\/p>\n<p><b>Koko:<\/b>\u00a0Pituus 18 cm x leveys 4,6 cm x paksuus 4,2 cm<br \/>\n<b>Paino:<\/b>\u00a0302 g<br \/>\n<b>Teho:<\/b>\u00a010W<br \/>\n<b>Akku:<\/b>\u00a0Ni-Mh<\/p>\n","protected":false},"excerpt":{"rendered":"<p>Ammattimaiseen ja vaativaan harrastusk\u00e4ytt\u00f6\u00f6n<\/p>\n","protected":false},"featured_media":4665,"comment_status":"open","ping_status":"closed","template":"","meta":{"inline_featured_image":false},"product_brand":[],"product_cat":[519],"product_tag":[606,577],"class_list":{"0":"post-4664","1":"product","2":"type-product","3":"status-publish","4":"has-post-thumbnail","6":"product_cat-turkin-hoito","7":"product_tag-duvo","8":"product_tag-trimmauskone","10":"first","11":"instock","12":"sale","13":"taxable","14":"shipping-taxable","15":"purchasable","16":"product-type-simple"},"_links":{"self":[{"href":"https:\/\/retkilemi.fi\/index.php?rest_route=\/wp\/v2\/product\/4664","targetHints":{"allow":["GET"]}}],"collection":[{"href":"https:\/\/retkilemi.fi\/index.php?rest_route=\/wp\/v2\/product"}],"about":[{"href":"https:\/\/retkilemi.fi\/index.php?rest_route=\/wp\/v2\/types\/product"}],"replies":[{"embeddable":true,"href":"https:\/\/retkilemi.fi\/index.php?rest_route=%2Fwp%2Fv2%2Fcomments&post=4664"}],"wp:featuredmedia":[{"embeddable":true,"href":"https:\/\/retkilemi.fi\/index.php?rest_route=\/wp\/v2\/media\/4665"}],"wp:attachment":[{"href":"https:\/\/retkilemi.fi\/index.php?rest_route=%2Fwp%2Fv2%2Fmedia&parent=4664"}],"wp:term":[{"taxonomy":"product_brand","embeddable":true,"href":"https:\/\/retkilemi.fi\/index.php?rest_route=%2Fwp%2Fv2%2Fproduct_brand&post=4664"},{"taxonomy":"product_cat","embeddable":true,"href":"https:\/\/retkilemi.fi\/index.php?rest_route=%2Fwp%2Fv2%2Fproduct_cat&post=4664"},{"taxonomy":"product_tag","embeddable":true,"href":"https:\/\/retkilemi.fi\/index.php?rest_route=%2Fwp%2Fv2%2Fproduct_tag&post=4664"}],"curies":[{"name":"wp","href":"https:\/\/api.w.org\/{rel}","templated":true}]}}